{"id":983,"date":"2024-03-04T16:53:09","date_gmt":"2024-03-04T19:53:09","guid":{"rendered":"https:\/\/tixtools.com.ar\/inicio\/?page_id=983"},"modified":"2024-11-29T18:14:33","modified_gmt":"2024-11-29T21:14:33","slug":"texto-a-numero-en-excel","status":"publish","type":"page","link":"https:\/\/tixtools.com.ar\/inicio\/texto-a-numero-en-excel\/","title":{"rendered":"Texto a N\u00famero en Excel"},"content":{"rendered":"\n<p>Al exportar datos de tablas o reportes <strong>TIXTOOLS<\/strong> a <strong>Excel<\/strong>, a veces los valores num\u00e9ricos se almacenan como texto en la hoja de c\u00e1lculo. <\/p>\n\n\n\n<p>Aqu\u00ed un caso ejemplo:<\/p>\n\n\n<div class=\"wp-block-image\">\n<figure class=\"aligncenter size-full\"><img loading=\"lazy\" decoding=\"async\" width=\"491\" height=\"217\" src=\"https:\/\/tixtools.com.ar\/wp-content\/uploads\/2024\/03\/Excel-a-Numero-1.jpg\" alt=\"\" class=\"wp-image-984\" srcset=\"https:\/\/tixtools.com.ar\/wp-content\/uploads\/2024\/03\/Excel-a-Numero-1.jpg 491w, https:\/\/tixtools.com.ar\/wp-content\/uploads\/2024\/03\/Excel-a-Numero-1-300x133.jpg 300w\" sizes=\"(max-width: 491px) 100vw, 491px\" \/><\/figure><\/div>\n\n\n<p>La mayor\u00eda de las veces, <strong>Excel<\/strong> lo reconocer\u00e1 y aunque no logra corregirlo, mostrar\u00e1 una alerta junto a la celda en la que los n\u00fameros se almacenaron como texto. Si ve la alerta:&nbsp;<\/p>\n\n\n\n<ol>\n<li>Seleccione las celdas que desea convertir y, a continuaci\u00f3n, seleccione <img decoding=\"async\" src=\"https:\/\/support.content.office.net\/es-es\/media\/71035196-9a45-49cb-81b7-4b6a8091f948.png\" alt=\"prueba\">. Tenga presente que si selecciona un rango, la PRIMERA celda seleccionada debe presentar el error, o sea aparacer como texto; luego dentro del rango seleccionada puede haber celdas ya corregidas que el proceso no las va a afectar.<\/li>\n<\/ol>\n\n\n<div class=\"wp-block-image\">\n<figure class=\"aligncenter size-full\"><img loading=\"lazy\" decoding=\"async\" width=\"351\" height=\"237\" src=\"https:\/\/tixtools.com.ar\/wp-content\/uploads\/2024\/03\/Excel-a-Numero-2.jpg\" alt=\"\" class=\"wp-image-985\" srcset=\"https:\/\/tixtools.com.ar\/wp-content\/uploads\/2024\/03\/Excel-a-Numero-2.jpg 351w, https:\/\/tixtools.com.ar\/wp-content\/uploads\/2024\/03\/Excel-a-Numero-2-300x203.jpg 300w\" sizes=\"(max-width: 351px) 100vw, 351px\" \/><\/figure><\/div>\n\n\n<p>2. Seleccione <strong>Convertir en n\u00famero <\/strong>en el men\u00fa.<\/p>\n\n\n<div class=\"wp-block-image\">\n<figure class=\"aligncenter size-full\"><img loading=\"lazy\" decoding=\"async\" width=\"412\" height=\"276\" src=\"https:\/\/tixtools.com.ar\/wp-content\/uploads\/2024\/03\/Excel-a-Numero-3.jpg\" alt=\"\" class=\"wp-image-986\" srcset=\"https:\/\/tixtools.com.ar\/wp-content\/uploads\/2024\/03\/Excel-a-Numero-3.jpg 412w, https:\/\/tixtools.com.ar\/wp-content\/uploads\/2024\/03\/Excel-a-Numero-3-300x201.jpg 300w\" sizes=\"(max-width: 412px) 100vw, 412px\" \/><\/figure><\/div>\n\n\n<p>3. Ver\u00e1 los valores alineados a la derecha y la advertencia de tri\u00e1ngulo verde quitado.<\/p>\n\n\n<div class=\"wp-block-image\">\n<figure class=\"aligncenter size-full\"><img loading=\"lazy\" decoding=\"async\" width=\"115\" height=\"186\" src=\"https:\/\/tixtools.com.ar\/wp-content\/uploads\/2024\/03\/Excel-a-Numero-4.jpg\" alt=\"\" class=\"wp-image-987\"\/><\/figure><\/div>\n\n\n<p><strong>Notas:&nbsp;<\/strong><\/p>\n\n\n\n<p>Si el bot\u00f3n de alerta no est\u00e1 disponible, puede habilitar las alertas de error siguiendo estos pasos:<\/p>\n\n\n\n<ol>\n<li>En el men\u00fa Excel, haga clic en <strong>Preferencias<\/strong>.<\/li>\n\n\n\n<li>En F\u00f3rmulas y Listas, haga clic en <strong>Comprobaci\u00f3n<\/strong> de errores <img decoding=\"async\" src=\"https:\/\/support.content.office.net\/es-es\/media\/4caa23b2-6d63-4e37-bc81-8437c8546107.png\" alt=\"S\u00edmbolo de comprobaci\u00f3n de errores en Excel.\">y active la casilla <strong>Habilitar la comprobaci\u00f3n de errores en segundo plano<\/strong>.<\/li>\n<\/ol>\n","protected":false},"excerpt":{"rendered":"<p>Al exportar datos de tablas o reportes TIXTOOLS a Excel, a veces los valores num\u00e9ricos se almacenan como texto en la hoja de c\u00e1lculo. Aqu\u00ed un caso ejemplo: La mayor\u00eda&hellip;<\/p>\n","protected":false},"author":1,"featured_media":0,"parent":0,"menu_order":0,"comment_status":"closed","ping_status":"closed","template":"","meta":{"sfsi_plus_gutenberg_text_before_share":"","sfsi_plus_gutenberg_show_text_before_share":"","sfsi_plus_gutenberg_icon_type":"","sfsi_plus_gutenberg_icon_alignemt":"","sfsi_plus_gutenburg_max_per_row":"","footnotes":""},"_links":{"self":[{"href":"https:\/\/tixtools.com.ar\/inicio\/wp-json\/wp\/v2\/pages\/983"}],"collection":[{"href":"https:\/\/tixtools.com.ar\/inicio\/wp-json\/wp\/v2\/pages"}],"about":[{"href":"https:\/\/tixtools.com.ar\/inicio\/wp-json\/wp\/v2\/types\/page"}],"author":[{"embeddable":true,"href":"https:\/\/tixtools.com.ar\/inicio\/wp-json\/wp\/v2\/users\/1"}],"replies":[{"embeddable":true,"href":"https:\/\/tixtools.com.ar\/inicio\/wp-json\/wp\/v2\/comments?post=983"}],"version-history":[{"count":2,"href":"https:\/\/tixtools.com.ar\/inicio\/wp-json\/wp\/v2\/pages\/983\/revisions"}],"predecessor-version":[{"id":1304,"href":"https:\/\/tixtools.com.ar\/inicio\/wp-json\/wp\/v2\/pages\/983\/revisions\/1304"}],"wp:attachment":[{"href":"https:\/\/tixtools.com.ar\/inicio\/wp-json\/wp\/v2\/media?parent=983"}],"curies":[{"name":"wp","href":"https:\/\/api.w.org\/{rel}","templated":true}]}}