{"id":844,"date":"2022-12-31T18:32:27","date_gmt":"2022-12-31T21:32:27","guid":{"rendered":"https:\/\/newsite.tixtools.com.ar\/inicio\/?page_id=844"},"modified":"2022-12-31T18:32:27","modified_gmt":"2022-12-31T21:32:27","slug":"faq-preguntas-frecuentes","status":"publish","type":"page","link":"https:\/\/tixtools.com.ar\/inicio\/faq-preguntas-frecuentes\/","title":{"rendered":"FAQ &#8211; Preguntas Frecuentes"},"content":{"rendered":"<div ><style>#sp-ea-846 .spcollapsing { height: 0; overflow: hidden; transition-property: height;transition-duration: 300ms;}#sp-ea-846.sp-easy-accordion>.sp-ea-single {border: 1px solid #e2e2e2; }#sp-ea-846.sp-easy-accordion>.sp-ea-single>.ea-header a {color: #444;}#sp-ea-846.sp-easy-accordion>.sp-ea-single>.sp-collapse>.ea-body {background: #deefee; color: #444;}#sp-ea-846.sp-easy-accordion>.sp-ea-single {background: #58e2b4;}#sp-ea-846.sp-easy-accordion>.sp-ea-single>.ea-header a .ea-expand-icon.fa { float: left; color: #444;font-size: 16px;}<\/style><div id=\"sp-ea-846\" class=\"sp-ea-one sp-easy-accordion\" data-ex-icon=\"fa-minus\" data-col-icon=\"fa-plus\"  data-ea-active=\"ea-click\"  data-ea-mode=\"vertical\" data-preloader=\"\" data-scroll-active-item=\"1\" data-offset-to-scroll=\"0\"><div class=\"ea-card  sp-ea-single\"><h3 class=\"ea-header\"><a class=\"collapsed\" data-sptoggle=\"spcollapse\" data-sptarget=#collapse8460 href=\"javascript:void(0)\"  aria-expanded=\"false\"><i class=\"ea-expand-icon fa fa-plus\"><\/i> \u00bf Cu\u00e1les Aplicaciones ya Existen Predise\u00f1adas ?<\/a><\/h3><div class=\"sp-collapse spcollapse spcollapse\" id=\"collapse8460\" ><div class=\"ea-body\"><div id=\"elementor-tab-content-7581\" class=\"elementor-tab-content elementor-clearfix elementor-active\" role=\"tabpanel\" data-tab=\"1\" aria-labelledby=\"elementor-tab-title-7581\">\n<p class=\"Textos\">Las Aplicaciones tiXtools son<strong>\u00a0paquetes de software predise\u00f1ados<\/strong>,\u00a0<strong>plenamente funcionales apenas instalados<\/strong>, orientados a resolver alguna cuesti\u00f3n espec\u00edfica de la\u00a0<strong>gesti\u00f3n empresaria o industrial<\/strong>.<\/p>\n<p class=\"Textos\">Todas ellas est\u00e1n montadas sobre\u00a0<strong>V.A.M.S. tiXtools<\/strong>, compartiendo la base de datos e informaci\u00f3n y con ampl\u00edsimas\u00a0<strong>posibilidades de re-configuraci\u00f3n ampliaci\u00f3n y adecuaci\u00f3n\u00a0<\/strong>a necesidades espec\u00edficas,\u00a0<strong>muchas veces por el propio usuario<\/strong>.<\/p>\n<\/div>\n<\/div><\/div><\/div><div class=\"ea-card  sp-ea-single\"><h3 class=\"ea-header\"><a class=\"collapsed\" data-sptoggle=\"spcollapse\" data-sptarget=#collapse8461 href=\"javascript:void(0)\"  aria-expanded=\"false\"><i class=\"ea-expand-icon fa fa-plus\"><\/i>  \u00bf Qu\u00e9 Entregables Recibo con Cada Licencia ?<\/a><\/h3><div class=\"sp-collapse spcollapse spcollapse\" id=\"collapse8461\" ><div class=\"ea-body\"><p>Si bien las licencias constituyen tan solo permisos de utilizaci\u00f3n bajo condiciones convenidas, cada licenciatario tiXtools recibe copias no exclusivas de los productos de software que se detallan m\u00e1s abajo , sobre medio magn\u00e9tico, optico o similar, o indistintamente instalado directamente sobre su(s) computador(es) bajados de la web, a nuestra opci\u00f3n.<\/p>\n<p>La confecci\u00f3n de copias de seguridad en respaldo de los productos de software suministrados es exclusiva responsabilidad del licenciatario, sin l\u00edmites, con expresa prohibici\u00f3n de facilitarlos a terceros en cualquier forma.<\/p>\n<p>El servidor virtual de aplicaciones tiXtool y sus productos asociados no tienen programas fuentes en el sentido convencional del t\u00e9rmino; su operaci\u00f3n consiste en interpretar y ejecutar comandos contenidos en archivos denominados \u2018Controladores de Proceso\u2019, y a trav\u00e9s de Bibliotecas Din\u00e1micas de Enlaces (DLL\u2019s) desarrolladas por tixtools o terceros indistintamente. Asimismo se requieren productos de terceros seg\u00fan se detalla en el cap\u00edtulo \u2018Plataforma\u2019, siendo que el licenciamiento de tales productos, en caso de corresponder, no est\u00e1 comprendido en el de la aplicaci\u00f3n tiXtools.<\/p>\n<p>Para las licencias Runtime el suministro comprende:<\/p>\n<ul>\n<li>La aplicaci\u00f3n ejecutable principal Exp_Main.exe o Tix_Main.exe indistintamente, junto con sus controladores asociados.<\/li>\n<li>La aplicaci\u00f3n ejecutable tiX_Dwnl.exe para bajadas autom\u00e1ticas de actualizaciones de la web.<\/li>\n<li>El m\u00f3dulo ejecutable Ejecutor de Reportes TixGREP.exe junto con sus controladores asociados y las extensiones .DLL requeridas para su ejecuci\u00f3n.<\/li>\n<li>El juego completo de Bibliotecas Din\u00e1micas .DLL, con sus controladores asociados, en formato objeto, libremente utilizables en otras aplicaciones, sin incluir documentaci\u00f3n de referencia alguna.<\/li>\n<li>Los controladores de proceso correspondientes a las aplicaciones de configuraci\u00f3n, en formato editable por procesadores de texto bajo responsabilidad del licenciatario.<\/li>\n<li>El diccionario correspondiente a la estructura de base de datos y tablas maestras generales para todas las aplicaciones, en formato texto importable por las herramientas tiXtools<\/li>\n<\/ul>\n<p>Para la licencia Server (se requiere una por cada instalaci\u00f3n LAN) se agregan:<\/p>\n<ul>\n<li>M\u00f3dulo ejecutable de Administraci\u00f3n y Configuraci\u00f3n General Exp_Cnfg.exe o Tix_Cnfg.exe indistintamente, junto con sus controladores asociados.<\/li>\n<\/ul>\n<p>A su vez el Implementador suministrar\u00e1, bajo condiciones comerciales que pueden ser libremente convenidas con este:<\/p>\n<ul>\n<li>Los controladores de proceso correspondientes a pantallas y formularios din\u00e1micos bajo la forma de archivos .SQR, leibles por procesadores de texto .<\/li>\n<li>Los controladores de proceso correspondientes a reportes bajo la forma de archivos .SQF, leibles por procesadores de texto.<\/li>\n<li>Los scripts incrustados eventualmente desarrollados por el implementador, con o sin los correspondientes c\u00f3digos fuentes seg\u00fan se convenga libremente entre licenciatario e implementador.<\/li>\n<\/ul>\n<\/div><\/div><\/div><\/div><\/div>","protected":false},"excerpt":{"rendered":"","protected":false},"author":1,"featured_media":0,"parent":0,"menu_order":0,"comment_status":"closed","ping_status":"closed","template":"","meta":{"sfsi_plus_gutenberg_text_before_share":"","sfsi_plus_gutenberg_show_text_before_share":"","sfsi_plus_gutenberg_icon_type":"","sfsi_plus_gutenberg_icon_alignemt":"","sfsi_plus_gutenburg_max_per_row":"","footnotes":""},"_links":{"self":[{"href":"https:\/\/tixtools.com.ar\/inicio\/wp-json\/wp\/v2\/pages\/844"}],"collection":[{"href":"https:\/\/tixtools.com.ar\/inicio\/wp-json\/wp\/v2\/pages"}],"about":[{"href":"https:\/\/tixtools.com.ar\/inicio\/wp-json\/wp\/v2\/types\/page"}],"author":[{"embeddable":true,"href":"https:\/\/tixtools.com.ar\/inicio\/wp-json\/wp\/v2\/users\/1"}],"replies":[{"embeddable":true,"href":"https:\/\/tixtools.com.ar\/inicio\/wp-json\/wp\/v2\/comments?post=844"}],"version-history":[{"count":3,"href":"https:\/\/tixtools.com.ar\/inicio\/wp-json\/wp\/v2\/pages\/844\/revisions"}],"predecessor-version":[{"id":849,"href":"https:\/\/tixtools.com.ar\/inicio\/wp-json\/wp\/v2\/pages\/844\/revisions\/849"}],"wp:attachment":[{"href":"https:\/\/tixtools.com.ar\/inicio\/wp-json\/wp\/v2\/media?parent=844"}],"curies":[{"name":"wp","href":"https:\/\/api.w.org\/{rel}","templated":true}]}}