{"id":802,"date":"2022-12-31T11:01:42","date_gmt":"2022-12-31T14:01:42","guid":{"rendered":"https:\/\/newsite.tixtools.com.ar\/inicio\/?page_id=802"},"modified":"2022-12-31T11:58:17","modified_gmt":"2022-12-31T14:58:17","slug":"complementos-y-utilitarios","status":"publish","type":"page","link":"https:\/\/tixtools.com.ar\/inicio\/complementos-y-utilitarios\/","title":{"rendered":"Complementos y Utilitarios"},"content":{"rendered":"\n<p>En esta secci\u00f3n encontrar\u00e1 accesos (links)que le permitir\u00e1n \u2018bajar\u2019&nbsp;<strong>aplicaciones y componentes de software complementarios<\/strong>&nbsp;de tiXtools o&nbsp;<strong>eventualmente requeridos<\/strong>&nbsp;para el correcto funcionamiento de este.<\/p>\n\n\n\n<p><strong>tiXtools<\/strong> deja&nbsp;<strong>expresa constancia de que<\/strong>:<\/p>\n\n\n\n<ol>\n<li>Los aqu\u00ed detallados&nbsp;<strong>NO integran el suministro y alcance licenciados por tiXtools<\/strong>. En caso de ser objeto de licenciamiento, es&nbsp;<strong>responsabilidad del usuario contratar las correspondientes licencias<\/strong>&nbsp;de los titulares originales.<\/li>\n\n\n\n<li><strong>tiXtools<\/strong>&nbsp;<strong>declina toda responsabilidad respecto del correcto funcionamiento<\/strong>&nbsp;de estos componentes, no asumiendo&nbsp;<strong>ning\u00fan tipo de garant\u00eda sea esta expl\u00edcita o impl\u00edcita&nbsp;<\/strong>respecto de los mismos.<\/li>\n\n\n\n<li><strong>tiXtools<\/strong>&nbsp;<strong>recomienda fuertemente mantener activos los antivirus antes de efectuar la bajada<\/strong>.<\/li>\n<\/ol>\n\n\n\n<p>A todo efecto y&nbsp;<strong>a\u00fan en caso de tratarse de componentes requeridos para el funcionamiento de tiXtools,<\/strong>&nbsp;<strong>el usuario es libre de bajarlos de otros sitios a su elecci\u00f3n<\/strong>. Los que aqu\u00ed se presentan son&nbsp;<strong>al solo efecto de ofrecer uno m\u00e1s entre diversos or\u00edgenes alternativos posibles.<\/strong><\/p>\n\n\n\n<div class=\"wp-block-columns is-layout-flex wp-container-core-columns-layout-1 wp-block-columns-is-layout-flex\">\n<div class=\"wp-block-column is-layout-flow wp-block-column-is-layout-flow\" style=\"flex-basis:33.33%\">\n<figure class=\"wp-block-image size-full\"><a href=\"https:\/\/www.pdfforge.org\/pdfcreator\"><img loading=\"lazy\" decoding=\"async\" width=\"205\" height=\"215\" src=\"https:\/\/newsite.tixtools.com.ar\/wp-content\/uploads\/2022\/12\/PDF-Creator.png\" alt=\"\" class=\"wp-image-805\"\/><\/a><\/figure>\n<\/div>\n\n\n\n<div class=\"wp-block-column is-layout-flow wp-block-column-is-layout-flow\" style=\"flex-basis:66.66%\">\n<p>Recomendado para el funcionamiento de los <strong>Sistemas de Gestion Documentaria y Calidad<\/strong>, permite la bajada e instalaci\u00f3n de PDFCreator para la <strong>publicacion automatizada de documentos<\/strong> generados por X-GesDoc. <\/p>\n\n\n\n<p>Se deja expresa constancia de que <strong>PDFCreator no integra el suministro licenciado de TIXTOOLS y X-GesDoc<\/strong> y es unicamente una entre muchas alternativas disponibles para la publicaci\u00f3n de los documentos gestionados por <strong>X-GesDoc<\/strong> al formato de solo lectura PDF.<\/p>\n<\/div>\n<\/div>\n\n\n\n<hr class=\"wp-block-separator has-alpha-channel-opacity\"\/>\n\n\n\n<div class=\"wp-block-columns is-layout-flex wp-container-core-columns-layout-2 wp-block-columns-is-layout-flex\">\n<div class=\"wp-block-column is-layout-flow wp-block-column-is-layout-flow\" style=\"flex-basis:33.33%\">\n<figure class=\"wp-block-image size-full\"><a href=\"https:\/\/www.microsoft.com\/es-ar\/download\/details.aspx?id=30438\"><img loading=\"lazy\" decoding=\"async\" width=\"205\" height=\"215\" src=\"https:\/\/newsite.tixtools.com.ar\/wp-content\/uploads\/2022\/12\/SQL-Server-Express.png\" alt=\"\" class=\"wp-image-806\"\/><\/a><\/figure>\n<\/div>\n\n\n\n<div class=\"wp-block-column is-layout-flow wp-block-column-is-layout-flow\" style=\"flex-basis:66.66%\">\n<p>Instala un motor de base de datos SQL Server sobre el que puede hacerse correr <strong>tiXtools<\/strong> con algunas limitaciones de <strong>volumen de informaci\u00f3n y cantidad de accesos concurrentes<\/strong>. <\/p>\n\n\n\n<p>A la fecha SQL Express admite bases de datos de hasta <strong>10 Gbytes<\/strong> y hasta <strong>6 accesos<\/strong> concurrentes simultaneos. Para mayor volumen de informaci\u00f3n o cantidad de accesos concurrentes simultaneos debe pasar a la versi\u00f3n de pago o bien migrar a <strong>otro motor de base de datos gratuito<\/strong> (p.ej. MySQL) con cargo de migraci\u00f3n. <\/p>\n\n\n\n<p>Puede comenzar con la versi\u00f3n Express (que hasta el 31\/DIC\/2022 es gratuita) y migrar a otra versi\u00f3n cuando le &#8216;quede chica&#8217;.<\/p>\n<\/div>\n<\/div>\n\n\n\n<hr class=\"wp-block-separator has-alpha-channel-opacity\"\/>\n\n\n\n<div class=\"wp-block-columns is-layout-flex wp-container-core-columns-layout-3 wp-block-columns-is-layout-flex\">\n<div class=\"wp-block-column is-layout-flow wp-block-column-is-layout-flow\" style=\"flex-basis:33.33%\">\n<figure class=\"wp-block-image size-full\"><a href=\"https:\/\/dev.mysql.com\/downloads\/connector\/odbc\/3.51.html\"><img loading=\"lazy\" decoding=\"async\" width=\"205\" height=\"215\" src=\"https:\/\/newsite.tixtools.com.ar\/wp-content\/uploads\/2022\/12\/MySQL-ODBC-Connector.png\" alt=\"\" class=\"wp-image-809\"\/><\/a><\/figure>\n<\/div>\n\n\n\n<div class=\"wp-block-column is-layout-flow wp-block-column-is-layout-flow\" style=\"flex-basis:66.66%\">\n<p>Instala el conector ODBC que permite conectarse con una <strong>base de datos MySQL<\/strong>, tanto local como remota, permitiendo ejecutar <strong>tiXtools <\/strong>sobre la misma. <\/p>\n\n\n\n<p>Al instalar debe elegir la versi\u00f3n correspondiente al <strong>sistema operativo de cada estaci\u00f3n de trabajo<\/strong>. <\/p>\n\n\n\n<p>En caso de conexion a una base de datos remota requiere <strong>conexi\u00f3n permanente a Internet<\/strong> y la performance y velocidad depender\u00e1 significativamente de la calidad y velocidad de la conexi\u00f3n.<\/p>\n\n\n\n<p>Utilizando BD remota (en la nube)<strong> tiXtools<\/strong> no responde por fallos o corrupci\u00f3n de datos causados por <strong>conexiones inestables o intermitentes<\/strong>.<\/p>\n<\/div>\n<\/div>\n\n\n\n<hr class=\"wp-block-separator has-alpha-channel-opacity\"\/>\n\n\n\n<div class=\"wp-block-columns is-layout-flex wp-container-core-columns-layout-4 wp-block-columns-is-layout-flex\">\n<div class=\"wp-block-column is-layout-flow wp-block-column-is-layout-flow\" style=\"flex-basis:33.33%\">\n<figure class=\"wp-block-image size-full\"><a href=\"https:\/\/anydesk.com\/es\/downloads\/windows\"><img loading=\"lazy\" decoding=\"async\" width=\"205\" height=\"215\" src=\"https:\/\/newsite.tixtools.com.ar\/wp-content\/uploads\/2022\/12\/AnyDesk.png\" alt=\"\" class=\"wp-image-815\"\/><\/a><\/figure>\n<\/div>\n\n\n\n<div class=\"wp-block-column is-layout-flow wp-block-column-is-layout-flow\" style=\"flex-basis:66.66%\">\n<p>Es un utilitario que permite conectarse remotamente a otro computador, con seguridades basadas en sistema de n\u00famero identificador y aceptaci\u00f3n expl\u00f3cita por el cliente o destinatario.<\/p>\n\n\n\n<p>Una vez aceptada la conexion, el conectado puede tomar control de la ejecuci\u00f3n, compartir pantallas y transferir archivos (solo version de pago). <\/p>\n\n\n\n<p>El soporte tiXtools suele utilizarlo como herramienta en caso de requerirsele alguna intervenci\u00f3n de control remoto o cuando el cliente quiere &#8216;mostrar&#8217; su consulta.<\/p>\n<\/div>\n<\/div>\n\n\n\n<hr class=\"wp-block-separator has-alpha-channel-opacity\"\/>\n","protected":false},"excerpt":{"rendered":"<p>En esta secci\u00f3n encontrar\u00e1 accesos (links)que le permitir\u00e1n \u2018bajar\u2019&nbsp;aplicaciones y componentes de software complementarios&nbsp;de tiXtools o&nbsp;eventualmente requeridos&nbsp;para el correcto funcionamiento de este. tiXtools deja&nbsp;expresa constancia de que: A todo efecto&hellip;<\/p>\n","protected":false},"author":1,"featured_media":0,"parent":0,"menu_order":0,"comment_status":"closed","ping_status":"closed","template":"","meta":{"sfsi_plus_gutenberg_text_before_share":"","sfsi_plus_gutenberg_show_text_before_share":"","sfsi_plus_gutenberg_icon_type":"","sfsi_plus_gutenberg_icon_alignemt":"","sfsi_plus_gutenburg_max_per_row":"","footnotes":""},"_links":{"self":[{"href":"https:\/\/tixtools.com.ar\/inicio\/wp-json\/wp\/v2\/pages\/802"}],"collection":[{"href":"https:\/\/tixtools.com.ar\/inicio\/wp-json\/wp\/v2\/pages"}],"about":[{"href":"https:\/\/tixtools.com.ar\/inicio\/wp-json\/wp\/v2\/types\/page"}],"author":[{"embeddable":true,"href":"https:\/\/tixtools.com.ar\/inicio\/wp-json\/wp\/v2\/users\/1"}],"replies":[{"embeddable":true,"href":"https:\/\/tixtools.com.ar\/inicio\/wp-json\/wp\/v2\/comments?post=802"}],"version-history":[{"count":7,"href":"https:\/\/tixtools.com.ar\/inicio\/wp-json\/wp\/v2\/pages\/802\/revisions"}],"predecessor-version":[{"id":818,"href":"https:\/\/tixtools.com.ar\/inicio\/wp-json\/wp\/v2\/pages\/802\/revisions\/818"}],"wp:attachment":[{"href":"https:\/\/tixtools.com.ar\/inicio\/wp-json\/wp\/v2\/media?parent=802"}],"curies":[{"name":"wp","href":"https:\/\/api.w.org\/{rel}","templated":true}]}}