{"id":560,"date":"2022-09-14T11:42:34","date_gmt":"2022-09-14T14:42:34","guid":{"rendered":"https:\/\/newsite.tixtools.com.ar\/inicio\/?page_id=560"},"modified":"2022-09-14T11:42:34","modified_gmt":"2022-09-14T14:42:34","slug":"delegar-administracion-de-certificados-digitales","status":"publish","type":"page","link":"https:\/\/tixtools.com.ar\/inicio\/delegar-administracion-de-certificados-digitales\/","title":{"rendered":"Delegar Administracion de Certificados Digitales"},"content":{"rendered":"\n<div class=\"wp-block-columns is-layout-flex wp-container-core-columns-layout-1 wp-block-columns-is-layout-flex\">\n<div class=\"wp-block-column is-layout-flow wp-block-column-is-layout-flow\">\n<p>La presente secuencia detalla el procedimiento de delegaci\u00f3n de certificados digitales para poder implementar la facturaci\u00f3n electr\u00f3nica por WEB Services en los sistemas TIXTOOLS.<\/p>\n\n\n\n<p>Debe realizarlo <strong>el representante de la empresa frente a AFIP<\/strong>, con <strong>clave fiscal de nivel 3.<\/strong><\/p>\n\n\n\n<p><strong>Pasos a seguir:<\/strong><\/p>\n\n\n\n<p>a) Desde el navegador de su preferencia ingresar a <a href=\"http:\/\/www.afip.gob.ar\/\"><strong>www.afip.gob.ar<\/strong><\/a> con n\u00famero de <strong>CUIT de la empresa<\/strong> y <strong>clave. <\/strong>Debe poseer clave fiscal de nivel 3 \u2026 caso contrario deber\u00e1 tramitarla presencialmente en su agencia AFIP.<\/p>\n\n\n\n<p>b) Ingresar a <strong>Administraci\u00f3n de Relaciones de Clave Fiscal<\/strong><\/p>\n\n\n\n<p>c) Click sobre <strong>&#8216;Nueva Relaci\u00f3n&#8217;<\/strong>.<\/p>\n\n\n\n<p><a><\/a> d) Click sobre el bot\u00f3n <strong>&#8216;Buscar&#8217; <\/strong>junto a &#8216;Presione Buscar para seleccionar el servicio&#8217;.<\/p>\n\n\n\n<p>e) Click sobre bot\u00f3n <strong>&#8216;AFIP&#8217;<\/strong> \u2192 Click sobre <strong>&#8216;Servicios Interactivos&#8217;<\/strong><\/p>\n\n\n\n<p>e) Buscar en las lista <strong>&#8216;Administracion de Certificados Digitales&#8217; <\/strong>(Suele estar ordenado alfab\u00e9ticamente). <strong>Click sobre el rengl\u00f3n.<\/strong><\/p>\n\n\n\n<p><a><\/a> f) Click sobre el bot\u00f3n <strong>&#8216;Buscar&#8217;<\/strong> junto a &#8216;Presione Buscar para seleccionar el Representante&#8217;.<\/p>\n\n\n\n<p>g) Ingrese el CUIT del representante elegido en el casillero indicado. Para delegar en <strong>TIXTOOLS<\/strong> el CUIT a ingresar es <strong>23109234559.<\/strong><\/p>\n\n\n\n<p>h) Click sobre bot\u00f3n <strong>&#8216;Buscar&#8217;<\/strong>. Aparece el nombre del representante. Si el representante elegido es <strong>TIXTOOLS<\/strong> aparecer\u00e1 <strong>BAUER ERNESTO PABLO [clave Fiscal Nivel 3]<\/strong><\/p>\n\n\n\n<p>i) Click sobre bot\u00f3n <strong>&#8216;Confirmar&#8217;<\/strong> y nuevamente sobre el bot\u00f3n <strong>&#8216;Confirmar&#8217;<\/strong><\/p>\n\n\n\n<p>i) Si la autorizaci\u00f3n \/ delegaci\u00f3n es <strong>pre-existente<\/strong> aparecer\u00e1 mensaje de advertencia correspondiente; caso contrario aparece <strong>mensaje de confirmaci\u00f3n<\/strong>.<\/p>\n\n\n\n<p>k) <strong>Imprimir constancia<\/strong> y guardarla como <strong>PDF<\/strong><\/p>\n\n\n\n<p>l) <strong>Muy importante: <\/strong>Enviar constancia en PDF por mail a <a href=\"mailto:soporte@tixtools.com.ar\">soporte@tixtools.com.ar<\/a> a fin de poder realizar <strong>la aceptaci\u00f3n de la delegaci\u00f3n<\/strong> y proceder.<\/p>\n\n\n\n<p>m) Cerrar todo y salir<\/p>\n\n\n\n<p><strong>M\u00e1s informaci\u00f3n (vigente al 14-9-2022) en:<\/strong><\/p>\n\n\n\n<p><a href=\"https:\/\/www.afip.gob.ar\/ws\/WSAA\/ADMINREL.DelegarWS.pdf\">https:\/\/www.afip.gob.ar\/ws\/WSAA\/ADMINREL.DelegarWS.pdf<\/a><\/p>\n<\/div>\n<\/div>\n","protected":false},"excerpt":{"rendered":"<p>La presente secuencia detalla el procedimiento de delegaci\u00f3n de certificados digitales para poder implementar la facturaci\u00f3n electr\u00f3nica por WEB Services en los sistemas TIXTOOLS. Debe realizarlo el representante de la&hellip;<\/p>\n","protected":false},"author":1,"featured_media":0,"parent":0,"menu_order":0,"comment_status":"closed","ping_status":"closed","template":"","meta":{"sfsi_plus_gutenberg_text_before_share":"","sfsi_plus_gutenberg_show_text_before_share":"","sfsi_plus_gutenberg_icon_type":"","sfsi_plus_gutenberg_icon_alignemt":"","sfsi_plus_gutenburg_max_per_row":"","footnotes":""},"_links":{"self":[{"href":"https:\/\/tixtools.com.ar\/inicio\/wp-json\/wp\/v2\/pages\/560"}],"collection":[{"href":"https:\/\/tixtools.com.ar\/inicio\/wp-json\/wp\/v2\/pages"}],"about":[{"href":"https:\/\/tixtools.com.ar\/inicio\/wp-json\/wp\/v2\/types\/page"}],"author":[{"embeddable":true,"href":"https:\/\/tixtools.com.ar\/inicio\/wp-json\/wp\/v2\/users\/1"}],"replies":[{"embeddable":true,"href":"https:\/\/tixtools.com.ar\/inicio\/wp-json\/wp\/v2\/comments?post=560"}],"version-history":[{"count":2,"href":"https:\/\/tixtools.com.ar\/inicio\/wp-json\/wp\/v2\/pages\/560\/revisions"}],"predecessor-version":[{"id":562,"href":"https:\/\/tixtools.com.ar\/inicio\/wp-json\/wp\/v2\/pages\/560\/revisions\/562"}],"wp:attachment":[{"href":"https:\/\/tixtools.com.ar\/inicio\/wp-json\/wp\/v2\/media?parent=560"}],"curies":[{"name":"wp","href":"https:\/\/api.w.org\/{rel}","templated":true}]}}