{"id":551,"date":"2022-09-14T10:49:26","date_gmt":"2022-09-14T13:49:26","guid":{"rendered":"https:\/\/newsite.tixtools.com.ar\/inicio\/?page_id=551"},"modified":"2022-09-14T10:59:04","modified_gmt":"2022-09-14T13:59:04","slug":"nuevo-punto-de-venta-facturacion-electronica","status":"publish","type":"page","link":"https:\/\/tixtools.com.ar\/inicio\/nuevo-punto-de-venta-facturacion-electronica\/","title":{"rendered":"Nuevo Punto de Venta Facturacion Electronica"},"content":{"rendered":"\n<div class=\"wp-block-columns is-layout-flex wp-container-core-columns-layout-2 wp-block-columns-is-layout-flex\">\n<div class=\"wp-block-column is-layout-flow wp-block-column-is-layout-flow\">\n<div class=\"wp-block-columns is-layout-flex wp-container-core-columns-layout-1 wp-block-columns-is-layout-flex\">\n<div class=\"wp-block-column is-layout-flow wp-block-column-is-layout-flow\">\n<p>La presente secuencia detalla la creaci\u00f3n de nuevos puntos de venta para facturaci\u00f3n electr\u00f3nica por WEB Services en los sistemas TIXTOOLS.<\/p>\n\n\n\n<p>Debe realizarlo <strong>el representante de la empresa frente a AFIP<\/strong>, con <strong>clave fiscal de nivel 3. <\/strong>Esta operaci\u00f3n<strong> no es delegable.<\/strong><\/p>\n\n\n\n<p><strong>Pasos a seguir:<\/strong><\/p>\n\n\n\n<p>a) Desde el navegador de su preferencia ingresar a <strong><a href=\"http:\/\/www.afip.gob.ar\/\">www.afip.gob.ar<\/a> <\/strong>con n\u00famero de <strong>CUIT de la empresa<\/strong> y <strong>contrase\u00f1a. <\/strong>Debe poseer clave fiscal de nivel 3 \u2026 caso contrario deber\u00e1 tramitarla presencialmente en su agencia AFIP.<\/p>\n\n\n\n<p>b) Ingresar a <strong>Administraci\u00f3n de Puntos de Venta y Domicilios<\/strong><\/p>\n\n\n\n<p>c) Seleccionar <strong>la propia empresa<\/strong> (o su CUIT) del desplegable<\/p>\n\n\n\n<p>d) Seleccionar A-B-M de puntos de venta<\/p>\n\n\n\n<p>e) Verificar la lista de los puntos de venta registrados. Caso de que en alguno de estos figure <strong>Sistema = Factura Electronica Web Services y est\u00e9 Activo<\/strong>, puede utilizarlo para la facturaci\u00f3n electr\u00f3nica por TIXTOOLS. En este caso reg\u00edstrelo en una anotaci\u00f3n y haga click sobre &#8216;Volver&#8217; y &#8216;Salir&#8217;.<\/p>\n\n\n\n<p>f) Caso contrario (o que quiera <strong>utilizar un nuevo punto de venta diferente<\/strong> haga click sobre \u2018Agregar\u2019<\/p>\n\n\n\n<p>g) Ingrese en: <\/p>\n\n\n\n<ul><li>N\u00famero = <em>{el siguiente libre}<\/em><\/li><li>Nombre de Fantas\u00eda = {su elecci\u00f3n, p.ej. Facturacion Web Service Nacional}<\/li><li>Dominio Asociado = {dejar vac\u00edo}<\/li><li><strong>Sistema<\/strong> = {del desplegable seleccionar <strong>&#8216;Factura Electr\u00f3nica \u2013 Web Services&#8217;<\/strong>}<\/li><li>Nuevo Domicilio = {Seleccionar del desplegable o confirmar el presentado}<\/li><\/ul>\n\n\n\n<p>h) Clic sobre \u2018Aceptar\u2019<\/p>\n\n\n\n<p>i) Aparece mensaje <strong>&#8216;Punto de venta \/ emisi\u00f3n dado de alta satisfactoriamente&#8217;<\/strong>.<\/p>\n\n\n\n<p>j) <strong>Imprimir constancia<\/strong> o guardarla como PDF<\/p>\n\n\n\n<p>k) Cerrar todo y salir<\/p>\n\n\n\n<div style=\"height:26px\" aria-hidden=\"true\" class=\"wp-block-spacer\"><\/div>\n\n\n\n<p><strong>M\u00e1s informaci\u00f3n (vigente al 14-9-2022) en:<\/strong><\/p>\n\n\n\n<p><a href=\"https:\/\/serviciosweb.afip.gob.ar\/genericos\/guiasPasoPaso\/VerGuia.aspx?id=135\">https:\/\/serviciosweb.afip.gob.ar\/genericos\/guiasPasoPaso\/VerGuia.aspx?id=135<\/a><\/p>\n<\/div>\n<\/div>\n<\/div>\n<\/div>\n","protected":false},"excerpt":{"rendered":"<p>La presente secuencia detalla la creaci\u00f3n de nuevos puntos de venta para facturaci\u00f3n electr\u00f3nica por WEB Services en los sistemas TIXTOOLS. Debe realizarlo el representante de la empresa frente a&hellip;<\/p>\n","protected":false},"author":1,"featured_media":0,"parent":0,"menu_order":0,"comment_status":"closed","ping_status":"closed","template":"","meta":{"sfsi_plus_gutenberg_text_before_share":"","sfsi_plus_gutenberg_show_text_before_share":"","sfsi_plus_gutenberg_icon_type":"","sfsi_plus_gutenberg_icon_alignemt":"","sfsi_plus_gutenburg_max_per_row":"","footnotes":""},"_links":{"self":[{"href":"https:\/\/tixtools.com.ar\/inicio\/wp-json\/wp\/v2\/pages\/551"}],"collection":[{"href":"https:\/\/tixtools.com.ar\/inicio\/wp-json\/wp\/v2\/pages"}],"about":[{"href":"https:\/\/tixtools.com.ar\/inicio\/wp-json\/wp\/v2\/types\/page"}],"author":[{"embeddable":true,"href":"https:\/\/tixtools.com.ar\/inicio\/wp-json\/wp\/v2\/users\/1"}],"replies":[{"embeddable":true,"href":"https:\/\/tixtools.com.ar\/inicio\/wp-json\/wp\/v2\/comments?post=551"}],"version-history":[{"count":4,"href":"https:\/\/tixtools.com.ar\/inicio\/wp-json\/wp\/v2\/pages\/551\/revisions"}],"predecessor-version":[{"id":559,"href":"https:\/\/tixtools.com.ar\/inicio\/wp-json\/wp\/v2\/pages\/551\/revisions\/559"}],"wp:attachment":[{"href":"https:\/\/tixtools.com.ar\/inicio\/wp-json\/wp\/v2\/media?parent=551"}],"curies":[{"name":"wp","href":"https:\/\/api.w.org\/{rel}","templated":true}]}}