{"id":489,"date":"2022-08-31T16:36:08","date_gmt":"2022-08-31T19:36:08","guid":{"rendered":"https:\/\/newsite.tixtools.com.ar\/inicio\/?page_id=489"},"modified":"2022-08-31T17:29:01","modified_gmt":"2022-08-31T20:29:01","slug":"advertencia-de-windows-quien-creo-este-archivo","status":"publish","type":"page","link":"https:\/\/tixtools.com.ar\/inicio\/advertencia-de-windows-quien-creo-este-archivo\/","title":{"rendered":"Windows: Quien cre\u00f3 este Archivo"},"content":{"rendered":"\n<p>Existen situaciones en que al intentar ejecutar una aplicaci\u00f3n aparece una <strong>advertencia de seguridad<\/strong> diciendo que no se puede identificar a quien cre\u00f3 este archivo; algo as\u00ed:<\/p>\n\n\n<div class=\"wp-block-image\">\n<figure class=\"aligncenter size-full\"><img loading=\"lazy\" decoding=\"async\" width=\"414\" height=\"271\" src=\"https:\/\/newsite.tixtools.com.ar\/wp-content\/uploads\/2022\/08\/Advertencia-Windows.jpg\" alt=\"\" class=\"wp-image-495\" srcset=\"https:\/\/tixtools.com.ar\/wp-content\/uploads\/2022\/08\/Advertencia-Windows.jpg 414w, https:\/\/tixtools.com.ar\/wp-content\/uploads\/2022\/08\/Advertencia-Windows-300x196.jpg 300w\" sizes=\"(max-width: 414px) 100vw, 414px\" \/><\/figure><\/div>\n\n\n<p>Si bien habitualmente cliqueando sobre <strong>&#8216;Ejecutar&#8217; o &#8216;Aceptar&#8217;<\/strong> continuamos sin inconveniente, aqu\u00ed el procedimiento para agregar el programa o la carpeta que lo contiene como <strong>&#8216;sitio de confianza&#8217;.<\/strong><\/p>\n\n\n\n<p>En el caso de equipos de escritorio conectados por LAN a un servidor com\u00fan, el procedimiento debe realizarse &#8211; por \u00fanica vez &#8211; en cada una de las estaciones cliente.<\/p>\n\n\n\n<ol><li>Click sobre &#8216;Inicio&#8217; o &#8216;<strong>Comienzo&#8217;<\/strong><\/li><li>Buscar &#8216;O<strong>pciones de Internet&#8217;<\/strong><\/li><li>Click sobre la pesta\u00f1a de &#8216;<strong>Seguridad<\/strong>&#8216;<\/li><li>Click sobre &#8216;<strong>Intranet local&#8217;<\/strong><\/li><li>Click sobre bot\u00f3n &#8216;<strong>Sitios<\/strong>&#8216;<\/li><\/ol>\n\n\n\n<p>Aparece este formulario:<\/p>\n\n\n<div class=\"wp-block-image\">\n<figure class=\"aligncenter size-full\"><img loading=\"lazy\" decoding=\"async\" width=\"418\" height=\"234\" src=\"https:\/\/newsite.tixtools.com.ar\/wp-content\/uploads\/2022\/08\/Sitios-de-confianza.jpg\" alt=\"\" class=\"wp-image-496\" srcset=\"https:\/\/tixtools.com.ar\/wp-content\/uploads\/2022\/08\/Sitios-de-confianza.jpg 418w, https:\/\/tixtools.com.ar\/wp-content\/uploads\/2022\/08\/Sitios-de-confianza-300x168.jpg 300w\" sizes=\"(max-width: 418px) 100vw, 418px\" \/><\/figure><\/div>\n\n\n<ol start=\"6\"><li>Des-tildar todos los casilleros<\/li><li>Tildar el casillero &#8216;Detectar redes intranet autom\u00e1ticamente<\/li><li>Click sobre &#8216;Opciones avanzadas&#8217;<\/li><\/ol>\n\n\n\n<p>En el casillero &#8216;Agregar este sitio web a la zona de&#8217; introducir el destino de confianza. Puede ser:<\/p>\n\n\n\n<ul><li>Una <strong>letra o unidad de red,<\/strong> por ejemplo &#8216;X:&#8217; <\/li><li>Una <strong>ruta o acceso a un servidor<\/strong>, p. ej &#8216;\\\\SERVER\\d&#8217;<\/li><li>Una ruta a <strong>una carpeta<\/strong>, por ejemplo &#8216;C:\\TIXTOOLS&#8217;<\/li><\/ul>\n\n\n\n<p>En el caso de TIXTOOLS, habitualmente toda la aplicaci\u00f3n est\u00e1 en una unidad mapeada como &#8216;X:&#8217; por lo que la primera opci\u00f3n ser\u00e1 la indicada.<\/p>\n\n\n<div class=\"wp-block-image\">\n<figure class=\"aligncenter size-full\"><img loading=\"lazy\" decoding=\"async\" width=\"394\" height=\"348\" src=\"https:\/\/newsite.tixtools.com.ar\/wp-content\/uploads\/2022\/08\/Sitios-de-confianza-2.jpg\" alt=\"\" class=\"wp-image-497\" srcset=\"https:\/\/tixtools.com.ar\/wp-content\/uploads\/2022\/08\/Sitios-de-confianza-2.jpg 394w, https:\/\/tixtools.com.ar\/wp-content\/uploads\/2022\/08\/Sitios-de-confianza-2-300x265.jpg 300w\" sizes=\"(max-width: 394px) 100vw, 394px\" \/><\/figure><\/div>\n\n\n<ol start=\"9\"><li>Haga click sobre el bot\u00f3n &#8216;Agregar&#8217;.<\/li><\/ol>\n\n\n\n<p>La ruta puede cambiar una vez que se agrega al \u201c<strong>Sitios web<\/strong>\u201d caja. Este es un comportamiento normal.<\/p>\n\n\n\n<ol start=\"10\"><li>Seleccione &#8216;<strong>Cerrar  &#8211;>  OK  &#8211;>  OK<\/strong>&#8216;.<\/li><\/ol>\n\n\n\n<p>Ahora deber\u00eda poder abrir cualquier archivo desde esa ubicaci\u00f3n sin recibir la advertencia de &#8216;<strong>No podemos verificar qui\u00e9n cre\u00f3 este archivo<\/strong>&#8216;.<\/p>\n","protected":false},"excerpt":{"rendered":"<p>Existen situaciones en que al intentar ejecutar una aplicaci\u00f3n aparece una advertencia de seguridad diciendo que no se puede identificar a quien cre\u00f3 este archivo; algo as\u00ed: Si bien habitualmente&hellip;<\/p>\n","protected":false},"author":1,"featured_media":0,"parent":0,"menu_order":0,"comment_status":"closed","ping_status":"closed","template":"","meta":{"sfsi_plus_gutenberg_text_before_share":"","sfsi_plus_gutenberg_show_text_before_share":"","sfsi_plus_gutenberg_icon_type":"","sfsi_plus_gutenberg_icon_alignemt":"","sfsi_plus_gutenburg_max_per_row":"","footnotes":""},"_links":{"self":[{"href":"https:\/\/tixtools.com.ar\/inicio\/wp-json\/wp\/v2\/pages\/489"}],"collection":[{"href":"https:\/\/tixtools.com.ar\/inicio\/wp-json\/wp\/v2\/pages"}],"about":[{"href":"https:\/\/tixtools.com.ar\/inicio\/wp-json\/wp\/v2\/types\/page"}],"author":[{"embeddable":true,"href":"https:\/\/tixtools.com.ar\/inicio\/wp-json\/wp\/v2\/users\/1"}],"replies":[{"embeddable":true,"href":"https:\/\/tixtools.com.ar\/inicio\/wp-json\/wp\/v2\/comments?post=489"}],"version-history":[{"count":12,"href":"https:\/\/tixtools.com.ar\/inicio\/wp-json\/wp\/v2\/pages\/489\/revisions"}],"predecessor-version":[{"id":511,"href":"https:\/\/tixtools.com.ar\/inicio\/wp-json\/wp\/v2\/pages\/489\/revisions\/511"}],"wp:attachment":[{"href":"https:\/\/tixtools.com.ar\/inicio\/wp-json\/wp\/v2\/media?parent=489"}],"curies":[{"name":"wp","href":"https:\/\/api.w.org\/{rel}","templated":true}]}}