{"id":442,"date":"2022-08-29T17:10:03","date_gmt":"2022-08-29T20:10:03","guid":{"rendered":"https:\/\/newsite.tixtools.com.ar\/inicio\/?page_id=442"},"modified":"2022-08-29T17:52:10","modified_gmt":"2022-08-29T20:52:10","slug":"listas-de-seleccion-actualizar-elementos","status":"publish","type":"page","link":"https:\/\/tixtools.com.ar\/inicio\/listas-de-seleccion-actualizar-elementos\/","title":{"rendered":"Listas de Selecci\u00f3n &#8211; Actualizar Elementos"},"content":{"rendered":"\n<div class=\"wp-block-columns is-layout-flex wp-container-core-columns-layout-2 wp-block-columns-is-layout-flex\">\n<div class=\"wp-block-column is-layout-flow wp-block-column-is-layout-flow\">\n<p>Entre las caracter\u00edsticas sobresalientes de <strong>TIXTOOLS<\/strong> est\u00e1 lo que llamamos su <strong>&#8216;Navegabilidad&#8217;<\/strong>. Decimos que un sistema es navegable cuando posee facilidades que permiten <strong>trasladarse r\u00e1pidamente de un lugar a otro.<\/strong><\/p>\n\n\n\n<p>Entre los elementos que hacen al TIXTOOLS particularmente amigable est\u00e1n las <strong>listas de selecci\u00f3n.<\/strong> Las opciones de <strong>filtrado on line<\/strong> (simplemente escribiendo el texto a filtrar), <strong>ordenamiento <\/strong>por cualquiera de las columnas y <strong>ajuste del formato<\/strong> est\u00e1n detalladas en un instructivo anterior.<\/p>\n\n\n\n<p>Hoy presentamos una funcionalidad que permite &#8211; con los privilegios de usuario correspondientes &#8211; <strong>editar directamente<\/strong> la lista de selecci\u00f3n, agregando o modificando sus elementos. Por compatibilidad t\u00e9cnica la facilidad <strong>no est\u00e1 disponible en todas<\/strong> las listas de selecci\u00f3n.<\/p>\n\n\n\n<div class=\"wp-block-columns is-layout-flex wp-container-core-columns-layout-1 wp-block-columns-is-layout-flex\">\n<div class=\"wp-block-column is-layout-flow wp-block-column-is-layout-flow\">\n<figure class=\"wp-block-image size-full\"><img loading=\"lazy\" decoding=\"async\" width=\"543\" height=\"324\" src=\"https:\/\/newsite.tixtools.com.ar\/wp-content\/uploads\/2022\/08\/LISTA-DE-SELECCION.jpg\" alt=\"\" class=\"wp-image-448\" srcset=\"https:\/\/tixtools.com.ar\/wp-content\/uploads\/2022\/08\/LISTA-DE-SELECCION.jpg 543w, https:\/\/tixtools.com.ar\/wp-content\/uploads\/2022\/08\/LISTA-DE-SELECCION-300x179.jpg 300w\" sizes=\"(max-width: 543px) 100vw, 543px\" \/><\/figure>\n<\/div>\n\n\n\n<div class=\"wp-block-column is-layout-flow wp-block-column-is-layout-flow\">\n<p>En el sector inferior derecho de cada lista aparece un bot\u00f3n correspondiente a &#8216;Agregar&#8217;. En la figura est\u00e1 se\u00f1alado con flecha en rojo.<\/p>\n\n\n\n<p>En las listas editables el bot\u00f3n aparece habilitado; caso contrario aparece deshabilitado y grisado<\/p>\n<\/div>\n<\/div>\n\n\n\n<p>  <\/p>\n<\/div>\n<\/div>\n\n\n\n<p>Cliqueando sobre ese bot\u00f3n, se presenta la <strong>ficha de actualizaci\u00f3n<\/strong> correspondiente. Como ya se se\u00f1alara m\u00e1s arriba, el usuario conectado debe tener <strong>derechos de lectura-escritura<\/strong> sobre esa ficha de actualizaci\u00f3n o <strong>privilegios de administrador<\/strong>.<\/p>\n\n\n\n<div class=\"wp-block-columns is-layout-flex wp-container-core-columns-layout-3 wp-block-columns-is-layout-flex\">\n<div class=\"wp-block-column is-layout-flow wp-block-column-is-layout-flow\">\n<figure class=\"wp-block-image size-full\"><img loading=\"lazy\" decoding=\"async\" width=\"568\" height=\"386\" src=\"https:\/\/newsite.tixtools.com.ar\/wp-content\/uploads\/2022\/08\/MOD-PROD.jpg\" alt=\"\" class=\"wp-image-451\" srcset=\"https:\/\/tixtools.com.ar\/wp-content\/uploads\/2022\/08\/MOD-PROD.jpg 568w, https:\/\/tixtools.com.ar\/wp-content\/uploads\/2022\/08\/MOD-PROD-300x204.jpg 300w\" sizes=\"(max-width: 568px) 100vw, 568px\" \/><\/figure>\n<\/div>\n\n\n\n<div class=\"wp-block-column is-layout-flow wp-block-column-is-layout-flow\">\n<p>Al aprobar y guardar el elemento agregado o modificado, se cierra la ficha y <strong>autom\u00e1ticamente se actualiza la informaci\u00f3n desplegada<\/strong> en la lista de selecci\u00f3n.<\/p>\n\n\n\n<p>Otra facilidad de <strong>TIXTOOLS<\/strong> para agilizar la operatoria inform\u00e1tica. Como siempre en TIXTOOLS: <strong>Hag\u00e1moslo simple !!!<\/strong><\/p>\n<\/div>\n<\/div>\n","protected":false},"excerpt":{"rendered":"<p>Entre las caracter\u00edsticas sobresalientes de TIXTOOLS est\u00e1 lo que llamamos su &#8216;Navegabilidad&#8217;. Decimos que un sistema es navegable cuando posee facilidades que permiten trasladarse r\u00e1pidamente de un lugar a otro.&hellip;<\/p>\n","protected":false},"author":1,"featured_media":0,"parent":0,"menu_order":0,"comment_status":"closed","ping_status":"closed","template":"","meta":{"sfsi_plus_gutenberg_text_before_share":"","sfsi_plus_gutenberg_show_text_before_share":"","sfsi_plus_gutenberg_icon_type":"","sfsi_plus_gutenberg_icon_alignemt":"","sfsi_plus_gutenburg_max_per_row":"","footnotes":""},"_links":{"self":[{"href":"https:\/\/tixtools.com.ar\/inicio\/wp-json\/wp\/v2\/pages\/442"}],"collection":[{"href":"https:\/\/tixtools.com.ar\/inicio\/wp-json\/wp\/v2\/pages"}],"about":[{"href":"https:\/\/tixtools.com.ar\/inicio\/wp-json\/wp\/v2\/types\/page"}],"author":[{"embeddable":true,"href":"https:\/\/tixtools.com.ar\/inicio\/wp-json\/wp\/v2\/users\/1"}],"replies":[{"embeddable":true,"href":"https:\/\/tixtools.com.ar\/inicio\/wp-json\/wp\/v2\/comments?post=442"}],"version-history":[{"count":5,"href":"https:\/\/tixtools.com.ar\/inicio\/wp-json\/wp\/v2\/pages\/442\/revisions"}],"predecessor-version":[{"id":452,"href":"https:\/\/tixtools.com.ar\/inicio\/wp-json\/wp\/v2\/pages\/442\/revisions\/452"}],"wp:attachment":[{"href":"https:\/\/tixtools.com.ar\/inicio\/wp-json\/wp\/v2\/media?parent=442"}],"curies":[{"name":"wp","href":"https:\/\/api.w.org\/{rel}","templated":true}]}}