{"id":393,"date":"2022-08-28T17:10:14","date_gmt":"2022-08-28T20:10:14","guid":{"rendered":"https:\/\/newsite.tixtools.com.ar\/inicio\/?page_id=393"},"modified":"2022-08-28T17:32:24","modified_gmt":"2022-08-28T20:32:24","slug":"alianzas-estrategicas","status":"publish","type":"page","link":"https:\/\/tixtools.com.ar\/inicio\/alianzas-estrategicas\/","title":{"rendered":"Alianzas Estrat\u00e9gicas"},"content":{"rendered":"\n<p><strong>TIXTOOLS<\/strong>&nbsp;participa activamente y promueve el trabajo en red \u2013 conocido como&nbsp;<strong>Networking<\/strong>. Entendemos que la colaboraci\u00f3n y cooperaci\u00f3n&nbsp;<strong>potencia los resultados<\/strong>&nbsp;de cara al cliente.<\/p>\n\n\n\n<p>Establecemos y mantenemos alianzas estrat\u00e9gicas con\u00a0<strong>empresas privadas, instituciones acad\u00e9micas y organismos p\u00fablicos<\/strong>\u00a0comprometidos como nosotros con los principios de la\u00a0<strong>calidad total y el servicio al cliente.<\/strong><\/p>\n\n\n\n<figure class=\"wp-block-gallery has-nested-images columns-2 is-cropped wp-block-gallery-1 is-layout-flex wp-block-gallery-is-layout-flex\">\n<figure class=\"wp-block-image size-large\"><img loading=\"lazy\" decoding=\"async\" width=\"578\" height=\"301\" data-id=\"400\" src=\"https:\/\/newsite.tixtools.com.ar\/wp-content\/uploads\/2022\/08\/ROI-AGILE.jpg\" alt=\"\" class=\"wp-image-400\" srcset=\"https:\/\/tixtools.com.ar\/wp-content\/uploads\/2022\/08\/ROI-AGILE.jpg 578w, https:\/\/tixtools.com.ar\/wp-content\/uploads\/2022\/08\/ROI-AGILE-300x156.jpg 300w\" sizes=\"(max-width: 578px) 100vw, 578px\" \/><\/figure>\n\n\n\n<figure class=\"wp-block-image size-large\"><img loading=\"lazy\" decoding=\"async\" width=\"578\" height=\"301\" data-id=\"401\" src=\"https:\/\/newsite.tixtools.com.ar\/wp-content\/uploads\/2022\/08\/SAMECO.jpg\" alt=\"\" class=\"wp-image-401\" srcset=\"https:\/\/tixtools.com.ar\/wp-content\/uploads\/2022\/08\/SAMECO.jpg 578w, https:\/\/tixtools.com.ar\/wp-content\/uploads\/2022\/08\/SAMECO-300x156.jpg 300w\" sizes=\"(max-width: 578px) 100vw, 578px\" \/><\/figure>\n\n\n\n<figure class=\"wp-block-image size-large\"><img loading=\"lazy\" decoding=\"async\" width=\"578\" height=\"250\" data-id=\"402\" src=\"https:\/\/newsite.tixtools.com.ar\/wp-content\/uploads\/2022\/08\/SAP-BO.jpg\" alt=\"\" class=\"wp-image-402\" srcset=\"https:\/\/tixtools.com.ar\/wp-content\/uploads\/2022\/08\/SAP-BO.jpg 578w, https:\/\/tixtools.com.ar\/wp-content\/uploads\/2022\/08\/SAP-BO-300x130.jpg 300w\" sizes=\"(max-width: 578px) 100vw, 578px\" \/><\/figure>\n\n\n\n<figure class=\"wp-block-image size-large\"><img loading=\"lazy\" decoding=\"async\" width=\"578\" height=\"250\" data-id=\"399\" src=\"https:\/\/newsite.tixtools.com.ar\/wp-content\/uploads\/2022\/08\/JEN.jpg\" alt=\"\" class=\"wp-image-399\" srcset=\"https:\/\/tixtools.com.ar\/wp-content\/uploads\/2022\/08\/JEN.jpg 578w, https:\/\/tixtools.com.ar\/wp-content\/uploads\/2022\/08\/JEN-300x130.jpg 300w\" sizes=\"(max-width: 578px) 100vw, 578px\" \/><\/figure>\n\n\n\n<figure class=\"wp-block-image size-large\"><img loading=\"lazy\" decoding=\"async\" width=\"576\" height=\"275\" data-id=\"405\" src=\"https:\/\/newsite.tixtools.com.ar\/wp-content\/uploads\/2022\/08\/FIUBA.jpg\" alt=\"\" class=\"wp-image-405\" srcset=\"https:\/\/tixtools.com.ar\/wp-content\/uploads\/2022\/08\/FIUBA.jpg 576w, https:\/\/tixtools.com.ar\/wp-content\/uploads\/2022\/08\/FIUBA-300x143.jpg 300w\" sizes=\"(max-width: 576px) 100vw, 576px\" \/><\/figure>\n\n\n\n<figure class=\"wp-block-image size-large\"><img loading=\"lazy\" decoding=\"async\" width=\"576\" height=\"275\" data-id=\"404\" src=\"https:\/\/newsite.tixtools.com.ar\/wp-content\/uploads\/2022\/08\/ENDEAVOR.jpg\" alt=\"\" class=\"wp-image-404\" srcset=\"https:\/\/tixtools.com.ar\/wp-content\/uploads\/2022\/08\/ENDEAVOR.jpg 576w, https:\/\/tixtools.com.ar\/wp-content\/uploads\/2022\/08\/ENDEAVOR-300x143.jpg 300w\" sizes=\"(max-width: 576px) 100vw, 576px\" \/><\/figure>\n\n\n\n<figure class=\"wp-block-image size-large\"><img loading=\"lazy\" decoding=\"async\" width=\"576\" height=\"319\" data-id=\"403\" src=\"https:\/\/newsite.tixtools.com.ar\/wp-content\/uploads\/2022\/08\/SEIDOR.jpg\" alt=\"\" class=\"wp-image-403\" srcset=\"https:\/\/tixtools.com.ar\/wp-content\/uploads\/2022\/08\/SEIDOR.jpg 576w, https:\/\/tixtools.com.ar\/wp-content\/uploads\/2022\/08\/SEIDOR-300x166.jpg 300w\" sizes=\"(max-width: 576px) 100vw, 576px\" \/><\/figure>\n\n\n\n<figure class=\"wp-block-image size-large\"><img loading=\"lazy\" decoding=\"async\" width=\"576\" height=\"319\" data-id=\"398\" src=\"https:\/\/newsite.tixtools.com.ar\/wp-content\/uploads\/2022\/08\/IUA.jpg\" alt=\"\" class=\"wp-image-398\" srcset=\"https:\/\/tixtools.com.ar\/wp-content\/uploads\/2022\/08\/IUA.jpg 576w, https:\/\/tixtools.com.ar\/wp-content\/uploads\/2022\/08\/IUA-300x166.jpg 300w\" sizes=\"(max-width: 576px) 100vw, 576px\" \/><\/figure>\n\n\n\n<figure class=\"wp-block-image size-large\"><img loading=\"lazy\" decoding=\"async\" width=\"576\" height=\"319\" data-id=\"397\" src=\"https:\/\/newsite.tixtools.com.ar\/wp-content\/uploads\/2022\/08\/CPII.jpg\" alt=\"\" class=\"wp-image-397\" srcset=\"https:\/\/tixtools.com.ar\/wp-content\/uploads\/2022\/08\/CPII.jpg 576w, https:\/\/tixtools.com.ar\/wp-content\/uploads\/2022\/08\/CPII-300x166.jpg 300w\" sizes=\"(max-width: 576px) 100vw, 576px\" \/><\/figure>\n\n\n\n<figure class=\"wp-block-image size-large\"><img loading=\"lazy\" decoding=\"async\" width=\"576\" height=\"319\" data-id=\"396\" src=\"https:\/\/newsite.tixtools.com.ar\/wp-content\/uploads\/2022\/08\/AOTS.jpg\" alt=\"\" class=\"wp-image-396\" srcset=\"https:\/\/tixtools.com.ar\/wp-content\/uploads\/2022\/08\/AOTS.jpg 576w, https:\/\/tixtools.com.ar\/wp-content\/uploads\/2022\/08\/AOTS-300x166.jpg 300w\" sizes=\"(max-width: 576px) 100vw, 576px\" \/><\/figure>\n<\/figure>\n","protected":false},"excerpt":{"rendered":"<p>TIXTOOLS&nbsp;participa activamente y promueve el trabajo en red \u2013 conocido como&nbsp;Networking. Entendemos que la colaboraci\u00f3n y cooperaci\u00f3n&nbsp;potencia los resultados&nbsp;de cara al cliente. Establecemos y mantenemos alianzas estrat\u00e9gicas con\u00a0empresas privadas, instituciones&hellip;<\/p>\n","protected":false},"author":1,"featured_media":0,"parent":0,"menu_order":0,"comment_status":"closed","ping_status":"closed","template":"","meta":{"sfsi_plus_gutenberg_text_before_share":"","sfsi_plus_gutenberg_show_text_before_share":"","sfsi_plus_gutenberg_icon_type":"","sfsi_plus_gutenberg_icon_alignemt":"","sfsi_plus_gutenburg_max_per_row":"","footnotes":""},"_links":{"self":[{"href":"https:\/\/tixtools.com.ar\/inicio\/wp-json\/wp\/v2\/pages\/393"}],"collection":[{"href":"https:\/\/tixtools.com.ar\/inicio\/wp-json\/wp\/v2\/pages"}],"about":[{"href":"https:\/\/tixtools.com.ar\/inicio\/wp-json\/wp\/v2\/types\/page"}],"author":[{"embeddable":true,"href":"https:\/\/tixtools.com.ar\/inicio\/wp-json\/wp\/v2\/users\/1"}],"replies":[{"embeddable":true,"href":"https:\/\/tixtools.com.ar\/inicio\/wp-json\/wp\/v2\/comments?post=393"}],"version-history":[{"count":3,"href":"https:\/\/tixtools.com.ar\/inicio\/wp-json\/wp\/v2\/pages\/393\/revisions"}],"predecessor-version":[{"id":407,"href":"https:\/\/tixtools.com.ar\/inicio\/wp-json\/wp\/v2\/pages\/393\/revisions\/407"}],"wp:attachment":[{"href":"https:\/\/tixtools.com.ar\/inicio\/wp-json\/wp\/v2\/media?parent=393"}],"curies":[{"name":"wp","href":"https:\/\/api.w.org\/{rel}","templated":true}]}}