{"id":367,"date":"2022-08-28T15:52:33","date_gmt":"2022-08-28T18:52:33","guid":{"rendered":"https:\/\/newsite.tixtools.com.ar\/inicio\/?page_id=367"},"modified":"2024-05-17T18:24:20","modified_gmt":"2024-05-17T21:24:20","slug":"fichas-de-productos","status":"publish","type":"page","link":"https:\/\/tixtools.com.ar\/inicio\/fichas-de-productos\/","title":{"rendered":"Fichas de productos"},"content":{"rendered":"\n<figure class=\"wp-block-table\"><table class=\"has-fixed-layout\"><thead><tr><th>Producto<\/th><th>Descripci\u00f3n &#8211; Detalle<\/th><\/tr><\/thead><tbody><tr><td><a href=\"http:\/\/www.tixtools.com.ar\/A_SITIO_WEB_TIXTOOLS_2022\/DOCUMENTACION\/FICHAS_DE_PRODUCTOS\/20 Razones para TIXTOOLS en Industria Pharma.pdf\">20 Razones para TIXTOOLS en Pharma<\/a><\/td><td>Presenta 20 razones significativas para implementar TIXTOOLS en una PyME farmac\u00e9utica<\/td><\/tr><tr><td><a href=\"http:\/\/www.tixtools.com.ar\/A_SITIO_WEB_TIXTOOLS_2022\/DOCUMENTACION\/FICHAS_DE_PRODUCTOS\/Batch Record Electronico (V_22_8).pdf\">M\u00f3dulo del <strong>Batch Record Electronico<\/strong><\/a><\/td><td>Registro Electr\u00f3nico de Fabricaci\u00f3n comparado con el registro manual y ventajas de su utilizaci\u00f3n<\/td><\/tr><\/tbody><\/table><\/figure>\n","protected":false},"excerpt":{"rendered":"<p>Producto Descripci\u00f3n &#8211; Detalle 20 Razones para TIXTOOLS en Pharma Presenta 20 razones significativas para implementar TIXTOOLS en una PyME farmac\u00e9utica M\u00f3dulo del Batch Record Electronico Registro Electr\u00f3nico de Fabricaci\u00f3n&hellip;<\/p>\n","protected":false},"author":1,"featured_media":0,"parent":0,"menu_order":0,"comment_status":"closed","ping_status":"closed","template":"","meta":{"sfsi_plus_gutenberg_text_before_share":"","sfsi_plus_gutenberg_show_text_before_share":"","sfsi_plus_gutenberg_icon_type":"","sfsi_plus_gutenberg_icon_alignemt":"","sfsi_plus_gutenburg_max_per_row":"","footnotes":""},"_links":{"self":[{"href":"https:\/\/tixtools.com.ar\/inicio\/wp-json\/wp\/v2\/pages\/367"}],"collection":[{"href":"https:\/\/tixtools.com.ar\/inicio\/wp-json\/wp\/v2\/pages"}],"about":[{"href":"https:\/\/tixtools.com.ar\/inicio\/wp-json\/wp\/v2\/types\/page"}],"author":[{"embeddable":true,"href":"https:\/\/tixtools.com.ar\/inicio\/wp-json\/wp\/v2\/users\/1"}],"replies":[{"embeddable":true,"href":"https:\/\/tixtools.com.ar\/inicio\/wp-json\/wp\/v2\/comments?post=367"}],"version-history":[{"count":18,"href":"https:\/\/tixtools.com.ar\/inicio\/wp-json\/wp\/v2\/pages\/367\/revisions"}],"predecessor-version":[{"id":1014,"href":"https:\/\/tixtools.com.ar\/inicio\/wp-json\/wp\/v2\/pages\/367\/revisions\/1014"}],"wp:attachment":[{"href":"https:\/\/tixtools.com.ar\/inicio\/wp-json\/wp\/v2\/media?parent=367"}],"curies":[{"name":"wp","href":"https:\/\/api.w.org\/{rel}","templated":true}]}}