{"id":245,"date":"2022-08-26T14:58:09","date_gmt":"2022-08-26T17:58:09","guid":{"rendered":"https:\/\/newsite.tixtools.com.ar\/inicio\/?page_id=245"},"modified":"2024-11-19T13:55:17","modified_gmt":"2024-11-19T16:55:17","slug":"notas-tecnicas","status":"publish","type":"page","link":"https:\/\/tixtools.com.ar\/inicio\/notas-tecnicas\/","title":{"rendered":"Notas T\u00e9cnicas"},"content":{"rendered":"\n<div class=\"wp-block-columns is-layout-flex wp-container-core-columns-layout-1 wp-block-columns-is-layout-flex\">\n<div class=\"wp-block-column is-layout-flow wp-block-column-is-layout-flow\">\n<figure class=\"wp-block-image size-full\"><img loading=\"lazy\" decoding=\"async\" width=\"400\" height=\"267\" src=\"https:\/\/newsite.tixtools.com.ar\/wp-content\/uploads\/2022\/08\/Notas-Tecnicas.jpg\" alt=\"\" class=\"wp-image-248\" srcset=\"https:\/\/tixtools.com.ar\/wp-content\/uploads\/2022\/08\/Notas-Tecnicas.jpg 400w, https:\/\/tixtools.com.ar\/wp-content\/uploads\/2022\/08\/Notas-Tecnicas-300x200.jpg 300w\" sizes=\"(max-width: 400px) 100vw, 400px\" \/><\/figure>\n<\/div>\n\n\n\n<div class=\"wp-block-column is-layout-flow wp-block-column-is-layout-flow\">\n<p>Presentamos aqui una serie de notas referidas a la <strong>problem\u00e1tica general de las disciplinas inform\u00e1ticas<\/strong>, los desaf\u00edos que se van planteando y propuestas de resoluci\u00f3n<strong>.<\/strong><\/p>\n\n\n\n<p>Las opiniones y criterios volcados en los art\u00edculos son <strong>exclusiva responsabilidad de los respectivos autores<\/strong> y no comprometen al sitio ni a sus sus titulares.<\/p>\n<\/div>\n<\/div>\n\n\n\n<figure class=\"wp-block-table\"><table><tbody><tr><td class=\"has-text-align-center\" data-align=\"center\"><strong><em>Nota T\u00e9cnica<\/em><\/strong><\/td><td class=\"has-text-align-center\" data-align=\"center\"><strong><em>Autor &#8211; Descripci\u00f3n &#8211; Detalle<\/em><\/strong><\/td><\/tr><tr><td class=\"has-text-align-center\" data-align=\"center\"><a href=\"https:\/\/tixtools.com.ar\/inicio\/pautas-de-implementacion-exitosa-de-sistemas-de-gestion\/\">Pautas para la Implementaci\u00f3n Exitosa de Sistemas de Gesti\u00f3n<\/a><\/td><td class=\"has-text-align-center\" data-align=\"center\">EPBE &#8211; Importancia de Planificaci\u00f3n Previa de la Implementaci\u00f3n<\/td><\/tr><tr><td class=\"has-text-align-center\" data-align=\"center\"><a href=\"http:\/\/www.tixtools.com.ar\/A_SITIO_WEB_TIXTOOLS_2022\/DOCUMENTACION\/NOTAS_TECNICAS\/Implementar%20un%20Sistema%20y%20no%20Morir%20en%20el%20Intento.pdf\">C\u00f3mo Implementar un Sistema y no Morir en el Intento<\/a><\/td><td class=\"has-text-align-center\" data-align=\"center\">EPBE &#8211; Implementaci\u00f3n Sistem\u00e1tica de Sistemas de Gesti\u00f3n<\/td><\/tr><tr><td class=\"has-text-align-center\" data-align=\"center\"><a href=\"http:\/\/www.tixtools.com.ar\/A_SITIO_WEB_TIXTOOLS_2022\/DOCUMENTACION\/NOTAS_TECNICAS\/Pautas%20Racionales%20para%20la%20Eleccion%20de%20un%20Sistema%20de%20Gestion.pdf\">Pautas Racionales para la Eleccion del Sistema de Gesti\u00f3n<\/a><\/td><td class=\"has-text-align-center\" data-align=\"center\">EPBE &#8211; Como Elegir un Software Minimizando lor Riesgos<\/td><\/tr><tr><td class=\"has-text-align-center\" data-align=\"center\"><a href=\"http:\/\/www.tixtools.com.ar\/A_SITIO_WEB_TIXTOOLS_2022\/DOCUMENTACION\/NOTAS_TECNICAS\/Pasado Presente y Futuro del Software de Gestion.pdf\">Pasado Presente y Futuro del Software de Gestion<\/a><\/td><td class=\"has-text-align-center\" data-align=\"center\">EPBE &#8211; 35 A\u00f1os de Evoluci\u00f3n y qu\u00e9 Esperar del Futuro<\/td><\/tr><tr><td class=\"has-text-align-center\" data-align=\"center\"><a href=\"http:\/\/www.tixtools.com.ar\/A_SITIO_WEB_TIXTOOLS_2022\/DOCUMENTACION\/NOTAS_TECNICAS\/Cuando Conviene Optar por un Soft a Medida.pdf\">Cuando Conviene Optar por un Software a Medida<\/a><\/td><td class=\"has-text-align-center\" data-align=\"center\">EPBE &#8211; Soft a Medida vs Enlatados<\/td><\/tr><tr><td class=\"has-text-align-center\" data-align=\"center\"><a href=\"https:\/\/newsite.tixtools.com.ar\/sistemas-a-medida-cuando-y-para-que\">Software a Medida &#8211; Pasado, Presente y Futuro<\/a><\/td><td class=\"has-text-align-center\" data-align=\"center\">EPBE &#8211; Los Desarrollos a Medida con Criterio Industrial<\/td><\/tr><tr><td class=\"has-text-align-center\" data-align=\"center\"><a href=\"http:\/\/www.tixtools.com.ar\/A_SITIO_WEB_TIXTOOLS_2022\/DOCUMENTACION\/NOTAS_TECNICAS\/Transformando Datos en Informacion - y Conclusiones.pdf\">Transformando Datos en Informacion &#8230; y Conclusiones<\/a><\/td><td class=\"has-text-align-center\" data-align=\"center\">EPBE &#8211; Obtenci\u00f3n de Informaci\u00f3n del ERP para la Toma de Decisiones<\/td><\/tr><tr><td class=\"has-text-align-center\" data-align=\"center\"><a href=\"http:\/\/www.tixtools.com.ar\/A_SITIO_WEB_TIXTOOLS_2022\/DOCUMENTACION\/NOTAS_TECNICAS\/El Software Puede Fallar.pdf\">El Software Puede Fallar<\/a><\/td><td class=\"has-text-align-center\" data-align=\"center\">EPBE &#8211; Fallos y Errores en Dise\u00f1o y Funcionamiento<\/td><\/tr><tr><td class=\"has-text-align-center\" data-align=\"center\"><a href=\"http:\/\/www.tixtools.com.ar\/A_SITIO_WEB_TIXTOOLS_2022\/DOCUMENTACION\/NOTAS_TECNICAS\/La Calidad - mas alla de la ISO 9000.pdf\">La Calidad &#8211; M\u00e1s All\u00e1 de la ISO 900<\/a><a href=\"http:\/\/www.tixtools.com.ar\/A_DOCUMENTACION\/NOTAS_TECNICAS\/La Calidad - mas alla de la ISO 9000.pdf\">0<\/a><\/td><td class=\"has-text-align-center\" data-align=\"center\">EPBE &#8211; Hacia una &#8216;Verdadera&#8217; Calidad de los Productos y Servicios Inform\u00e1ticos<\/td><\/tr><tr><td class=\"has-text-align-center\" data-align=\"center\"><a href=\"http:\/\/www.tixtools.com.ar\/A_SITIO_WEB_TIXTOOLS_2022\/DOCUMENTACION\/NOTAS_TECNICAS\/Nociones de Validacion de Software.pdf\">Nociones de Validaci\u00f3n de Software<\/a><\/td><td class=\"has-text-align-center\" data-align=\"center\">EPBE &#8211; Qu\u00e9 es Exactamente y c\u00f3mo se Desarrolla el Proceso de Validaci\u00f3n de un Soft<\/td><\/tr><tr><td class=\"has-text-align-center\" data-align=\"center\"><a href=\"https:\/\/tixtools.com.ar\/inicio\/que-es-y-no-es-un-erp\/\">Qu\u00e9 es &#8230; y no es &#8230; un software del Tipo ERP<\/a><\/td><td class=\"has-text-align-center\" data-align=\"center\">EPBE &#8211; Funcionalidades Requeridas para que un Soft de Gesti\u00f3n Califique como ERP<\/td><\/tr><tr><td class=\"has-text-align-center\" data-align=\"center\"><a href=\"http:\/\/www.tixtools.com.ar\/A_SITIO_WEB_TIXTOOLS_2022\/DOCUMENTACION\/NOTAS_TECNICAS\/Auditoria de Sistemas.pdf\">Auditor\u00edas de Sistemas<\/a><\/td><td class=\"has-text-align-center\" data-align=\"center\">EPBE &#8211; Qu\u00e9 son, para qu\u00e9 se Hacen y c\u00f3mo se Desarrollan y qu\u00e9 se Obtiene de una Auditor\u00eda<\/td><\/tr><tr><td class=\"has-text-align-center\" data-align=\"center\"><a href=\"https:\/\/tixtools.com.ar\/inicio\/acerca-del-envejecimiento-de-los-sistemas\/\">El &#8216;Envejecimiento&#8217; de los Sistemas<\/a><\/td><td class=\"has-text-align-center\" data-align=\"center\">EPBE &#8211; Los Sistemas Inform\u00e1ticos Envejecen, hasta Dejar de Cumplir su Misi\u00f3n<\/td><\/tr><tr><td class=\"has-text-align-center\" data-align=\"center\"><a href=\"https:\/\/tixtools.com.ar\/inicio\/politicas-de-stock-en-tixtools\/\">Pol\u00edtica de stocks en TIXTOOLS<\/a><\/td><td class=\"has-text-align-center\" data-align=\"center\">EPBE &#8211; C\u00f3mo TIXTOOLS permite implementar una verdadera pol\u00edtica de stocks e inventarios<\/td><\/tr><tr><td class=\"has-text-align-center\" data-align=\"center\"><a href=\"https:\/\/tixtools.com.ar\/inicio\/wms-para-industria-pharma-en-tixtools\">WMS para Industria Pharma<\/a><\/td><td class=\"has-text-align-center\" data-align=\"center\">EPBE &#8211; Un Warehouse Managment System espec\u00edfico para Industria Pharma y Alimentacion<\/td><\/tr><tr><td class=\"has-text-align-center\" data-align=\"center\"><a href=\"https:\/\/tixtools.com.ar\/inicio\/integracion-de-sistemas-un-caso-de-exito\/\">Caso de \u00c9xito Integracion de Sistemas<\/a><\/td><td class=\"has-text-align-center\" data-align=\"center\">EPBE &#8211; Integracion de Sistemas en Lab. Kualcos de Especialidades Veterinarias &#8211; Caso de \u00e9xito<\/td><\/tr><tr><td class=\"has-text-align-center\" data-align=\"center\"><a href=\"https:\/\/tixtools.com.ar\/acerca-de-la-inteligencia-artificial\/\">Acerca de la Inteligencia Artificial<\/a><\/td><td class=\"has-text-align-center\" data-align=\"center\">EPBE &#8211; Reflexiones: Es la IA un Peligro o una Oportunidad<\/td><\/tr><tr><td class=\"has-text-align-center\" data-align=\"center\"><a href=\"https:\/\/tixtools.com.ar\/inicio\/trazabilidad-de-transacciones\/\">Trazabilidad de Transacciones<\/a><\/td><td class=\"has-text-align-center\" data-align=\"center\">EPBE &#8211; Aplicacion del Concepto de Trazabilidad al Control de Funcionamiento y Operacion del Soft.<\/td><\/tr><tr><td class=\"has-text-align-center\" data-align=\"center\"><a href=\"https:\/\/tixtools.com.ar\/inicio\/ajuste-de-potencia-en-gestion-de-stocks-pharma\/\">Ajuste de Potencia en TIXTOOLS Pharma<\/a><\/td><td class=\"has-text-align-center\" data-align=\"center\">EPBE &#8211; El Ajuste por T\u00edtulo Requerido en la Producci\u00f3n Farmac\u00e9utica<\/td><\/tr><tr><td class=\"has-text-align-center\" data-align=\"center\"><a href=\"https:\/\/tixtools.com.ar\/inicio\/secuencia-de-elaboracion-en-produccion-pharma\/\">Secuencia de Elaboraci\u00f3n<\/a><\/td><td class=\"has-text-align-center\" data-align=\"center\">EPBE &#8211; La Herramienta de Secuenciaci\u00f3n y Optimizaci\u00f3n de la Carga de M\u00e1quinas<\/td><\/tr><tr><td class=\"has-text-align-center\" data-align=\"center\"><a href=\"https:\/\/tixtools.com.ar\/inicio\/soft-farmaceutico-vs-erp-de-manufactura\/\">\u00bf Sirve un ERP de Manufactura en Pharma ?<\/a><\/td><td class=\"has-text-align-center\" data-align=\"center\">EPBE &#8211; Soft Farmac\u00e9utico vs. ERP de Manufactura<\/td><\/tr><tr><td class=\"has-text-align-center\" data-align=\"center\"><a href=\"https:\/\/tixtools.com.ar\/inicio\/como-negociar-con-vendedores-erp-inflexibles\/\">Negociaci\u00f3n con Vendedores ERP<\/a><\/td><td class=\"has-text-align-center\" data-align=\"center\">EPBE &#8211; Pautas para la Negociaci\u00f3n Exitosa con ERP-Vendors Inflexibles<\/td><\/tr><\/tbody><\/table><\/figure>\n\n\n\n<p><\/p>\n","protected":false},"excerpt":{"rendered":"<p>Presentamos aqui una serie de notas referidas a la problem\u00e1tica general de las disciplinas inform\u00e1ticas, los desaf\u00edos que se van planteando y propuestas de resoluci\u00f3n. Las opiniones y criterios volcados&hellip;<\/p>\n","protected":false},"author":1,"featured_media":0,"parent":0,"menu_order":0,"comment_status":"closed","ping_status":"closed","template":"","meta":{"sfsi_plus_gutenberg_text_before_share":"","sfsi_plus_gutenberg_show_text_before_share":"","sfsi_plus_gutenberg_icon_type":"","sfsi_plus_gutenberg_icon_alignemt":"","sfsi_plus_gutenburg_max_per_row":"","footnotes":""},"_links":{"self":[{"href":"https:\/\/tixtools.com.ar\/inicio\/wp-json\/wp\/v2\/pages\/245"}],"collection":[{"href":"https:\/\/tixtools.com.ar\/inicio\/wp-json\/wp\/v2\/pages"}],"about":[{"href":"https:\/\/tixtools.com.ar\/inicio\/wp-json\/wp\/v2\/types\/page"}],"author":[{"embeddable":true,"href":"https:\/\/tixtools.com.ar\/inicio\/wp-json\/wp\/v2\/users\/1"}],"replies":[{"embeddable":true,"href":"https:\/\/tixtools.com.ar\/inicio\/wp-json\/wp\/v2\/comments?post=245"}],"version-history":[{"count":52,"href":"https:\/\/tixtools.com.ar\/inicio\/wp-json\/wp\/v2\/pages\/245\/revisions"}],"predecessor-version":[{"id":1272,"href":"https:\/\/tixtools.com.ar\/inicio\/wp-json\/wp\/v2\/pages\/245\/revisions\/1272"}],"wp:attachment":[{"href":"https:\/\/tixtools.com.ar\/inicio\/wp-json\/wp\/v2\/media?parent=245"}],"curies":[{"name":"wp","href":"https:\/\/api.w.org\/{rel}","templated":true}]}}