{"id":198,"date":"2022-08-24T19:24:30","date_gmt":"2022-08-24T22:24:30","guid":{"rendered":"https:\/\/newsite.tixtools.com.ar\/inicio\/?page_id=198"},"modified":"2022-08-24T19:24:30","modified_gmt":"2022-08-24T22:24:30","slug":"historia-y-trayectoria","status":"publish","type":"page","link":"https:\/\/tixtools.com.ar\/inicio\/historia-y-trayectoria\/","title":{"rendered":"Historia y Trayectoria"},"content":{"rendered":"\n<div class=\"wp-block-columns is-layout-flex wp-container-core-columns-layout-1 wp-block-columns-is-layout-flex\">\n<div class=\"wp-block-column is-layout-flow wp-block-column-is-layout-flow\">\n<p><strong>TixTools <\/strong>nace a principios de 2012 bajo la direcci\u00f3n del <strong>Ingeniero Ernesto Pablo Bauer<\/strong>, quien por este camino corona <strong>3 d\u00e9cadas de experiencia<\/strong> en dise\u00f1o, desarrollo e implementaci\u00f3n de sistemas inform\u00e1ticos del tipo <strong>ERP para gesti\u00f3n industrial<\/strong> y administrativo contable, para m\u00e1s de <strong>130 de empresas<\/strong> mayormente industriales, dentro y fuera del pa\u00eds y todas ellas del <strong>segmento PyME.<\/strong><\/p>\n<\/div>\n\n\n\n<div class=\"wp-block-column is-layout-flow wp-block-column-is-layout-flow\">\n<figure class=\"wp-block-image size-full\"><img loading=\"lazy\" decoding=\"async\" width=\"849\" height=\"567\" src=\"https:\/\/newsite.tixtools.com.ar\/wp-content\/uploads\/2022\/08\/Imagen-para-Historia-y-Trayectoria.jpg\" alt=\"\" class=\"wp-image-193\" srcset=\"https:\/\/tixtools.com.ar\/wp-content\/uploads\/2022\/08\/Imagen-para-Historia-y-Trayectoria.jpg 849w, https:\/\/tixtools.com.ar\/wp-content\/uploads\/2022\/08\/Imagen-para-Historia-y-Trayectoria-300x200.jpg 300w, https:\/\/tixtools.com.ar\/wp-content\/uploads\/2022\/08\/Imagen-para-Historia-y-Trayectoria-768x513.jpg 768w\" sizes=\"(max-width: 849px) 100vw, 849px\" \/><\/figure>\n<\/div>\n<\/div>\n\n\n\n<div class=\"wp-block-columns is-layout-flex wp-container-core-columns-layout-2 wp-block-columns-is-layout-flex\">\n<div class=\"wp-block-column is-layout-flow wp-block-column-is-layout-flow\">\n<p><strong>TixTools con Bauer combina lo empresario con lo acad\u00e9mico, como Profesor regular de Organizaci\u00f3n Industrial (FIUBA) y Titular de las c\u00e1tedras de Analisis de Sistemas, Sistemas de Informacion Gerencial y Calidad de Software (IUA \u2013 UnDef)<\/strong><\/p>\n\n\n\n<p>Tixtools es continuadora \u2018ideol\u00f3gica\u2019 de <strong>FLEXOFT S.A.<\/strong>, empresa desarrolladora de software que <strong>Bauer fund\u00f3 y dirigi\u00f3 durante 28 a\u00f1os.<\/strong><\/p>\n\n\n\n<p>Fruto de su extensa experiencia Bauer ha dise\u00f1ado, desarrollado y contruido <strong>V.A.M.S. tiXtools<\/strong>, una plataforma de \u00faltima generaci\u00f3n basada en <strong>Arquitectura Dirigida por Modelos (MDA)<\/strong> que permite implementar aplicaciones orientadas hacia la <strong>especificidad de cada organizaci\u00f3n usuaria<\/strong> a gran velocidad, niveles de seguridad y costos razonables. Si bien los \u2018paquetes predise\u00f1ados\u2019 Tixtools semejan lo que suele denominarse \u2018enlatados\u2019, VAMS Tixtools permite realizar adecuaciones y desarrollar complementos espec\u00edficos para cada empresa usuaria posibilitando as\u00ed desplegar sus <strong>ventajas competitivas propias, a costos y en plazos razonables.<\/strong><\/p>\n<\/div>\n<\/div>\n","protected":false},"excerpt":{"rendered":"<p>TixTools nace a principios de 2012 bajo la direcci\u00f3n del Ingeniero Ernesto Pablo Bauer, quien por este camino corona 3 d\u00e9cadas de experiencia en dise\u00f1o, desarrollo e implementaci\u00f3n de sistemas&hellip;<\/p>\n","protected":false},"author":1,"featured_media":0,"parent":0,"menu_order":0,"comment_status":"closed","ping_status":"closed","template":"","meta":{"sfsi_plus_gutenberg_text_before_share":"","sfsi_plus_gutenberg_show_text_before_share":"","sfsi_plus_gutenberg_icon_type":"","sfsi_plus_gutenberg_icon_alignemt":"","sfsi_plus_gutenburg_max_per_row":"","footnotes":""},"_links":{"self":[{"href":"https:\/\/tixtools.com.ar\/inicio\/wp-json\/wp\/v2\/pages\/198"}],"collection":[{"href":"https:\/\/tixtools.com.ar\/inicio\/wp-json\/wp\/v2\/pages"}],"about":[{"href":"https:\/\/tixtools.com.ar\/inicio\/wp-json\/wp\/v2\/types\/page"}],"author":[{"embeddable":true,"href":"https:\/\/tixtools.com.ar\/inicio\/wp-json\/wp\/v2\/users\/1"}],"replies":[{"embeddable":true,"href":"https:\/\/tixtools.com.ar\/inicio\/wp-json\/wp\/v2\/comments?post=198"}],"version-history":[{"count":1,"href":"https:\/\/tixtools.com.ar\/inicio\/wp-json\/wp\/v2\/pages\/198\/revisions"}],"predecessor-version":[{"id":199,"href":"https:\/\/tixtools.com.ar\/inicio\/wp-json\/wp\/v2\/pages\/198\/revisions\/199"}],"wp:attachment":[{"href":"https:\/\/tixtools.com.ar\/inicio\/wp-json\/wp\/v2\/media?parent=198"}],"curies":[{"name":"wp","href":"https:\/\/api.w.org\/{rel}","templated":true}]}}