{"id":181,"date":"2022-08-24T18:31:46","date_gmt":"2022-08-24T21:31:46","guid":{"rendered":"https:\/\/newsite.tixtools.com.ar\/inicio\/?page_id=181"},"modified":"2024-11-06T17:18:28","modified_gmt":"2024-11-06T20:18:28","slug":"presentacion-acerca-de-tixtools","status":"publish","type":"page","link":"https:\/\/tixtools.com.ar\/inicio\/","title":{"rendered":"Presentaci\u00f3n &#8211; Acerca de TIXTOOLS"},"content":{"rendered":"\n<p><strong>TixTools<\/strong> nace a principios de 2012 bajo la direcci\u00f3n del Ingeniero <strong>Ernesto Pablo Bauer<\/strong>, quien por este camino corona <strong>3 d\u00e9cadas de experiencia<\/strong> en dise\u00f1o, desarrollo e implementaci\u00f3n de sistemas inform\u00e1ticos del tipo <strong>ERP para gesti\u00f3n industrial<\/strong> y administrativo contable, para m\u00e1s de <strong>130 de empresas<\/strong> mayormente industriales, dentro y fuera del pa\u00eds y todas ellas del <strong>segmento PyME.<\/strong><\/p>\n\n\n\n\n<div style=\"height:37px\" aria-hidden=\"true\" class=\"wp-block-spacer\"><\/div>\n\n\n\n<div class=\"wp-block-columns is-layout-flex wp-container-core-columns-layout-1 wp-block-columns-is-layout-flex\">\n<div class=\"wp-block-column is-layout-flow wp-block-column-is-layout-flow\">\n<h5 class=\"wp-block-heading\">35 a\u00f1os de trayectoria<\/h5>\n\n\n\n<ul><li>130 Instalaciones<\/li><li>2600 Usuarios<\/li><li>3 Paises \u2013 8 Provincias<\/li><li>2 Integraciones con SAP B0<\/li><\/ul>\n<\/div>\n\n\n\n<div class=\"wp-block-column is-layout-flow wp-block-column-is-layout-flow\">\n<h5 class=\"wp-block-heading\">Nuestro Compromiso<\/h5>\n\n\n\n<ul><li>Mejora Continua<\/li><li>Calidad Total<\/li><li>Lo Simple es Seguro<\/li><li>Eficacia \u2013 Seguridad \u2013 Confianza<\/li><\/ul>\n<\/div>\n<\/div>\n\n\n\n<figure class=\"wp-block-image size-large\"><img loading=\"lazy\" decoding=\"async\" width=\"1024\" height=\"717\" src=\"https:\/\/newsite.tixtools.com.ar\/wp-content\/uploads\/2022\/08\/Fondo-de-Newsite-sin-Bordes-1024x717.jpg\" alt=\"\" class=\"wp-image-188\" srcset=\"https:\/\/tixtools.com.ar\/wp-content\/uploads\/2022\/08\/Fondo-de-Newsite-sin-Bordes-1024x717.jpg 1024w, https:\/\/tixtools.com.ar\/wp-content\/uploads\/2022\/08\/Fondo-de-Newsite-sin-Bordes-300x210.jpg 300w, https:\/\/tixtools.com.ar\/wp-content\/uploads\/2022\/08\/Fondo-de-Newsite-sin-Bordes-768x537.jpg 768w, https:\/\/tixtools.com.ar\/wp-content\/uploads\/2022\/08\/Fondo-de-Newsite-sin-Bordes.jpg 1219w\" sizes=\"(max-width: 1024px) 100vw, 1024px\" \/><\/figure>\n","protected":false},"excerpt":{"rendered":"<p>TixTools nace a principios de 2012 bajo la direcci\u00f3n del Ingeniero Ernesto Pablo Bauer, quien por este camino corona 3 d\u00e9cadas de experiencia en dise\u00f1o, desarrollo e implementaci\u00f3n de sistemas&hellip;<\/p>\n","protected":false},"author":1,"featured_media":0,"parent":0,"menu_order":0,"comment_status":"closed","ping_status":"closed","template":"","meta":{"sfsi_plus_gutenberg_text_before_share":"","sfsi_plus_gutenberg_show_text_before_share":"","sfsi_plus_gutenberg_icon_type":"","sfsi_plus_gutenberg_icon_alignemt":"","sfsi_plus_gutenburg_max_per_row":"","footnotes":""},"_links":{"self":[{"href":"https:\/\/tixtools.com.ar\/inicio\/wp-json\/wp\/v2\/pages\/181"}],"collection":[{"href":"https:\/\/tixtools.com.ar\/inicio\/wp-json\/wp\/v2\/pages"}],"about":[{"href":"https:\/\/tixtools.com.ar\/inicio\/wp-json\/wp\/v2\/types\/page"}],"author":[{"embeddable":true,"href":"https:\/\/tixtools.com.ar\/inicio\/wp-json\/wp\/v2\/users\/1"}],"replies":[{"embeddable":true,"href":"https:\/\/tixtools.com.ar\/inicio\/wp-json\/wp\/v2\/comments?post=181"}],"version-history":[{"count":6,"href":"https:\/\/tixtools.com.ar\/inicio\/wp-json\/wp\/v2\/pages\/181\/revisions"}],"predecessor-version":[{"id":1241,"href":"https:\/\/tixtools.com.ar\/inicio\/wp-json\/wp\/v2\/pages\/181\/revisions\/1241"}],"wp:attachment":[{"href":"https:\/\/tixtools.com.ar\/inicio\/wp-json\/wp\/v2\/media?parent=181"}],"curies":[{"name":"wp","href":"https:\/\/api.w.org\/{rel}","templated":true}]}}