{"id":1495,"date":"2025-08-29T16:32:30","date_gmt":"2025-08-29T19:32:30","guid":{"rendered":"https:\/\/tixtools.com.ar\/inicio\/?page_id=1495"},"modified":"2025-08-29T16:41:22","modified_gmt":"2025-08-29T19:41:22","slug":"sincronizar-fecha-y-hora-universal","status":"publish","type":"page","link":"https:\/\/tixtools.com.ar\/inicio\/sincronizar-fecha-y-hora-universal\/","title":{"rendered":"Sincronizar Fecha y Hora Universal"},"content":{"rendered":"\n<p>Tixtools requiere que la fecha y hora de la estaci\u00f3n de trabajo est\u00e9n sincronizadas con el &#8216;reloj&#8217; universal. Aqu\u00ed explicamos el paso a paso para sincronizar autom\u00e1ticamente.<\/p>\n\n\n\n<p>Al detectar una diferencia de horarios, TIXTOOLS presentar\u00e1 un mensaje como este:<\/p>\n\n\n<div class=\"wp-block-image\">\n<figure class=\"aligncenter size-full\"><img loading=\"lazy\" decoding=\"async\" width=\"453\" height=\"244\" src=\"https:\/\/tixtools.com.ar\/wp-content\/uploads\/2025\/08\/Sincronizacion-de-fecha-y-hora.jpg\" alt=\"\" class=\"wp-image-1496\" srcset=\"https:\/\/tixtools.com.ar\/wp-content\/uploads\/2025\/08\/Sincronizacion-de-fecha-y-hora.jpg 453w, https:\/\/tixtools.com.ar\/wp-content\/uploads\/2025\/08\/Sincronizacion-de-fecha-y-hora-300x162.jpg 300w\" sizes=\"(max-width: 453px) 100vw, 453px\" \/><\/figure><\/div>\n\n\n<div style=\"height:21px\" aria-hidden=\"true\" class=\"wp-block-spacer\"><\/div>\n\n\n\n<p>Cliqueando sobre la imagen del signo de pregunta a la derecha, se enviar\u00e1 un mensaje por mail a la mesa de ayuda y soporte a fin de obtener asistencia.<\/p>\n\n\n\n<p>Cliqueando &#8216;Aceptar&#8217; se cerrar\u00e1 la aplicaci\u00f3n.<\/p>\n\n\n\n<p>Para sincronizar la fecha y hora de la estaci\u00f3n cliente los pasos son:<\/p>\n\n\n\n<ol>\n<li>Click sobre bot\u00f3n &#8216;Inicio&#8217; (generalmente bien abajo a la izquierda)<\/li>\n\n\n\n<li>Click sobre &#8216;Configuraci\u00f3n&#8217;<\/li>\n\n\n\n<li>Click sobre &#8216;Hora e Idioma&#8217;<\/li>\n\n\n\n<li>Ir a la solapa &#8216;Fecha y Hora&#8217;<\/li>\n\n\n\n<li>Activar la opci\u00f3n &#8216;Establecer la hora autom\u00e1ticamente&#8217;. Si ya aparece activada, desactivarla y luego activarla nuevamente<\/li>\n\n\n\n<li>Verificar que la zona horaria corresponda a su localizaci\u00f3n (en Argentina GMT-3) caso contrario establecer la que corresponda.<\/li>\n\n\n\n<li>Cerrar y salir de la configuraci\u00f3n. <\/li>\n<\/ol>\n\n\n\n<p>Aqui el detalle de la pantalla de configuraci\u00f3n:<\/p>\n\n\n<div class=\"wp-block-image\">\n<figure class=\"aligncenter size-full\"><img loading=\"lazy\" decoding=\"async\" width=\"733\" height=\"656\" src=\"https:\/\/tixtools.com.ar\/wp-content\/uploads\/2025\/08\/Sincronizacion-de-fecha-y-hora-2.jpg\" alt=\"\" class=\"wp-image-1497\" srcset=\"https:\/\/tixtools.com.ar\/wp-content\/uploads\/2025\/08\/Sincronizacion-de-fecha-y-hora-2.jpg 733w, https:\/\/tixtools.com.ar\/wp-content\/uploads\/2025\/08\/Sincronizacion-de-fecha-y-hora-2-300x268.jpg 300w\" sizes=\"(max-width: 733px) 100vw, 733px\" \/><\/figure><\/div>","protected":false},"excerpt":{"rendered":"<p>Tixtools requiere que la fecha y hora de la estaci\u00f3n de trabajo est\u00e9n sincronizadas con el &#8216;reloj&#8217; universal. Aqu\u00ed explicamos el paso a paso para sincronizar autom\u00e1ticamente. Al detectar una&hellip;<\/p>\n","protected":false},"author":1,"featured_media":0,"parent":0,"menu_order":0,"comment_status":"closed","ping_status":"closed","template":"","meta":{"sfsi_plus_gutenberg_text_before_share":"","sfsi_plus_gutenberg_show_text_before_share":"","sfsi_plus_gutenberg_icon_type":"","sfsi_plus_gutenberg_icon_alignemt":"","sfsi_plus_gutenburg_max_per_row":"","footnotes":""},"_links":{"self":[{"href":"https:\/\/tixtools.com.ar\/inicio\/wp-json\/wp\/v2\/pages\/1495"}],"collection":[{"href":"https:\/\/tixtools.com.ar\/inicio\/wp-json\/wp\/v2\/pages"}],"about":[{"href":"https:\/\/tixtools.com.ar\/inicio\/wp-json\/wp\/v2\/types\/page"}],"author":[{"embeddable":true,"href":"https:\/\/tixtools.com.ar\/inicio\/wp-json\/wp\/v2\/users\/1"}],"replies":[{"embeddable":true,"href":"https:\/\/tixtools.com.ar\/inicio\/wp-json\/wp\/v2\/comments?post=1495"}],"version-history":[{"count":2,"href":"https:\/\/tixtools.com.ar\/inicio\/wp-json\/wp\/v2\/pages\/1495\/revisions"}],"predecessor-version":[{"id":1501,"href":"https:\/\/tixtools.com.ar\/inicio\/wp-json\/wp\/v2\/pages\/1495\/revisions\/1501"}],"wp:attachment":[{"href":"https:\/\/tixtools.com.ar\/inicio\/wp-json\/wp\/v2\/media?parent=1495"}],"curies":[{"name":"wp","href":"https:\/\/api.w.org\/{rel}","templated":true}]}}