{"id":149,"date":"2022-08-21T19:09:51","date_gmt":"2022-08-21T22:09:51","guid":{"rendered":"https:\/\/newsite.tixtools.com.ar\/inicio\/?page_id=149"},"modified":"2022-09-03T15:22:35","modified_gmt":"2022-09-03T18:22:35","slug":"pricing","status":"publish","type":"page","link":"https:\/\/tixtools.com.ar\/inicio\/pricing\/","title":{"rendered":"PRICING"},"content":{"rendered":"\n<div class=\"wp-block-columns is-layout-flex wp-container-core-columns-layout-1 wp-block-columns-is-layout-flex\">\n<div class=\"wp-block-column is-layout-flow wp-block-column-is-layout-flow\">\n<p class=\"has-text-align-center\"><strong>Muy Importante: <\/strong>Todas las ofertas detalladas en esta p\u00e1gina se encuentran sujetas a lo especificado en <a href=\"https:\/\/newsite.tixtools.com.ar\/inicio\/terminos-y-condiciones\/\"><strong>T\u00e9rminos y Condiciones<\/strong><\/a><\/p>\n<\/div>\n<\/div>\n\n\n\n<p class=\"has-text-align-center\">Precios expresados en D\u00f3lares Estadounidenses <strong>(U$S)<\/strong><\/p>\n\n\n\n\t<div class=\"row\">\n\t\t\n\t\t<style><\/style>\n\t\t<div class=\"col-md-4\">\t\t\t\n\t\t\t<style>\n.pricingTable_348 {\n\ttext-align: center;\r\n\tborder: 1px solid #dbdbdb;\r\n\tbox-shadow: 0 0 10px rgba(0, 0, 0, 0.14);\r\n\tborder-radius: 10px;\r\n\tmargin-top: 10px;\n\tmargin-bottom: 10px;\n}\n.pricingTable_348:hover .price-value_348 {\n\ttransform: rotate(360deg);\r\n\ttransition:0.6s ease;\r\n}\n.pricingTable_348  > .pricingTable-header_348  {\n\t\tcolor: #ffffff;\n\t}\n\th3 {\n\t\tcolor: #ffffff;\n\t}\n\t.heading-background_348  {\n\t\tbackground: #f26547;\n\t}\n\t.pricingTable_348:hover .heading {\n\t\tbackground-color: #f28168;\n\t}\n\t\n\t.btn-block_348  {\n\t\tbackground: #f26547 !important;\n\t}\n\t.pricingTable_348  .btn-block_348:hover {\n\t\tbackground-color:#f28168 !important;\n\t}\n\t.btn-block_348  {\n\t\tcolor: #ffffff !important;\n\t}\n\t.pricingContent_348  > ul > li:before{\n\t\tcolor: #f26547;\n\t}\n\n.pricingTable-header_348  > .heading {\n\tdisplay: block;\r\n\tpadding: 7px 10px;\r\n\tborder-radius: 10px 10px 0 0;\r\n}\n.active .pricingTable-header_348  .heading_348  {\n\tcolor: #ffffff;\n}\n.active .heading-background_348  {\n\tbackground: #b21a1a;\n}\n.active:hover .heading{\n\tbackground-color: #720202;\n}\n.active .btn-block_348  {\n\tbackground: #b21a1a !important;\n}\n.active .btn-block_348  {\n\tcolor: #ffffff !important;\n}\n.active .btn-block_348:hover {\n\tbackground-color: #720202 !important;\n}\n.active .pricingContent_348  > ul > li:before{\n\tcolor: #b21a1a !important;\n}\n\t\n.heading_348  > h3{\n\tfont-weight:bold;\r\n\tmargin: 0; \r\n }\n.heading_348  > .subtitle{\n\tfont-size: 13px;\r\n\tmargin-top: 3px;\r\n\tdisplay: block;\r\n}\n.pricingTable-header_348  > .price-value_348 {\n\twidth: 120px;\r\n\theight: 120px;\r\n\tborder-radius: 50%;\r\n\tborder:2px solid #474747;\r\n\tdisplay: block;\r\n\tmargin: 0 auto;\r\n\tcolor:#474747;\r\n\tfont-size: 17px;\r\n\tfont-weight: 800;\r\n\tmargin-top: 10px;\r\n\tpadding: 20px 10px 0 10px;\r\n\tline-height: 35px;\r\n}\n.price-value_348  > span{\n\tfont-size: 20px;\r\n}\n.price-value_348  > .mo_348 {\n\tdisplay: inline-block;\r\n\tline-height: 0;\r\n\tpadding-top: 13px;\r\n\tborder-top: 1px solid #474747;\r\n\tletter-spacing: 2px;\r\n\tfont-size: 13px;\r\n\tmargin-top: -20px;\r\n}\n.pricingTable_348  > .pricingContent{\n\tmargin: 10px 0 0 0;\r\n}\n.pricingContent > ul{\n\tpadding: 0;\r\n\tlist-style: none;\r\n\tmargin-bottom: 0;\r\n}\n.pricingContent > ul > li{\n\tborder-top: 1px solid #dbdbdb;\r\n\tpadding: 10px 0;\r\n\ttext-align: center;\r\n\ttransition:0.4s ease-in-out;\r\n}\n.pricingContent > ul > li:hover{\n\tpadding-left: 15px;\r\n\ttransition:0.4s ease-in-out;\r\n}\n.pricingContent > ul > li:last-child{\n\tborder-bottom: 1px solid #dbdbdb;\r\n}\n.pricingTable_348  > .pricingTable-sign-up_348  {\n\tpadding: 25px 0;\r\n}\n.btn-block_348  {\n\twidth: 50% !important;\r\n\tmargin: 0 auto;\r\n\tborder:0px none;\r\n\tpadding: 10px 5px;\r\n\ttransition:0.3s ease;\r\n\tborder-radius: 0px;\r\n\tfont-size: 12px !important;\n\ttext-decoration:none !important;\n}\n\n.btn-block_348 :hover{\n\tborder-radius: 10px;\r\n}\n@media screen and (max-width: 990px){\n\t.pricingTable{\r\n\t\tmargin-bottom: 20px;\r\n\t}\r\n}\n<\/style>\n\t\t   \n\t\t\t\t<div class=\"pricingTable_348 \t\t\t\t\">\n\t\t\t\t\t<div class=\"pricingTable-header_348\">\n\t\t\t\t\t\t<span class=\"heading heading-background_348\">\n\t\t\t\t\t\t\t<h3 class=\"heading_348\">\n\t\t\t\t\t\t\t  Free\t\t\t\t\t\t\t<\/h3>\n\t\t\t\t\t\t<\/span>\n\t\t\t\t\t\t<span class=\"price-value_348\">\n\t\t\t\t\t\t\t\t\t\t\t\t\t\t\t $\t\t\t\t\t\t\t<span>\n\t\t\t\t\t\t\t\tFree\t\t\t\t\t\t\t<\/span>\n\t\t\t\t\t\t\t<span class=\"mo_348\">Gratis<\/span>\n\t\t\t\t\t\t<\/span>\n\t\t\t\t\t<\/div>\n\n\t\t\t\t\t<div class=\"pricingContent\">\n\t\t\t\t\t\t <ul>\n\t\t\t\t\t\t\t\t\t\t\t\t\t\t\t\t\t<li><i class=\"fas fa-angle-double-right\"><\/i>\n\t\t\t\t\t\t\t\t\t\tMonousuario\t\t\t\t\t\t\t\t\t\t<\/li>\n\t\t\t\t\t\t\t\t\t\t\t\t\t\t\t\t\t\t\t\t<li><i class=\"fas fa-angle-double-right\"><\/i>\n\t\t\t\t\t\t\t\t\t\tB.Datos en Access\t\t\t\t\t\t\t\t\t\t<\/li>\n\t\t\t\t\t\t\t\t\t\t\t\t\t\t\t\t\t\t\t\t<li><i class=\"fas fa-angle-double-right\"><\/i>\n\t\t\t\t\t\t\t\t\t\t50 transacciones \/ mes\t\t\t\t\t\t\t\t\t\t<\/li>\n\t\t\t\t\t\t\t\t\t\t\t\t\t\t\t\t\t\t\t\t<li><i class=\"fas fa-angle-double-right\"><\/i>\n\t\t\t\t\t\t\t\t\t\tReportes Integrados\t\t\t\t\t\t\t\t\t\t<\/li>\n\t\t\t\t\t\t\t\t\t\t\t\t\t\t\t\t\t\t\t\t<li><i class=\"fas fa-angle-double-right\"><\/i>\n\t\t\t\t\t\t\t\t\t\tSoporte on Demand con Cargo\t\t\t\t\t\t\t\t\t\t<\/li>\n\t\t\t\t\t\t\t\t\t\t\t\t\t\t\t\t<\/ul>\n\t\t\t\t\t<\/div><!-- \/  CONTENT BOX-->\n\n\t\t\t\t\t<div class=\"pricingTable-sign-up_348\">\n\t\t\t\t\t\t<a href=\"\" class=\"btn btn-block_348 btn-default\"><i style=\"margin-right: 10px; font-size: 17px;\" class=\"fas fa-sign-in-alt\"><\/i>Elegir<\/a>\n\t\t\t\t\t<\/div><!-- BUTTON BOX-->\n\t\t\t\t<\/div>\n\t\t\t\t\t\n\t\t\t\t\t\t\t\t\t<\/div> \n\t\t\t\t\n\t\t<style><\/style>\n\t\t<div class=\"col-md-4\">\t\t\t\n\t\t\t<style>\n.pricingTable_348 {\n\ttext-align: center;\r\n\tborder: 1px solid #dbdbdb;\r\n\tbox-shadow: 0 0 10px rgba(0, 0, 0, 0.14);\r\n\tborder-radius: 10px;\r\n\tmargin-top: 10px;\n\tmargin-bottom: 10px;\n}\n.pricingTable_348:hover .price-value_348 {\n\ttransform: rotate(360deg);\r\n\ttransition:0.6s ease;\r\n}\n.pricingTable_348  > .pricingTable-header_348  {\n\t\tcolor: #ffffff;\n\t}\n\th3 {\n\t\tcolor: #ffffff;\n\t}\n\t.heading-background_348  {\n\t\tbackground: #f26547;\n\t}\n\t.pricingTable_348:hover .heading {\n\t\tbackground-color: #f28168;\n\t}\n\t\n\t.btn-block_348  {\n\t\tbackground: #f26547 !important;\n\t}\n\t.pricingTable_348  .btn-block_348:hover {\n\t\tbackground-color:#f28168 !important;\n\t}\n\t.btn-block_348  {\n\t\tcolor: #ffffff !important;\n\t}\n\t.pricingContent_348  > ul > li:before{\n\t\tcolor: #f26547;\n\t}\n\n.pricingTable-header_348  > .heading {\n\tdisplay: block;\r\n\tpadding: 7px 10px;\r\n\tborder-radius: 10px 10px 0 0;\r\n}\n.active .pricingTable-header_348  .heading_348  {\n\tcolor: #ffffff;\n}\n.active .heading-background_348  {\n\tbackground: #b21a1a;\n}\n.active:hover .heading{\n\tbackground-color: #720202;\n}\n.active .btn-block_348  {\n\tbackground: #b21a1a !important;\n}\n.active .btn-block_348  {\n\tcolor: #ffffff !important;\n}\n.active .btn-block_348:hover {\n\tbackground-color: #720202 !important;\n}\n.active .pricingContent_348  > ul > li:before{\n\tcolor: #b21a1a !important;\n}\n\t\n.heading_348  > h3{\n\tfont-weight:bold;\r\n\tmargin: 0; \r\n }\n.heading_348  > .subtitle{\n\tfont-size: 13px;\r\n\tmargin-top: 3px;\r\n\tdisplay: block;\r\n}\n.pricingTable-header_348  > .price-value_348 {\n\twidth: 120px;\r\n\theight: 120px;\r\n\tborder-radius: 50%;\r\n\tborder:2px solid #474747;\r\n\tdisplay: block;\r\n\tmargin: 0 auto;\r\n\tcolor:#474747;\r\n\tfont-size: 17px;\r\n\tfont-weight: 800;\r\n\tmargin-top: 10px;\r\n\tpadding: 20px 10px 0 10px;\r\n\tline-height: 35px;\r\n}\n.price-value_348  > span{\n\tfont-size: 20px;\r\n}\n.price-value_348  > .mo_348 {\n\tdisplay: inline-block;\r\n\tline-height: 0;\r\n\tpadding-top: 13px;\r\n\tborder-top: 1px solid #474747;\r\n\tletter-spacing: 2px;\r\n\tfont-size: 13px;\r\n\tmargin-top: -20px;\r\n}\n.pricingTable_348  > .pricingContent{\n\tmargin: 10px 0 0 0;\r\n}\n.pricingContent > ul{\n\tpadding: 0;\r\n\tlist-style: none;\r\n\tmargin-bottom: 0;\r\n}\n.pricingContent > ul > li{\n\tborder-top: 1px solid #dbdbdb;\r\n\tpadding: 10px 0;\r\n\ttext-align: center;\r\n\ttransition:0.4s ease-in-out;\r\n}\n.pricingContent > ul > li:hover{\n\tpadding-left: 15px;\r\n\ttransition:0.4s ease-in-out;\r\n}\n.pricingContent > ul > li:last-child{\n\tborder-bottom: 1px solid #dbdbdb;\r\n}\n.pricingTable_348  > .pricingTable-sign-up_348  {\n\tpadding: 25px 0;\r\n}\n.btn-block_348  {\n\twidth: 50% !important;\r\n\tmargin: 0 auto;\r\n\tborder:0px none;\r\n\tpadding: 10px 5px;\r\n\ttransition:0.3s ease;\r\n\tborder-radius: 0px;\r\n\tfont-size: 12px !important;\n\ttext-decoration:none !important;\n}\n\n.btn-block_348 :hover{\n\tborder-radius: 10px;\r\n}\n@media screen and (max-width: 990px){\n\t.pricingTable{\r\n\t\tmargin-bottom: 20px;\r\n\t}\r\n}\n<\/style>\n\t\t   \n\t\t\t\t<div class=\"pricingTable_348 active\t\t\t\t\">\n\t\t\t\t\t<div class=\"pricingTable-header_348\">\n\t\t\t\t\t\t<span class=\"heading heading-background_348\">\n\t\t\t\t\t\t\t<h3 class=\"heading_348\">\n\t\t\t\t\t\t\t  SaaS\t\t\t\t\t\t\t<\/h3>\n\t\t\t\t\t\t<\/span>\n\t\t\t\t\t\t<span class=\"price-value_348\">\n\t\t\t\t\t\t\t\t\t\t\t\t\t\t\t $\t\t\t\t\t\t\t<span>\n\t\t\t\t\t\t\t\t49.-\t\t\t\t\t\t\t<\/span>\n\t\t\t\t\t\t\t<span class=\"mo_348\">Mensual<\/span>\n\t\t\t\t\t\t<\/span>\n\t\t\t\t\t<\/div>\n\n\t\t\t\t\t<div class=\"pricingContent\">\n\t\t\t\t\t\t <ul>\n\t\t\t\t\t\t\t\t\t\t\t\t\t\t\t\t\t<li><i class=\"fas fa-angle-double-right\"><\/i>\n\t\t\t\t\t\t\t\t\t\tMultiusuario\t\t\t\t\t\t\t\t\t\t<\/li>\n\t\t\t\t\t\t\t\t\t\t\t\t\t\t\t\t\t\t\t\t<li><i class=\"fas fa-angle-double-right\"><\/i>\n\t\t\t\t\t\t\t\t\t\tProceso Concurrente\t\t\t\t\t\t\t\t\t\t<\/li>\n\t\t\t\t\t\t\t\t\t\t\t\t\t\t\t\t\t\t\t\t<li><i class=\"fas fa-angle-double-right\"><\/i>\n\t\t\t\t\t\t\t\t\t\tBD SQL Server\t\t\t\t\t\t\t\t\t\t<\/li>\n\t\t\t\t\t\t\t\t\t\t\t\t\t\t\t\t\t\t\t\t<li><i class=\"fas fa-angle-double-right\"><\/i>\n\t\t\t\t\t\t\t\t\t\tTransacciones s\/limite\t\t\t\t\t\t\t\t\t\t<\/li>\n\t\t\t\t\t\t\t\t\t\t\t\t\t\t\t\t\t\t\t\t<li><i class=\"fas fa-angle-double-right\"><\/i>\n\t\t\t\t\t\t\t\t\t\tIncluye Soporte y Actualizacion\t\t\t\t\t\t\t\t\t\t<\/li>\n\t\t\t\t\t\t\t\t\t\t\t\t\t\t\t\t<\/ul>\n\t\t\t\t\t<\/div><!-- \/  CONTENT BOX-->\n\n\t\t\t\t\t<div class=\"pricingTable-sign-up_348\">\n\t\t\t\t\t\t<a href=\"\" class=\"btn btn-block_348 btn-default\"><i style=\"margin-right: 10px; font-size: 17px;\" class=\"fas fa-sign-in-alt\"><\/i>Elegir<\/a>\n\t\t\t\t\t<\/div><!-- BUTTON BOX-->\n\t\t\t\t<\/div>\n\t\t\t\t\t\n\t\t\t\t\t\t\t\t\t<\/div> \n\t\t\t\t\n\t\t<style><\/style>\n\t\t<div class=\"col-md-4\">\t\t\t\n\t\t\t<style>\n.pricingTable_348 {\n\ttext-align: center;\r\n\tborder: 1px solid #dbdbdb;\r\n\tbox-shadow: 0 0 10px rgba(0, 0, 0, 0.14);\r\n\tborder-radius: 10px;\r\n\tmargin-top: 10px;\n\tmargin-bottom: 10px;\n}\n.pricingTable_348:hover .price-value_348 {\n\ttransform: rotate(360deg);\r\n\ttransition:0.6s ease;\r\n}\n.pricingTable_348  > .pricingTable-header_348  {\n\t\tcolor: #ffffff;\n\t}\n\th3 {\n\t\tcolor: #ffffff;\n\t}\n\t.heading-background_348  {\n\t\tbackground: #f26547;\n\t}\n\t.pricingTable_348:hover .heading {\n\t\tbackground-color: #f28168;\n\t}\n\t\n\t.btn-block_348  {\n\t\tbackground: #f26547 !important;\n\t}\n\t.pricingTable_348  .btn-block_348:hover {\n\t\tbackground-color:#f28168 !important;\n\t}\n\t.btn-block_348  {\n\t\tcolor: #ffffff !important;\n\t}\n\t.pricingContent_348  > ul > li:before{\n\t\tcolor: #f26547;\n\t}\n\n.pricingTable-header_348  > .heading {\n\tdisplay: block;\r\n\tpadding: 7px 10px;\r\n\tborder-radius: 10px 10px 0 0;\r\n}\n.active .pricingTable-header_348  .heading_348  {\n\tcolor: #ffffff;\n}\n.active .heading-background_348  {\n\tbackground: #b21a1a;\n}\n.active:hover .heading{\n\tbackground-color: #720202;\n}\n.active .btn-block_348  {\n\tbackground: #b21a1a !important;\n}\n.active .btn-block_348  {\n\tcolor: #ffffff !important;\n}\n.active .btn-block_348:hover {\n\tbackground-color: #720202 !important;\n}\n.active .pricingContent_348  > ul > li:before{\n\tcolor: #b21a1a !important;\n}\n\t\n.heading_348  > h3{\n\tfont-weight:bold;\r\n\tmargin: 0; \r\n }\n.heading_348  > .subtitle{\n\tfont-size: 13px;\r\n\tmargin-top: 3px;\r\n\tdisplay: block;\r\n}\n.pricingTable-header_348  > .price-value_348 {\n\twidth: 120px;\r\n\theight: 120px;\r\n\tborder-radius: 50%;\r\n\tborder:2px solid #474747;\r\n\tdisplay: block;\r\n\tmargin: 0 auto;\r\n\tcolor:#474747;\r\n\tfont-size: 17px;\r\n\tfont-weight: 800;\r\n\tmargin-top: 10px;\r\n\tpadding: 20px 10px 0 10px;\r\n\tline-height: 35px;\r\n}\n.price-value_348  > span{\n\tfont-size: 20px;\r\n}\n.price-value_348  > .mo_348 {\n\tdisplay: inline-block;\r\n\tline-height: 0;\r\n\tpadding-top: 13px;\r\n\tborder-top: 1px solid #474747;\r\n\tletter-spacing: 2px;\r\n\tfont-size: 13px;\r\n\tmargin-top: -20px;\r\n}\n.pricingTable_348  > .pricingContent{\n\tmargin: 10px 0 0 0;\r\n}\n.pricingContent > ul{\n\tpadding: 0;\r\n\tlist-style: none;\r\n\tmargin-bottom: 0;\r\n}\n.pricingContent > ul > li{\n\tborder-top: 1px solid #dbdbdb;\r\n\tpadding: 10px 0;\r\n\ttext-align: center;\r\n\ttransition:0.4s ease-in-out;\r\n}\n.pricingContent > ul > li:hover{\n\tpadding-left: 15px;\r\n\ttransition:0.4s ease-in-out;\r\n}\n.pricingContent > ul > li:last-child{\n\tborder-bottom: 1px solid #dbdbdb;\r\n}\n.pricingTable_348  > .pricingTable-sign-up_348  {\n\tpadding: 25px 0;\r\n}\n.btn-block_348  {\n\twidth: 50% !important;\r\n\tmargin: 0 auto;\r\n\tborder:0px none;\r\n\tpadding: 10px 5px;\r\n\ttransition:0.3s ease;\r\n\tborder-radius: 0px;\r\n\tfont-size: 12px !important;\n\ttext-decoration:none !important;\n}\n\n.btn-block_348 :hover{\n\tborder-radius: 10px;\r\n}\n@media screen and (max-width: 990px){\n\t.pricingTable{\r\n\t\tmargin-bottom: 20px;\r\n\t}\r\n}\n<\/style>\n\t\t   \n\t\t\t\t<div class=\"pricingTable_348 \t\t\t\t\">\n\t\t\t\t\t<div class=\"pricingTable-header_348\">\n\t\t\t\t\t\t<span class=\"heading heading-background_348\">\n\t\t\t\t\t\t\t<h3 class=\"heading_348\">\n\t\t\t\t\t\t\t  Full Licence\t\t\t\t\t\t\t<\/h3>\n\t\t\t\t\t\t<\/span>\n\t\t\t\t\t\t<span class=\"price-value_348\">\n\t\t\t\t\t\t\t\t\t\t\t\t\t\t\t $\t\t\t\t\t\t\t<span>\n\t\t\t\t\t\t\t\t399.-\t\t\t\t\t\t\t<\/span>\n\t\t\t\t\t\t\t<span class=\"mo_348\">Unica Vez<\/span>\n\t\t\t\t\t\t<\/span>\n\t\t\t\t\t<\/div>\n\n\t\t\t\t\t<div class=\"pricingContent\">\n\t\t\t\t\t\t <ul>\n\t\t\t\t\t\t\t\t\t\t\t\t\t\t\t\t\t<li><i class=\"fas fa-angle-double-right\"><\/i>\n\t\t\t\t\t\t\t\t\t\tMultiusuario\t\t\t\t\t\t\t\t\t\t<\/li>\n\t\t\t\t\t\t\t\t\t\t\t\t\t\t\t\t\t\t\t\t<li><i class=\"fas fa-angle-double-right\"><\/i>\n\t\t\t\t\t\t\t\t\t\tProceso Concurrente\t\t\t\t\t\t\t\t\t\t<\/li>\n\t\t\t\t\t\t\t\t\t\t\t\t\t\t\t\t\t\t\t\t<li><i class=\"fas fa-angle-double-right\"><\/i>\n\t\t\t\t\t\t\t\t\t\tBD SQL Server\t\t\t\t\t\t\t\t\t\t<\/li>\n\t\t\t\t\t\t\t\t\t\t\t\t\t\t\t\t\t\t\t\t<li><i class=\"fas fa-angle-double-right\"><\/i>\n\t\t\t\t\t\t\t\t\t\tTransacciones s\/limite\t\t\t\t\t\t\t\t\t\t<\/li>\n\t\t\t\t\t\t\t\t\t\t\t\t\t\t\t\t\t\t\t\t<li><i class=\"fas fa-angle-double-right\"><\/i>\n\t\t\t\t\t\t\t\t\t\tSoporte Opcional Bonificado 3 meses\t\t\t\t\t\t\t\t\t\t<\/li>\n\t\t\t\t\t\t\t\t\t\t\t\t\t\t\t\t<\/ul>\n\t\t\t\t\t<\/div><!-- \/  CONTENT BOX-->\n\n\t\t\t\t\t<div class=\"pricingTable-sign-up_348\">\n\t\t\t\t\t\t<a href=\"\" class=\"btn btn-block_348 btn-default\"><i style=\"margin-right: 10px; font-size: 17px;\" class=\"fas fa-sign-in-alt\"><\/i>Elegir<\/a>\n\t\t\t\t\t<\/div><!-- BUTTON BOX-->\n\t\t\t\t<\/div>\n\t\t\t\t\t\n\t\t\t\t\t\t\t\t\t<\/div> \n\t\t\t\t<\/div>\n\t\n","protected":false},"excerpt":{"rendered":"<p>Muy Importante: Todas las ofertas detalladas en esta p\u00e1gina se encuentran sujetas a lo especificado en T\u00e9rminos y Condiciones Precios expresados en D\u00f3lares Estadounidenses (U$S)<\/p>\n","protected":false},"author":1,"featured_media":0,"parent":0,"menu_order":0,"comment_status":"closed","ping_status":"closed","template":"","meta":{"sfsi_plus_gutenberg_text_before_share":"","sfsi_plus_gutenberg_show_text_before_share":"","sfsi_plus_gutenberg_icon_type":"","sfsi_plus_gutenberg_icon_alignemt":"","sfsi_plus_gutenburg_max_per_row":"","footnotes":""},"_links":{"self":[{"href":"https:\/\/tixtools.com.ar\/inicio\/wp-json\/wp\/v2\/pages\/149"}],"collection":[{"href":"https:\/\/tixtools.com.ar\/inicio\/wp-json\/wp\/v2\/pages"}],"about":[{"href":"https:\/\/tixtools.com.ar\/inicio\/wp-json\/wp\/v2\/types\/page"}],"author":[{"embeddable":true,"href":"https:\/\/tixtools.com.ar\/inicio\/wp-json\/wp\/v2\/users\/1"}],"replies":[{"embeddable":true,"href":"https:\/\/tixtools.com.ar\/inicio\/wp-json\/wp\/v2\/comments?post=149"}],"version-history":[{"count":17,"href":"https:\/\/tixtools.com.ar\/inicio\/wp-json\/wp\/v2\/pages\/149\/revisions"}],"predecessor-version":[{"id":843,"href":"https:\/\/tixtools.com.ar\/inicio\/wp-json\/wp\/v2\/pages\/149\/revisions\/843"}],"wp:attachment":[{"href":"https:\/\/tixtools.com.ar\/inicio\/wp-json\/wp\/v2\/media?parent=149"}],"curies":[{"name":"wp","href":"https:\/\/api.w.org\/{rel}","templated":true}]}}