{"id":1483,"date":"2025-07-17T13:52:10","date_gmt":"2025-07-17T16:52:10","guid":{"rendered":"https:\/\/tixtools.com.ar\/inicio\/?page_id=1483"},"modified":"2025-07-17T13:56:36","modified_gmt":"2025-07-17T16:56:36","slug":"como-realizar-descarga-y-compactacion","status":"publish","type":"page","link":"https:\/\/tixtools.com.ar\/inicio\/como-realizar-descarga-y-compactacion\/","title":{"rendered":"Como Realizar Descarga y Compactaci\u00f3n"},"content":{"rendered":"\n<p>Al ingresar al <strong>TIXTOOLS<\/strong> puede presentarse un mensaje indicando que la Base de Datos est\u00e1 pr\u00f3xima a saturarse y recomendando proceso de descarga y compactaci\u00f3n.<\/p>\n\n\n\n<p>En motores de base de datos SQL Express Edition el tama\u00f1o total de la base de datos est\u00e1 limitado a 10 Gb, por lo que es necesario realizar este tipo de descarga antas de alcanzar ese l\u00edmite. A\u00fan en otros motores tales como SQL Server y MySQL que no tienen esa limitaci\u00f3n se recomienda una peri\u00f3dica depuraci\u00f3n con el fin de mejorar el rendimiento.<\/p>\n\n\n\n<p>El proceso de descarga guarda datos &#8216;viejos&#8217; en un repositorio distinto, quedando igualmente accesibles pero con menor velocidad.<\/p>\n\n\n\n<p>Las tablas que suelen descargarse son:<\/p>\n\n\n\n<p>a) La de auditor\u00eda de transacciones<br>b) La de correos enviados desde el sistema<\/p>\n\n\n\n<p>Para acceder a estos utilitarios, desde el escritorio del sistema vaya a Configuraci\u00f3n &#8211;> Configuraci\u00f3n General &#8211;> Solapa Utilitarios. <strong>Con privilegios de supervisor (!!!)<\/strong><\/p>\n\n\n<div class=\"wp-block-image\">\n<figure class=\"aligncenter size-full\"><img loading=\"lazy\" decoding=\"async\" width=\"711\" height=\"522\" src=\"https:\/\/tixtools.com.ar\/wp-content\/uploads\/2025\/07\/Utilitarios-de-Descarga.jpg\" alt=\"\" class=\"wp-image-1486\" srcset=\"https:\/\/tixtools.com.ar\/wp-content\/uploads\/2025\/07\/Utilitarios-de-Descarga.jpg 711w, https:\/\/tixtools.com.ar\/wp-content\/uploads\/2025\/07\/Utilitarios-de-Descarga-300x220.jpg 300w\" sizes=\"(max-width: 711px) 100vw, 711px\" \/><\/figure><\/div>\n\n\n<div style=\"height:26px\" aria-hidden=\"true\" class=\"wp-block-spacer\"><\/div>\n\n\n\n<p>Seleccione la tabla a descargar mediante click sobre el bot\u00f3n correspondiente: AUDITRANS para Auditor\u00eda de Transacciones; CORREOS para e-mails enviados.<\/p>\n\n\n\n<p>Introduzca la Fecha de Corte en formato &#8216;dd\/MM\/aa&#8217;. Se descargar\u00e1n los registros con fecha anterior a la elegida. Recomendable elegir una fecha de 6 a 12 meses atr\u00e1s. Click sobre &#8216;Aceptar&#8217;<\/p>\n\n\n\n<p>Introduzca el tama\u00f1o de corte en bytes. Se descargar\u00e1n los registros cuyo tama\u00f1o supera el tama\u00f1o de corte. Recomendado un tama\u00f1o de corte de 1000. Click sobre &#8216;Aceptar&#8217;.<\/p>\n\n\n\n<p>Confirme la indexaci\u00f3n previa. Este proceso demora un poco, pero luego acelera el proceso de descarga.<\/p>\n\n\n\n<p>Espere a que finalice el proceso. Esto puede demorar varias horas. Mientras tanto puede seguir utilizando el sistema trayendo al frente la pantalla del escritorio, pero sin cerrar la pantalla de configuraci\u00f3n y utilitarios.<\/p>\n\n\n\n<p>Una vez completado puede realizar la reducci\u00f3n de la base de datos (solo para SQL Server General o Express Edition) mediante SQL Management Studio, eligiendo la base de datos &#8211;&gt; Tareas &#8211;&gt; Reducir &#8211;&gt; Base de Datos. <\/p>\n\n\n\n<p><\/p>\n","protected":false},"excerpt":{"rendered":"<p>Al ingresar al TIXTOOLS puede presentarse un mensaje indicando que la Base de Datos est\u00e1 pr\u00f3xima a saturarse y recomendando proceso de descarga y compactaci\u00f3n. En motores de base de&hellip;<\/p>\n","protected":false},"author":1,"featured_media":0,"parent":0,"menu_order":0,"comment_status":"closed","ping_status":"closed","template":"","meta":{"sfsi_plus_gutenberg_text_before_share":"","sfsi_plus_gutenberg_show_text_before_share":"","sfsi_plus_gutenberg_icon_type":"","sfsi_plus_gutenberg_icon_alignemt":"","sfsi_plus_gutenburg_max_per_row":"","footnotes":""},"_links":{"self":[{"href":"https:\/\/tixtools.com.ar\/inicio\/wp-json\/wp\/v2\/pages\/1483"}],"collection":[{"href":"https:\/\/tixtools.com.ar\/inicio\/wp-json\/wp\/v2\/pages"}],"about":[{"href":"https:\/\/tixtools.com.ar\/inicio\/wp-json\/wp\/v2\/types\/page"}],"author":[{"embeddable":true,"href":"https:\/\/tixtools.com.ar\/inicio\/wp-json\/wp\/v2\/users\/1"}],"replies":[{"embeddable":true,"href":"https:\/\/tixtools.com.ar\/inicio\/wp-json\/wp\/v2\/comments?post=1483"}],"version-history":[{"count":7,"href":"https:\/\/tixtools.com.ar\/inicio\/wp-json\/wp\/v2\/pages\/1483\/revisions"}],"predecessor-version":[{"id":1493,"href":"https:\/\/tixtools.com.ar\/inicio\/wp-json\/wp\/v2\/pages\/1483\/revisions\/1493"}],"wp:attachment":[{"href":"https:\/\/tixtools.com.ar\/inicio\/wp-json\/wp\/v2\/media?parent=1483"}],"curies":[{"name":"wp","href":"https:\/\/api.w.org\/{rel}","templated":true}]}}