{"id":1471,"date":"2025-07-04T15:41:32","date_gmt":"2025-07-04T18:41:32","guid":{"rendered":"https:\/\/tixtools.com.ar\/inicio\/?page_id=1471"},"modified":"2025-07-04T15:41:32","modified_gmt":"2025-07-04T18:41:32","slug":"configurar-privilegios-de-supervisor","status":"publish","type":"page","link":"https:\/\/tixtools.com.ar\/inicio\/configurar-privilegios-de-supervisor\/","title":{"rendered":"Configurar Privilegios de Supervisor"},"content":{"rendered":"\n<p>TIXTOOLS permite otorgar (y quitar) privilegios de supervisor para uno o varios usuarios elegidos.<\/p>\n\n\n\n<p>Los privilegios de supervisor permiten:<\/p>\n\n\n\n<p>a) Acceder a las opciones de configuraci\u00f3n (excluidas las reservadas para el desarrollador).<br>b) Obtener privilegio de lectura + escritura para todas las transacciones y consultas del sistema.<\/p>\n\n\n\n<p>Estos privilegios deben utilizarse responsablemente, teniendo presente que toda transacci\u00f3n y consulta lleva firma electr\u00f3nica y timestamp del usuario que la realiz\u00f3.<\/p>\n\n\n\n<p>Para crear o modificar usuarios y derechos se debe acceder desde el escritorio TixTools por Configuraci\u00f3n \u2013&gt; Configuraci\u00f3n General. Luego ir a la solapa \u2018Usuarios y Derechos\u2019.<\/p>\n\n\n\n<p><strong>El usuario conectado debe ser el supervisor o tener privilegios de supervisor<\/strong>.<\/p>\n\n\n\n<p>De la lista desplegada elija al usuario mediante click.<\/p>\n\n\n\n<figure class=\"wp-block-image size-full\"><img loading=\"lazy\" decoding=\"async\" width=\"702\" height=\"520\" src=\"https:\/\/tixtools.com.ar\/wp-content\/uploads\/2025\/07\/Configurar-Privilegios-de-Supervisor-1.jpg\" alt=\"\" class=\"wp-image-1473\" srcset=\"https:\/\/tixtools.com.ar\/wp-content\/uploads\/2025\/07\/Configurar-Privilegios-de-Supervisor-1.jpg 702w, https:\/\/tixtools.com.ar\/wp-content\/uploads\/2025\/07\/Configurar-Privilegios-de-Supervisor-1-300x222.jpg 300w\" sizes=\"(max-width: 702px) 100vw, 702px\" \/><\/figure>\n\n\n\n<p>Luego tilde o des-tilde el casillero &#8216;Superv&#8217; seg\u00fan quiera otorgar o suprimir privilegios de supervisor para este usuario. Finalice con click sobre bot\u00f3n &#8216;Save&#8217; para guardar.<\/p>\n\n\n\n<p>Tenga presente que al salir de la configuraci\u00f3n (bot\u00f3n X arriba a la derecha) se re-iniciar\u00e1 el sistema.<\/p>\n\n\n\n<p> <\/p>\n","protected":false},"excerpt":{"rendered":"<p>TIXTOOLS permite otorgar (y quitar) privilegios de supervisor para uno o varios usuarios elegidos. Los privilegios de supervisor permiten: a) Acceder a las opciones de configuraci\u00f3n (excluidas las reservadas para&hellip;<\/p>\n","protected":false},"author":1,"featured_media":0,"parent":0,"menu_order":0,"comment_status":"closed","ping_status":"closed","template":"","meta":{"sfsi_plus_gutenberg_text_before_share":"","sfsi_plus_gutenberg_show_text_before_share":"","sfsi_plus_gutenberg_icon_type":"","sfsi_plus_gutenberg_icon_alignemt":"","sfsi_plus_gutenburg_max_per_row":"","footnotes":""},"_links":{"self":[{"href":"https:\/\/tixtools.com.ar\/inicio\/wp-json\/wp\/v2\/pages\/1471"}],"collection":[{"href":"https:\/\/tixtools.com.ar\/inicio\/wp-json\/wp\/v2\/pages"}],"about":[{"href":"https:\/\/tixtools.com.ar\/inicio\/wp-json\/wp\/v2\/types\/page"}],"author":[{"embeddable":true,"href":"https:\/\/tixtools.com.ar\/inicio\/wp-json\/wp\/v2\/users\/1"}],"replies":[{"embeddable":true,"href":"https:\/\/tixtools.com.ar\/inicio\/wp-json\/wp\/v2\/comments?post=1471"}],"version-history":[{"count":1,"href":"https:\/\/tixtools.com.ar\/inicio\/wp-json\/wp\/v2\/pages\/1471\/revisions"}],"predecessor-version":[{"id":1474,"href":"https:\/\/tixtools.com.ar\/inicio\/wp-json\/wp\/v2\/pages\/1471\/revisions\/1474"}],"wp:attachment":[{"href":"https:\/\/tixtools.com.ar\/inicio\/wp-json\/wp\/v2\/media?parent=1471"}],"curies":[{"name":"wp","href":"https:\/\/api.w.org\/{rel}","templated":true}]}}