{"id":1443,"date":"2025-03-31T18:53:07","date_gmt":"2025-03-31T21:53:07","guid":{"rendered":"https:\/\/tixtools.com.ar\/inicio\/?page_id=1443"},"modified":"2025-03-31T18:55:32","modified_gmt":"2025-03-31T21:55:32","slug":"trazabilidad-consultar-lote-del-proveedor","status":"publish","type":"page","link":"https:\/\/tixtools.com.ar\/inicio\/trazabilidad-consultar-lote-del-proveedor\/","title":{"rendered":"Trazabilidad &#8211; Consultar Lote del Proveedor"},"content":{"rendered":"\n<p>Existen varios caminos para consultar el numero de lote original del proveedor para un cierto lote de nuestro inventario.<\/p>\n\n\n\n<p><strong>Opci\u00f3n 1:<\/strong> Por la ficha de movimientos de stock: <strong>Log\u00edstica &#8211;> Control de Existencias y Movimientos &#8211;> Ficha de movimientos.<\/strong><\/p>\n\n\n\n<p>All\u00ed puede ingresar el c\u00f3digo del material o bien seleccionarlo del desplegable. Presentada la lista, hacer doble-click en &#8216;Doble-Click para Consulta por Lote&#8217; y en la pantalla siguiente seleccionar el identificador de lote (propio) buscado. En el sector derecho del encabezado de pantalla aparecer\u00e1 el lote original del proveedor. En caso de productos de fabricaci\u00f3n propia creados por Orden de producci\u00f3n, aparecer\u00e1 el mismo identificador de lote.<\/p>\n\n\n<div class=\"wp-block-image\">\n<figure class=\"aligncenter size-full\"><img loading=\"lazy\" decoding=\"async\" width=\"584\" height=\"198\" src=\"https:\/\/tixtools.com.ar\/wp-content\/uploads\/2025\/03\/Lote-del-proveedor.jpg\" alt=\"\" class=\"wp-image-1444\" srcset=\"https:\/\/tixtools.com.ar\/wp-content\/uploads\/2025\/03\/Lote-del-proveedor.jpg 584w, https:\/\/tixtools.com.ar\/wp-content\/uploads\/2025\/03\/Lote-del-proveedor-300x102.jpg 300w\" sizes=\"(max-width: 584px) 100vw, 584px\" \/><\/figure><\/div>\n\n\n<div style=\"height:28px\" aria-hidden=\"true\" class=\"wp-block-spacer\"><\/div>\n\n\n\n<p><strong>Opci\u00f3n 2:<\/strong> Por consulta de Disponibilidad de Stocks: <strong>Log\u00edstica &#8211;> Control de Existencias y Movimientos &#8211;> Control de Existencias &#8211;> Consulta Disponible por Art\u00edculo<\/strong><\/p>\n\n\n\n<p>En la pantalla ingresar el c\u00f3digo del art\u00edculo o bien (mejor) seleccionarlo del desplegable. Luego hacer doble-click sobre el casillero que presenta la existencia. Aparecer\u00e1 un listado con los lotes que componen esa existencia y en la cuarta columna aparece el lote del proveedor correspondiente a cada uno.<\/p>\n\n\n\n<p><strong>Importante: <\/strong>La Opci\u00f3n 2 unicamente para lotes a\u00fan en existencia &#8230; los ya consumidos no aparecen, pero s\u00ed con la opci\u00f3n 1.<\/p>\n\n\n\n<p><\/p>\n\n\n\n<p><\/p>\n","protected":false},"excerpt":{"rendered":"<p>Existen varios caminos para consultar el numero de lote original del proveedor para un cierto lote de nuestro inventario. Opci\u00f3n 1: Por la ficha de movimientos de stock: Log\u00edstica &#8211;>&hellip;<\/p>\n","protected":false},"author":1,"featured_media":0,"parent":0,"menu_order":0,"comment_status":"closed","ping_status":"closed","template":"","meta":{"sfsi_plus_gutenberg_text_before_share":"","sfsi_plus_gutenberg_show_text_before_share":"","sfsi_plus_gutenberg_icon_type":"","sfsi_plus_gutenberg_icon_alignemt":"","sfsi_plus_gutenburg_max_per_row":"","footnotes":""},"_links":{"self":[{"href":"https:\/\/tixtools.com.ar\/inicio\/wp-json\/wp\/v2\/pages\/1443"}],"collection":[{"href":"https:\/\/tixtools.com.ar\/inicio\/wp-json\/wp\/v2\/pages"}],"about":[{"href":"https:\/\/tixtools.com.ar\/inicio\/wp-json\/wp\/v2\/types\/page"}],"author":[{"embeddable":true,"href":"https:\/\/tixtools.com.ar\/inicio\/wp-json\/wp\/v2\/users\/1"}],"replies":[{"embeddable":true,"href":"https:\/\/tixtools.com.ar\/inicio\/wp-json\/wp\/v2\/comments?post=1443"}],"version-history":[{"count":2,"href":"https:\/\/tixtools.com.ar\/inicio\/wp-json\/wp\/v2\/pages\/1443\/revisions"}],"predecessor-version":[{"id":1448,"href":"https:\/\/tixtools.com.ar\/inicio\/wp-json\/wp\/v2\/pages\/1443\/revisions\/1448"}],"wp:attachment":[{"href":"https:\/\/tixtools.com.ar\/inicio\/wp-json\/wp\/v2\/media?parent=1443"}],"curies":[{"name":"wp","href":"https:\/\/api.w.org\/{rel}","templated":true}]}}