{"id":1419,"date":"2025-03-30T19:26:13","date_gmt":"2025-03-30T22:26:13","guid":{"rendered":"https:\/\/tixtools.com.ar\/inicio\/?page_id=1419"},"modified":"2025-03-30T19:59:47","modified_gmt":"2025-03-30T22:59:47","slug":"asignacion-de-lotes-a-orden-de-produccion","status":"publish","type":"page","link":"https:\/\/tixtools.com.ar\/inicio\/asignacion-de-lotes-a-orden-de-produccion\/","title":{"rendered":"Asignaci\u00f3n de Lotes a Orden de Produccion"},"content":{"rendered":"\n<p>TixTools incluye un sofisticado mecanismo de asignaci\u00f3n de lotes de insumos a una orden de producci\u00f3n, denominado &#8216;picking&#8217;. Sin embargo este mecanismo automatizado a veces arroja resultados inesperados o indeseados.<\/p>\n\n\n\n<p>Para m\u00e1s informaci\u00f3n acerca de c\u00f3mo opera y se puede re-configurar el algoritmo del picking consulte la p\u00e1gina <a href=\"https:\/\/tixtools.com.ar\/inicio\/por-que-el-picking-no-me-toma-un-lote\/\"><strong>https:\/\/tixtools.com.ar\/inicio\/por-que-el-picking-no-me-toma-un-lote\/<\/strong><\/a><\/p>\n\n\n\n<p>Aqui discutimos las opciones disponibles para &#8216;forzar&#8217; ciertos comportamientos del picking.<\/p>\n\n\n\n<p>El ordenamiento &#8216;normal&#8217; (aunque configurable) del picking automatizado el siguiente:<\/p>\n\n\n\n<p>1. Descarta los lotes no aprobados, vencidos o con rean\u00e1lisis vencido.<br>2. Los que quedan los toma en orden por a) Fecha de vencimiento, b) Fecha de alta o recepci\u00f3n, c) Cantidad de saldo. Esto \u00faltimo para que en igualdad de las dos primeras condiciones consuma primero los lotes m\u00e1s peque\u00f1os.<\/p>\n\n\n\n<p>Lo anterior significa que si de un insumo hay dos lotes con la misma fecha de vencimiento y la misma fecha de recepci\u00f3n, va a asignar primero el m\u00e1s peque\u00f1o y luego &#8216;completar&#8217; con el segundo lote.<\/p>\n\n\n\n<p>Una forma de evitar lo anterior es colocar en cuarentena el lote indeseado (<strong>Logistica &#8211;&gt; Movimientos de Stock &#8211;&gt; Ajustes y Transferencias &#8211;&gt; Transferencias de Stock &#8211;&gt; Aprobados a CUARENTENA<\/strong>) y luego realizar el picking normalmente. Una vez realizado, el lote indeseado puede nuevamente aprobarse.<\/p>\n\n\n\n<p>Otra manera es ajustar la fecha de vencimiento del lote indeseado a una posterior a la del lote que se quiere utilizar. Para ello <strong>Log\u00edstica &#8211;&gt; Movimientos de Stock &#8211;&gt; Ingresos a Dep\u00f3sito &#8211;&gt; Correccion  N\u00famero An\u00e1lisis:<\/strong><\/p>\n\n\n<div class=\"wp-block-image\">\n<figure class=\"aligncenter size-full\"><img loading=\"lazy\" decoding=\"async\" width=\"488\" height=\"291\" src=\"https:\/\/tixtools.com.ar\/wp-content\/uploads\/2025\/03\/Correccion-Numero-de-Analisis.jpg\" alt=\"\" class=\"wp-image-1420\" srcset=\"https:\/\/tixtools.com.ar\/wp-content\/uploads\/2025\/03\/Correccion-Numero-de-Analisis.jpg 488w, https:\/\/tixtools.com.ar\/wp-content\/uploads\/2025\/03\/Correccion-Numero-de-Analisis-300x179.jpg 300w\" sizes=\"(max-width: 488px) 100vw, 488px\" \/><\/figure><\/div>\n\n\n<div style=\"height:23px\" aria-hidden=\"true\" class=\"wp-block-spacer\"><\/div>\n\n\n\n<p>Luego de realizado el picking, volver a corregir la fecha de vencimiento al valor correcto.<\/p>\n\n\n\n<p>El inconveniente de ambos procedimientos indicados es que dejan registro de transacciones &#8216;falsas&#8217;, lo que frente a una auditor\u00eda puede presentar dificultades.<\/p>\n\n\n\n<p>Aqu\u00ed entonces los procedimientos correctos y acordes con la GMP&#8217;s:<\/p>\n\n\n\n<p><strong>Opci\u00f3n 1:<\/strong><\/p>\n\n\n\n<p>1. Generar la Orden de Producci\u00f3n <strong>SIN REALIZAR EL PICKING<\/strong><br>2. <strong>Log\u00edstica &#8211;&gt; Movimientos de Stock &#8211;&gt; Salidas de Dep\u00f3sito &#8211;&gt;Materiales Directos &#8211;&gt; Central de Pesada y Fraccionamiento<\/strong><\/p>\n\n\n<div class=\"wp-block-image\">\n<figure class=\"aligncenter size-full\"><img loading=\"lazy\" decoding=\"async\" width=\"642\" height=\"541\" src=\"https:\/\/tixtools.com.ar\/wp-content\/uploads\/2025\/03\/Central-de-Fraccionamiento.jpg\" alt=\"\" class=\"wp-image-1421\" srcset=\"https:\/\/tixtools.com.ar\/wp-content\/uploads\/2025\/03\/Central-de-Fraccionamiento.jpg 642w, https:\/\/tixtools.com.ar\/wp-content\/uploads\/2025\/03\/Central-de-Fraccionamiento-300x253.jpg 300w\" sizes=\"(max-width: 642px) 100vw, 642px\" \/><\/figure><\/div>\n\n\n<div style=\"height:24px\" aria-hidden=\"true\" class=\"wp-block-spacer\"><\/div>\n\n\n\n<p>3. Completar <strong>Numero de O\/P, Dep\u00f3sito, C\u00f3digo del Insumo Componente y Lote elegido<\/strong>. En ese orden y <strong>seleccionando de los correspondientes desplegables<\/strong> ya que los datos anteriores act\u00faan como filtros. Para conocer el dep\u00f3sito donde se encuentra el lote deseado, utilice <strong>Consulta de Disponibilidad de Stocks.<\/strong><\/p>\n\n\n\n<p>4. Ingresar la <strong>cantidad a asignar en el casillero Consumo.<\/strong> Esta cantidad debe ser menor o igual al saldo del lote elegido y tambi\u00e9n al saldo requerido de la O\/P. TixTools realiza la correspondiente verificaci\u00f3n<\/p>\n\n\n\n<p>5. Click sobre &#8216;guardar&#8217;<\/p>\n\n\n\n<p>Luego repetir para otros insumos.<\/p>\n\n\n\n<p>Este m\u00e9todo <strong>no realiza la transferencia de stocks a un eventual tercero<\/strong> (Unicamente en Versi\u00f3n PRO) sino que <strong>produce el consumo inmediato<\/strong>. Puede entonces realizarse la <strong>transferencia de stock al dep\u00f3sito tercerista ANTES<\/strong> y luego reci\u00e9n este consumo directo.<\/p>\n\n\n\n<p>A continuaci\u00f3n realizar el picking en forma normal. El sistema no tomar\u00e1 por picking los insumos previamente consumidos en forma directa por la central de pesada y fraccionamiento.<\/p>\n\n\n\n<p><strong>Opci\u00f3n 2:<\/strong><\/p>\n\n\n\n<p>Unicamente para el caso de querer elegir un lote determinado del granel o semielaborado de una etapa anterior:<\/p>\n\n\n\n<p>1. Producci\u00f3n &#8211;&gt; A-B-M de Ordenes de Producci\u00f3n &#8211;&gt; Nueva Orden de Producci\u00f3n &#8211;&gt;  Orden de Compresi\u00f3n (con tercerizaci\u00f3n unicamente en versi\u00f3n PRO)<\/p>\n\n\n\n<figure class=\"wp-block-image size-full\"><img loading=\"lazy\" decoding=\"async\" width=\"731\" height=\"530\" src=\"https:\/\/tixtools.com.ar\/wp-content\/uploads\/2025\/03\/Orden-de-Compresion.jpg\" alt=\"\" class=\"wp-image-1427\" srcset=\"https:\/\/tixtools.com.ar\/wp-content\/uploads\/2025\/03\/Orden-de-Compresion.jpg 731w, https:\/\/tixtools.com.ar\/wp-content\/uploads\/2025\/03\/Orden-de-Compresion-300x218.jpg 300w\" sizes=\"(max-width: 731px) 100vw, 731px\" \/><\/figure>\n\n\n\n<div style=\"height:22px\" aria-hidden=\"true\" class=\"wp-block-spacer\"><\/div>\n\n\n\n<p>2. Ingresar o seleccionar el c\u00f3digo de producto. El sistema presentar\u00e1 autom\u00e1ticamente el codigo del granel correspondiente. Caso de no haber granel o semielaborado en el producto elegido, no presentar\u00e1 nada y no puede utilizarse este m\u00e9todo.<\/p>\n\n\n\n<p>3. Seleccionar el lote del granel del desplegable. Solo tomar\u00e1 lotes previamente aprobados y no vencidos.<\/p>\n\n\n\n<p>4. Si aparece leyenda de &#8216;Insumos Insuficientes&#8217; ajustar la cantidad a producir hasta que desaparezca esta advertencia. El sistema solo permite esta reducci\u00f3n en caso de no estar configurados los lotes standard admisibles del producto, o si la cantidad reducida corresponde a alguno de los lotes standard preconfigurados. Adem\u00e1s deber\u00e1 verificarse (por fuera del sistema) si la Autoridad Regulatoria admite variaci\u00f3n del tama\u00f1o del lote a producir. <\/p>\n\n\n\n<p>5. Versi\u00f3n PRO: Puede elegir el tercerista asignado o dejarlo en blanco para produccion propia.<\/p>\n\n\n\n<p>6. Click sobre &#8216;Guardar&#8217;. En paso de que el stock del insumo &#8211; lote elegido no sea suficiente, el sistema cancelar\u00e1 la operaci\u00f3n. Deber\u00e1 ajustar la cantidad seg\u00fan se indica en el punto 4.<\/p>\n\n\n\n<p>7. Continue haciendo el &#8216;picking&#8217; en forma normal.<\/p>\n\n\n\n<p><\/p>\n\n\n\n<p><\/p>\n\n\n\n<p><\/p>\n","protected":false},"excerpt":{"rendered":"<p>TixTools incluye un sofisticado mecanismo de asignaci\u00f3n de lotes de insumos a una orden de producci\u00f3n, denominado &#8216;picking&#8217;. Sin embargo este mecanismo automatizado a veces arroja resultados inesperados o indeseados.&hellip;<\/p>\n","protected":false},"author":1,"featured_media":0,"parent":0,"menu_order":0,"comment_status":"closed","ping_status":"closed","template":"","meta":{"sfsi_plus_gutenberg_text_before_share":"","sfsi_plus_gutenberg_show_text_before_share":"","sfsi_plus_gutenberg_icon_type":"","sfsi_plus_gutenberg_icon_alignemt":"","sfsi_plus_gutenburg_max_per_row":"","footnotes":""},"_links":{"self":[{"href":"https:\/\/tixtools.com.ar\/inicio\/wp-json\/wp\/v2\/pages\/1419"}],"collection":[{"href":"https:\/\/tixtools.com.ar\/inicio\/wp-json\/wp\/v2\/pages"}],"about":[{"href":"https:\/\/tixtools.com.ar\/inicio\/wp-json\/wp\/v2\/types\/page"}],"author":[{"embeddable":true,"href":"https:\/\/tixtools.com.ar\/inicio\/wp-json\/wp\/v2\/users\/1"}],"replies":[{"embeddable":true,"href":"https:\/\/tixtools.com.ar\/inicio\/wp-json\/wp\/v2\/comments?post=1419"}],"version-history":[{"count":9,"href":"https:\/\/tixtools.com.ar\/inicio\/wp-json\/wp\/v2\/pages\/1419\/revisions"}],"predecessor-version":[{"id":1442,"href":"https:\/\/tixtools.com.ar\/inicio\/wp-json\/wp\/v2\/pages\/1419\/revisions\/1442"}],"wp:attachment":[{"href":"https:\/\/tixtools.com.ar\/inicio\/wp-json\/wp\/v2\/media?parent=1419"}],"curies":[{"name":"wp","href":"https:\/\/api.w.org\/{rel}","templated":true}]}}