{"id":1409,"date":"2025-03-30T17:28:22","date_gmt":"2025-03-30T20:28:22","guid":{"rendered":"https:\/\/tixtools.com.ar\/inicio\/?page_id=1409"},"modified":"2025-03-30T18:07:24","modified_gmt":"2025-03-30T21:07:24","slug":"insumos-faltantes-en-orden-de-produccion","status":"publish","type":"page","link":"https:\/\/tixtools.com.ar\/inicio\/insumos-faltantes-en-orden-de-produccion\/","title":{"rendered":"Insumos Faltantes en Orden de Produccion"},"content":{"rendered":"\n<p>Al generar nueva orden de producci\u00f3n, si el stock disponible y aprobado de alg\u00fan insumo resulta insuficiente, TIXTOOLS podr\u00e1 presentar un mensaje de advertencia en pantalla:<\/p>\n\n\n\n<p><\/p>\n\n\n\n<figure class=\"wp-block-image size-full\"><img loading=\"lazy\" decoding=\"async\" width=\"716\" height=\"221\" src=\"https:\/\/tixtools.com.ar\/wp-content\/uploads\/2025\/03\/Warning-Insumos-Insuficientes.jpg\" alt=\"\" class=\"wp-image-1414\" srcset=\"https:\/\/tixtools.com.ar\/wp-content\/uploads\/2025\/03\/Warning-Insumos-Insuficientes.jpg 716w, https:\/\/tixtools.com.ar\/wp-content\/uploads\/2025\/03\/Warning-Insumos-Insuficientes-300x93.jpg 300w\" sizes=\"(max-width: 716px) 100vw, 716px\" \/><\/figure>\n\n\n\n<div style=\"height:21px\" aria-hidden=\"true\" class=\"wp-block-spacer\"><\/div>\n\n\n\n<p>Se trata de una simple advertencia; el sistema no impide continuar con la generaci\u00f3n de la O\/P.<\/p>\n\n\n\n<p>Para consultar cu\u00e1l o cuales insumos est\u00e1n faltantes, ejecute la consulta de disponibilidad mediante doble click sobre bot\u00f3n &#8216;Consulta Disponible&#8217;.<\/p>\n\n\n\n<p>Las acciones posibles frente a esta situaci\u00f3n son:<\/p>\n\n\n\n<ol>\n<li>Generar la O\/P con faltantes. Una vez ingresados los stocks, podr\u00e1 generarse el picking por el anterior faltante en la &#8216;Modificaci\u00f3n de Orden de Producci\u00f3n&#8217;<\/li>\n\n\n\n<li>En caso de que el faltante se cubra con alg\u00fan lote en cuarentena (la consulta disponible as\u00ed lo indica), realizar la correspondiente aprobaci\u00f3n y luego volver a general la O\/Producci\u00f3n.<\/li>\n\n\n\n<li>En caso de que el faltante quede cubierto por compras pendientes (la consulta disponible as\u00ed lo se\u00f1ala), realizar la correspondiente recepci\u00f3n y aprobaci\u00f3n y luego volver a generar la Orden de Producci\u00f3n.<\/li>\n\n\n\n<li>Reducir la cantidad a fabricar al generar la O\/Produccion. El sistema solo permite esta reducci\u00f3n en caso de no estar configurados los lotes standard admisibles del producto, o si la cantidad reducida corresponde a alguno de los lotes standard preconfigurados. Adem\u00e1s deber\u00e1 verificarse (por fuera del sistema) si la Autoridad Regulatoria admite variaci\u00f3n del tama\u00f1o del lote a producir. <\/li>\n\n\n\n<li>En caso de que el faltante corresponda a un granel o semielaborado anterior, utilizar la opci\u00f3n de generar la O\/P de Compresion (en versi\u00f3n PRO)\u2026 ahi se podr\u00e1 elegir un solo lote del granel y el sistema les &#8216;obligara&#8217; a ajustar la cantidad a producir para que el granel alcance. Nuevamente consultar si la Autoridad Regulatoria admite variaci\u00f3n del tama\u00f1o del lote a producir.<\/li>\n<\/ol>\n\n\n\n<p>Antes de optar por alguna de las opciones ofrecidas, deber\u00e1 verificarse que la elegida sea acorde con las Buenas Pr\u00e1cticas de Manufactura. Se recomenda consultar con el responsable de Asuntos Regulatorios de la empresa.<\/p>\n","protected":false},"excerpt":{"rendered":"<p>Al generar nueva orden de producci\u00f3n, si el stock disponible y aprobado de alg\u00fan insumo resulta insuficiente, TIXTOOLS podr\u00e1 presentar un mensaje de advertencia en pantalla: Se trata de una&hellip;<\/p>\n","protected":false},"author":1,"featured_media":0,"parent":0,"menu_order":0,"comment_status":"closed","ping_status":"closed","template":"","meta":{"sfsi_plus_gutenberg_text_before_share":"","sfsi_plus_gutenberg_show_text_before_share":"","sfsi_plus_gutenberg_icon_type":"","sfsi_plus_gutenberg_icon_alignemt":"","sfsi_plus_gutenburg_max_per_row":"","footnotes":""},"_links":{"self":[{"href":"https:\/\/tixtools.com.ar\/inicio\/wp-json\/wp\/v2\/pages\/1409"}],"collection":[{"href":"https:\/\/tixtools.com.ar\/inicio\/wp-json\/wp\/v2\/pages"}],"about":[{"href":"https:\/\/tixtools.com.ar\/inicio\/wp-json\/wp\/v2\/types\/page"}],"author":[{"embeddable":true,"href":"https:\/\/tixtools.com.ar\/inicio\/wp-json\/wp\/v2\/users\/1"}],"replies":[{"embeddable":true,"href":"https:\/\/tixtools.com.ar\/inicio\/wp-json\/wp\/v2\/comments?post=1409"}],"version-history":[{"count":4,"href":"https:\/\/tixtools.com.ar\/inicio\/wp-json\/wp\/v2\/pages\/1409\/revisions"}],"predecessor-version":[{"id":1418,"href":"https:\/\/tixtools.com.ar\/inicio\/wp-json\/wp\/v2\/pages\/1409\/revisions\/1418"}],"wp:attachment":[{"href":"https:\/\/tixtools.com.ar\/inicio\/wp-json\/wp\/v2\/media?parent=1409"}],"curies":[{"name":"wp","href":"https:\/\/api.w.org\/{rel}","templated":true}]}}