{"id":1339,"date":"2025-02-05T17:49:36","date_gmt":"2025-02-05T20:49:36","guid":{"rendered":"https:\/\/tixtools.com.ar\/inicio\/?page_id=1339"},"modified":"2025-02-05T17:49:36","modified_gmt":"2025-02-05T20:49:36","slug":"usuarios-y-derechos","status":"publish","type":"page","link":"https:\/\/tixtools.com.ar\/inicio\/usuarios-y-derechos\/","title":{"rendered":"Usuarios y Derechos"},"content":{"rendered":"\n<p>Para crear o modificar usuarios y derechos se debe acceder desde el escritorio TixTools por Configuraci\u00f3n &#8211;> Configuraci\u00f3n General. Luego ir a la solapa &#8216;Usuarios y Derechos&#8217;.<\/p>\n\n\n\n<p><strong>El usuario conectado debe ser el supervisor o tener privilegios de administrador<\/strong>.<\/p>\n\n\n<div class=\"wp-block-image\">\n<figure class=\"aligncenter size-full\"><img loading=\"lazy\" decoding=\"async\" width=\"709\" height=\"522\" src=\"https:\/\/tixtools.com.ar\/wp-content\/uploads\/2025\/02\/Usuarios-y-derechos-TixTools.jpg\" alt=\"\" class=\"wp-image-1340\" srcset=\"https:\/\/tixtools.com.ar\/wp-content\/uploads\/2025\/02\/Usuarios-y-derechos-TixTools.jpg 709w, https:\/\/tixtools.com.ar\/wp-content\/uploads\/2025\/02\/Usuarios-y-derechos-TixTools-300x221.jpg 300w\" sizes=\"(max-width: 709px) 100vw, 709px\" \/><\/figure><\/div>\n\n\n<div style=\"height:19px\" aria-hidden=\"true\" class=\"wp-block-spacer\"><\/div>\n\n\n\n<p>Para crear un nuevo usuario haga click sobre el bot\u00f3n &#8216;New&#8217;. El sistema presentar\u00e1 en el casillero N-O el n\u00famero del nuevo usuario, siguiente al ultimo utilizado. Luego rellene los casilleros de ID Usuario, Password y Nombre. El casillero del password aparecer\u00e1 con caracteres &#8216;***&#8217;.<\/p>\n\n\n\n<p>Si desea darle al usuario privilegios de supervisor, tilde el casillero &#8216;Superv.&#8217;; caso contrario deje ese casillero en blanco.<\/p>\n\n\n\n<p>Finalice con click sobre el bot\u00f3n &#8216;Save&#8217; a la derecha de los datos del usuario reci\u00e9n cargado. El sistema agregar\u00e1 el nuevo usuario a la lista, con la columna de password en formato encriptado.<\/p>\n\n\n\n<div style=\"height:23px\" aria-hidden=\"true\" class=\"wp-block-spacer\"><\/div>\n\n\n\n<p><strong>Asignaci\u00f3n de derechos en forma directa<\/strong><\/p>\n\n\n\n<p>Cliquee sobre el renglon del usuario a modificar; puede ser el \u00faltimo agregado.<\/p>\n\n\n\n<p>En el cuadro inferior aparecer\u00e1 la lista de transacciones habilitadas y previamente utilizadas en el sistema. Esto puede demorar algunos segundos. Observe la barra trazadora.<\/p>\n\n\n\n<p>Busque el derecho a asignar visualmente o mediante la opci\u00f3n del bot\u00f3n &#8216;Buscar&#8217; de la lista de selecci\u00f3n. Haga un doble click sobre el rengl\u00f3n para asignar derecho de lectura solo (Read). Un nuevo doble click para dar derecho de lectura-escritura (Write). Y un nuevo doble click quita ambos derechos.<\/p>\n\n\n\n<p>Repita lo anterior para otras transacciones y consultas.<\/p>\n\n\n\n<p>Finalice con click sobre &#8216;Save&#8217; debajo del cuadro en la parte inferior de la pantalla.<\/p>\n\n\n\n<div style=\"height:21px\" aria-hidden=\"true\" class=\"wp-block-spacer\"><\/div>\n\n\n\n<p><strong>Asignaci\u00f3n de derechos por copia<\/strong><\/p>\n\n\n\n<p>Pueden asignarse derechos copiando los de un usuario pre-existente.<\/p>\n\n\n\n<p>Cliquee sobre el renglon del usuario <strong>ORIGEN<\/strong> de copia; aquel cuyos derechos quiere aplicarle al nuevo usuario.<\/p>\n\n\n\n<p>Haga click sobre el bot\u00f3n &#8216;Copy&#8217; en la parte inferior de la pantalla.<\/p>\n\n\n\n<p>Introduzca el numero de usuario DESTINO de la copia de derechos y click sobre &#8216;Aceptar&#8217;..<\/p>\n\n\n\n<p>Espere que se complete la lista y guarde con click sobre &#8216;Save&#8217; debajo del cuadro en la parte inferior de la pantalla.<\/p>\n\n\n\n<p>Muy Importante: Solo se copian los derechos EXPLICITOS. Si el usuario origen tiene privilegios de supervisor y el de destino no, no se copiar\u00e1 el privilegio de supervisor.<\/p>\n\n\n\n<p>Finalice cerrando el m\u00f3dulo de configuraci\u00f3n (cruz arriba a la derecha). Es posible que se re-inicie el sistema.<\/p>\n\n\n\n<p><\/p>\n\n\n\n<p><\/p>\n","protected":false},"excerpt":{"rendered":"<p>Para crear o modificar usuarios y derechos se debe acceder desde el escritorio TixTools por Configuraci\u00f3n &#8211;> Configuraci\u00f3n General. Luego ir a la solapa &#8216;Usuarios y Derechos&#8217;. El usuario conectado&hellip;<\/p>\n","protected":false},"author":1,"featured_media":0,"parent":0,"menu_order":0,"comment_status":"closed","ping_status":"closed","template":"","meta":{"sfsi_plus_gutenberg_text_before_share":"","sfsi_plus_gutenberg_show_text_before_share":"","sfsi_plus_gutenberg_icon_type":"","sfsi_plus_gutenberg_icon_alignemt":"","sfsi_plus_gutenburg_max_per_row":"","footnotes":""},"_links":{"self":[{"href":"https:\/\/tixtools.com.ar\/inicio\/wp-json\/wp\/v2\/pages\/1339"}],"collection":[{"href":"https:\/\/tixtools.com.ar\/inicio\/wp-json\/wp\/v2\/pages"}],"about":[{"href":"https:\/\/tixtools.com.ar\/inicio\/wp-json\/wp\/v2\/types\/page"}],"author":[{"embeddable":true,"href":"https:\/\/tixtools.com.ar\/inicio\/wp-json\/wp\/v2\/users\/1"}],"replies":[{"embeddable":true,"href":"https:\/\/tixtools.com.ar\/inicio\/wp-json\/wp\/v2\/comments?post=1339"}],"version-history":[{"count":2,"href":"https:\/\/tixtools.com.ar\/inicio\/wp-json\/wp\/v2\/pages\/1339\/revisions"}],"predecessor-version":[{"id":1342,"href":"https:\/\/tixtools.com.ar\/inicio\/wp-json\/wp\/v2\/pages\/1339\/revisions\/1342"}],"wp:attachment":[{"href":"https:\/\/tixtools.com.ar\/inicio\/wp-json\/wp\/v2\/media?parent=1339"}],"curies":[{"name":"wp","href":"https:\/\/api.w.org\/{rel}","templated":true}]}}