{"id":1331,"date":"2025-02-05T10:35:21","date_gmt":"2025-02-05T13:35:21","guid":{"rendered":"https:\/\/tixtools.com.ar\/inicio\/?page_id=1331"},"modified":"2025-02-05T14:57:31","modified_gmt":"2025-02-05T17:57:31","slug":"backup-rotativo-en-tixtools","status":"publish","type":"page","link":"https:\/\/tixtools.com.ar\/inicio\/backup-rotativo-en-tixtools\/","title":{"rendered":"Backup Rotativo en TixTools"},"content":{"rendered":"\n<p>Puede configurar un backup rotativo autom\u00e1tico de la base de datos desde el escritorio TixTools en Configuraci\u00f3n &#8211;&gt; Comportamiento<\/p>\n\n\n\n<figure class=\"wp-block-image size-full\"><img loading=\"lazy\" decoding=\"async\" width=\"573\" height=\"555\" src=\"https:\/\/tixtools.com.ar\/wp-content\/uploads\/2025\/02\/Configuracion-Comportamiento-Backup.jpg\" alt=\"\" class=\"wp-image-1332\" srcset=\"https:\/\/tixtools.com.ar\/wp-content\/uploads\/2025\/02\/Configuracion-Comportamiento-Backup.jpg 573w, https:\/\/tixtools.com.ar\/wp-content\/uploads\/2025\/02\/Configuracion-Comportamiento-Backup-300x291.jpg 300w\" sizes=\"(max-width: 573px) 100vw, 573px\" \/><\/figure>\n\n\n\n<div style=\"height:21px\" aria-hidden=\"true\" class=\"wp-block-spacer\"><\/div>\n\n\n\n<p>La configuraci\u00f3n del backup se realiza en el sector inferior de la ficha (marcado en rojo)<\/p>\n\n\n\n<ol>\n<li>En &#8216;Ubicaci\u00f3n&#8217; ingrese la ruta al servidor \\ disco. En ciertos casos puede ser necesario agregar el signo $ al disco (Poner D$ en lugar de simplemente D)<\/li>\n\n\n\n<li>En &#8216;Carpeta&#8217; la ruta completa a la carpeta donde se ubicar\u00e1 el archivo de backup<\/li>\n\n\n\n<li>En &#8216;Horario&#8217; la hora de corte a partir de la cual se realizar\u00e1 el backup. Si pone 14, el backup se realizar\u00e1 a partir de las 14:00 hs.<\/li>\n\n\n\n<li>Finalice con click sobre &#8216;Aprobar y Guardar&#8217;<\/li>\n<\/ol>\n\n\n\n<p>El proceso de backup se disparar\u00e1 diariamente cuando el \u00faltimo usuario cierre el sistema, siempre que la hora sea posterior al horario de corte configurado. Aparece cartel de advertencia cuando est\u00e1 ejecutando y debe esperar hasta que termine el proceso.<\/p>\n\n\n\n<p>Todos los usuarios TixTools deben tener acceso de &#8216;Control Total&#8217; a la carpeta de backup. Verifique y configure con su soporte de infraestructura.<\/p>\n\n\n\n<p>Las copias quedan en el servidor y disco configurado, y la carpeta definida en segundo t\u00e9rmino.<\/p>\n\n\n\n<p>Para m\u00e1s informaci\u00f3n acerca del tema de backups rotativos consulte en Que es un Backup Rotativo &#8211; Sus ventajas.<\/p>\n\n\n\n<p><strong>Muy Importante: Este backup es de muy baja seguridad ya que las copias se guardan en el mismo disco que la BD principal \u2026 si se da\u00f1a el disco, junto con la BD principal tambi\u00e9n se perder\u00e1n las copias de seguridad. Por ello es imprescindible implementar tambi\u00e9n mecanismos de backup EXTERNOS.<\/strong><\/p>\n\n\n\n<p><strong>Muy Importante 2: El proceso es totalmente autom\u00e1tico y NO AVISA EN CASO DE FALLO. Recomendamos que peri\u00f3dicamente el soporte de infraestructura revise la carpeta indicada y traslade los archivos a un lugar seguro.<\/strong><\/p>\n\n\n\n<p><strong>Muy Importante 3: El mecanismo funciona unicamente cuando la B.Datos es SQL Server en cualquiera de sus ediciones<\/strong>.<\/p>\n\n\n\n<p><\/p>\n","protected":false},"excerpt":{"rendered":"<p>Puede configurar un backup rotativo autom\u00e1tico de la base de datos desde el escritorio TixTools en Configuraci\u00f3n &#8211;&gt; Comportamiento La configuraci\u00f3n del backup se realiza en el sector inferior de&hellip;<\/p>\n","protected":false},"author":1,"featured_media":0,"parent":0,"menu_order":0,"comment_status":"closed","ping_status":"closed","template":"","meta":{"sfsi_plus_gutenberg_text_before_share":"","sfsi_plus_gutenberg_show_text_before_share":"","sfsi_plus_gutenberg_icon_type":"","sfsi_plus_gutenberg_icon_alignemt":"","sfsi_plus_gutenburg_max_per_row":"","footnotes":""},"_links":{"self":[{"href":"https:\/\/tixtools.com.ar\/inicio\/wp-json\/wp\/v2\/pages\/1331"}],"collection":[{"href":"https:\/\/tixtools.com.ar\/inicio\/wp-json\/wp\/v2\/pages"}],"about":[{"href":"https:\/\/tixtools.com.ar\/inicio\/wp-json\/wp\/v2\/types\/page"}],"author":[{"embeddable":true,"href":"https:\/\/tixtools.com.ar\/inicio\/wp-json\/wp\/v2\/users\/1"}],"replies":[{"embeddable":true,"href":"https:\/\/tixtools.com.ar\/inicio\/wp-json\/wp\/v2\/comments?post=1331"}],"version-history":[{"count":3,"href":"https:\/\/tixtools.com.ar\/inicio\/wp-json\/wp\/v2\/pages\/1331\/revisions"}],"predecessor-version":[{"id":1335,"href":"https:\/\/tixtools.com.ar\/inicio\/wp-json\/wp\/v2\/pages\/1331\/revisions\/1335"}],"wp:attachment":[{"href":"https:\/\/tixtools.com.ar\/inicio\/wp-json\/wp\/v2\/media?parent=1331"}],"curies":[{"name":"wp","href":"https:\/\/api.w.org\/{rel}","templated":true}]}}