{"id":1321,"date":"2025-01-31T15:50:41","date_gmt":"2025-01-31T18:50:41","guid":{"rendered":"https:\/\/tixtools.com.ar\/inicio\/?page_id=1321"},"modified":"2025-01-31T16:33:53","modified_gmt":"2025-01-31T19:33:53","slug":"como-anular-una-orden-de-compra","status":"publish","type":"page","link":"https:\/\/tixtools.com.ar\/inicio\/como-anular-una-orden-de-compra\/","title":{"rendered":"Como Anular una Orden de Compra"},"content":{"rendered":"\n<p>Una Orden de Compra puede anularse \u00fanicamente <strong>mientras no est\u00e9 aprobada y cerrada,<\/strong> con los correspondientes privilegios de usuario. Estando aprobada s\u00f3lo pueden cancelarse los saldos pendientes.<\/p>\n\n\n\n<p>En el men\u00fa <strong>Log\u00edstica &#8211;&gt; Compras y Abastecimientos &#8211;&gt; Gesti\u00f3n de Compras &#8211;&gt; Anular O-Compra<\/strong><\/p>\n\n\n<div class=\"wp-block-image\">\n<figure class=\"aligncenter size-full\"><img loading=\"lazy\" decoding=\"async\" width=\"680\" height=\"512\" src=\"https:\/\/tixtools.com.ar\/wp-content\/uploads\/2025\/01\/Anulacion-de-Orden-de-Compra.jpg\" alt=\"\" class=\"wp-image-1324\" srcset=\"https:\/\/tixtools.com.ar\/wp-content\/uploads\/2025\/01\/Anulacion-de-Orden-de-Compra.jpg 680w, https:\/\/tixtools.com.ar\/wp-content\/uploads\/2025\/01\/Anulacion-de-Orden-de-Compra-300x226.jpg 300w\" sizes=\"(max-width: 680px) 100vw, 680px\" \/><\/figure><\/div>\n\n\n<div style=\"height:17px\" aria-hidden=\"true\" class=\"wp-block-spacer\"><\/div>\n\n\n\n<p>Seleccione la O\/Compra del desplegable. Aparecen <strong>\u00fanicamente las no aprobadas ni anuladas<\/strong>.<\/p>\n\n\n\n<p>TIXTOOLS presenta los <strong>datos de la O\/Compra<\/strong> elegida en formato de <strong>solo lectura<\/strong>.<\/p>\n\n\n\n<p>Anule la O\/C con click sobre el bot\u00f3n de aprobar y guardar.<\/p>\n\n\n\n<p>La anulaci\u00f3n de la O\/Compra marca la O\/Compra como \u2018Anulada\u2019 (<strong>Status = 9<\/strong>). El n\u00famero de O\/Compra queda reservado y <strong>no puede re-utilizarse.<\/strong><br><br>El <strong>motivo de la anulaci\u00f3n<\/strong> no es obligatorio declararlo.<br><br>La transacci\u00f3n de anulaci\u00f3n lleva <strong>firma electr\u00f3nica y timestamp.<\/strong><\/p>\n\n\n\n<p>En caso de que la O\/Compra ya est\u00e9 aprobada no es posible anularla; debe utilizarse la opci\u00f3n de &#8216;Cancelar Saldos Pendientes&#8217;. Tener presente que la aprobaci\u00f3n puede ser expl\u00edcita mediante la transacci\u00f3n &#8216;Aprobar Orden de Compra&#8217; o bien impl\u00edcita si en la configuraci\u00f3n de Logistica y Compras est\u00e1 seteada la opci\u00f3n de &#8216;Aprobaci\u00f3n Directa&#8217;. Las O\/Compras generadas con esta configuraci\u00f3n no pueden anularse.<br><br>Para cancelar los saldos pendientes de cualquier Orden de Compra navegar a <strong>Log\u00edstica &#8211;> Compras y Abastecimientos &#8211;> Gesti\u00f3n de Compras &#8211;> Cancelar Saldos Pendientes<\/strong><\/p>\n\n\n\n<p>Seleccione la O\/Compra del desplegable. Aparecen <strong>todas las Ordenes de Compra no Anuladas ni Previamente Canceladas.<\/strong><br><br>Cancele los pendientes de la O\/Compra con click sobre el bot\u00f3n de aprobar y guardar.<\/p>\n\n\n\n<p>La cancelaci\u00f3n de saldos de la O\/Compra marca la O\/Compra como \u2018Cumplida\u2019 (<strong>Status = 8<\/strong>). El n\u00famero de O\/Compra queda reservado y <strong>no puede re-utilizarse.<\/strong> Pueden cancelarse los saldos incluso si ya hubo recepciones parciales de uno o varios items.<br><br>El <strong>motivo de la cancelaci\u00f3n<\/strong> no es obligatorio declararlo.<br><br>La transacci\u00f3n de anulaci\u00f3n lleva <strong>firma electr\u00f3nica y timestamp.<\/strong><\/p>\n","protected":false},"excerpt":{"rendered":"<p>Una Orden de Compra puede anularse \u00fanicamente mientras no est\u00e9 aprobada y cerrada, con los correspondientes privilegios de usuario. Estando aprobada s\u00f3lo pueden cancelarse los saldos pendientes. En el men\u00fa&hellip;<\/p>\n","protected":false},"author":1,"featured_media":0,"parent":0,"menu_order":0,"comment_status":"closed","ping_status":"closed","template":"","meta":{"sfsi_plus_gutenberg_text_before_share":"","sfsi_plus_gutenberg_show_text_before_share":"","sfsi_plus_gutenberg_icon_type":"","sfsi_plus_gutenberg_icon_alignemt":"","sfsi_plus_gutenburg_max_per_row":"","footnotes":""},"_links":{"self":[{"href":"https:\/\/tixtools.com.ar\/inicio\/wp-json\/wp\/v2\/pages\/1321"}],"collection":[{"href":"https:\/\/tixtools.com.ar\/inicio\/wp-json\/wp\/v2\/pages"}],"about":[{"href":"https:\/\/tixtools.com.ar\/inicio\/wp-json\/wp\/v2\/types\/page"}],"author":[{"embeddable":true,"href":"https:\/\/tixtools.com.ar\/inicio\/wp-json\/wp\/v2\/users\/1"}],"replies":[{"embeddable":true,"href":"https:\/\/tixtools.com.ar\/inicio\/wp-json\/wp\/v2\/comments?post=1321"}],"version-history":[{"count":5,"href":"https:\/\/tixtools.com.ar\/inicio\/wp-json\/wp\/v2\/pages\/1321\/revisions"}],"predecessor-version":[{"id":1330,"href":"https:\/\/tixtools.com.ar\/inicio\/wp-json\/wp\/v2\/pages\/1321\/revisions\/1330"}],"wp:attachment":[{"href":"https:\/\/tixtools.com.ar\/inicio\/wp-json\/wp\/v2\/media?parent=1321"}],"curies":[{"name":"wp","href":"https:\/\/api.w.org\/{rel}","templated":true}]}}