{"id":1306,"date":"2024-12-05T12:59:35","date_gmt":"2024-12-05T15:59:35","guid":{"rendered":"https:\/\/tixtools.com.ar\/inicio\/?page_id=1306"},"modified":"2024-12-05T13:45:52","modified_gmt":"2024-12-05T16:45:52","slug":"ajustar-decimales-en-stocks","status":"publish","type":"page","link":"https:\/\/tixtools.com.ar\/inicio\/ajustar-decimales-en-stocks\/","title":{"rendered":"Ajustar Decimales en Stocks"},"content":{"rendered":"\n<p>TIXTOOLS utiliza <strong>el mismo formato<\/strong> para expresar las <strong>cantidades en todas las fichas<\/strong> de existencias y movimientos de stocks. Este formato uniforme puede ajustarse para todas las pantallas en una \u00fanica opci\u00f3n de configuraci\u00f3n.<\/p>\n\n\n\n<p>Con privilegios de supervisor ingrese desde el escritorio a las <strong>opciones de configuraci\u00f3n<\/strong>.<\/p>\n\n\n\n<p>Seleccione &#8216;<strong>Configuraci\u00f3n General<\/strong>&#8216; y luego la solapa &#8216;<strong>Parametros<\/strong>&#8216;.<\/p>\n\n\n<div class=\"wp-block-image\">\n<figure class=\"aligncenter size-full is-resized\"><img loading=\"lazy\" decoding=\"async\" width=\"706\" height=\"516\" src=\"https:\/\/tixtools.com.ar\/wp-content\/uploads\/2024\/12\/Configuracion-Parametros-1.jpg\" alt=\"\" class=\"wp-image-1309\" style=\"width:706px;height:auto\" srcset=\"https:\/\/tixtools.com.ar\/wp-content\/uploads\/2024\/12\/Configuracion-Parametros-1.jpg 706w, https:\/\/tixtools.com.ar\/wp-content\/uploads\/2024\/12\/Configuracion-Parametros-1-300x219.jpg 300w\" sizes=\"(max-width: 706px) 100vw, 706px\" \/><\/figure><\/div>\n\n\n<p>Click sobre &#8216;<strong>Ajustes Funcionales &#8211; Log\u00edstica y Produccion<\/strong>&#8216;<\/p>\n\n\n<div class=\"wp-block-image\">\n<figure class=\"aligncenter size-full\"><img loading=\"lazy\" decoding=\"async\" width=\"569\" height=\"689\" src=\"https:\/\/tixtools.com.ar\/wp-content\/uploads\/2024\/12\/Parametros-Logistica-y-Produccion.jpg\" alt=\"\" class=\"wp-image-1310\" srcset=\"https:\/\/tixtools.com.ar\/wp-content\/uploads\/2024\/12\/Parametros-Logistica-y-Produccion.jpg 569w, https:\/\/tixtools.com.ar\/wp-content\/uploads\/2024\/12\/Parametros-Logistica-y-Produccion-248x300.jpg 248w\" sizes=\"(max-width: 569px) 100vw, 569px\" \/><\/figure><\/div>\n\n\n<p>En el casillero de &#8216;<strong>Formato Cantidades de Stock<\/strong>&#8216; introduzca el formato elegido como <strong>&#8216;Fm.n&#8217;<\/strong>, donde es: <\/p>\n\n\n\n<p><strong>F<\/strong>: es fijo va por formato num\u00e9rico<br><strong>m<\/strong>: indica la cantidad TOTAL de caracteres. Recomendado dejar en 12. Modificarlo puede alterar el formato de algunas fichas.<br><strong>n<\/strong>: la cantidad de decimales deseada. Por omisi\u00f3n son 3, pero puede cambiar a 2, 4 o 5<\/p>\n\n\n\n<p>Finalice con <strong>click sobre guardar<\/strong>.<\/p>\n\n\n\n<p>Para aplicar la configuraci\u00f3n debe <strong>re-iniciar el sistema<\/strong>.<\/p>\n\n\n\n<p><strong>Nota: <\/strong>Hay procesos en los que la precisi\u00f3n del c\u00e1lculo viene <strong>predefinida internamente<\/strong>, usualmente a 3 decimales. En esos casos <strong>el redondeo es por tal precisi\u00f3n definida en el proceso de c\u00e1lculo<\/strong>, completando con ceros si la &#8216;mascara&#8217; se define para mayor cantidad de decimales.<\/p>\n\n\n\n<p><\/p>\n\n\n\n<p><\/p>\n","protected":false},"excerpt":{"rendered":"<p>TIXTOOLS utiliza el mismo formato para expresar las cantidades en todas las fichas de existencias y movimientos de stocks. Este formato uniforme puede ajustarse para todas las pantallas en una&hellip;<\/p>\n","protected":false},"author":1,"featured_media":0,"parent":0,"menu_order":0,"comment_status":"closed","ping_status":"closed","template":"","meta":{"sfsi_plus_gutenberg_text_before_share":"","sfsi_plus_gutenberg_show_text_before_share":"","sfsi_plus_gutenberg_icon_type":"","sfsi_plus_gutenberg_icon_alignemt":"","sfsi_plus_gutenburg_max_per_row":"","footnotes":""},"_links":{"self":[{"href":"https:\/\/tixtools.com.ar\/inicio\/wp-json\/wp\/v2\/pages\/1306"}],"collection":[{"href":"https:\/\/tixtools.com.ar\/inicio\/wp-json\/wp\/v2\/pages"}],"about":[{"href":"https:\/\/tixtools.com.ar\/inicio\/wp-json\/wp\/v2\/types\/page"}],"author":[{"embeddable":true,"href":"https:\/\/tixtools.com.ar\/inicio\/wp-json\/wp\/v2\/users\/1"}],"replies":[{"embeddable":true,"href":"https:\/\/tixtools.com.ar\/inicio\/wp-json\/wp\/v2\/comments?post=1306"}],"version-history":[{"count":2,"href":"https:\/\/tixtools.com.ar\/inicio\/wp-json\/wp\/v2\/pages\/1306\/revisions"}],"predecessor-version":[{"id":1313,"href":"https:\/\/tixtools.com.ar\/inicio\/wp-json\/wp\/v2\/pages\/1306\/revisions\/1313"}],"wp:attachment":[{"href":"https:\/\/tixtools.com.ar\/inicio\/wp-json\/wp\/v2\/media?parent=1306"}],"curies":[{"name":"wp","href":"https:\/\/api.w.org\/{rel}","templated":true}]}}