{"id":1290,"date":"2024-11-28T11:28:21","date_gmt":"2024-11-28T14:28:21","guid":{"rendered":"https:\/\/tixtools.com.ar\/inicio\/?page_id=1290"},"modified":"2024-11-28T11:49:20","modified_gmt":"2024-11-28T14:49:20","slug":"como-consultar-consumos-por-o-produccion","status":"publish","type":"page","link":"https:\/\/tixtools.com.ar\/inicio\/como-consultar-consumos-por-o-produccion\/","title":{"rendered":"C\u00f3mo Consultar Consumos por O\/Producci\u00f3n"},"content":{"rendered":"\n<p>TIXTOOLS Pharma incluye reportes para consultar los insumos realmente consumidos por Orden de Producci\u00f3n. El acceso es &#8211; normalmente &#8211; por Producci\u00f3n &#8211;&gt; Reportes y Listados &#8211;&gt; Consumos por Orden de Producci\u00f3n.<\/p>\n\n\n\n<p> <\/p>\n\n\n\n<figure class=\"wp-block-image size-full\"><img loading=\"lazy\" decoding=\"async\" width=\"998\" height=\"552\" src=\"https:\/\/tixtools.com.ar\/wp-content\/uploads\/2024\/11\/Consumos-por-O-P.jpg\" alt=\"\" class=\"wp-image-1291\" srcset=\"https:\/\/tixtools.com.ar\/wp-content\/uploads\/2024\/11\/Consumos-por-O-P.jpg 998w, https:\/\/tixtools.com.ar\/wp-content\/uploads\/2024\/11\/Consumos-por-O-P-300x166.jpg 300w, https:\/\/tixtools.com.ar\/wp-content\/uploads\/2024\/11\/Consumos-por-O-P-768x425.jpg 768w\" sizes=\"(max-width: 998px) 100vw, 998px\" \/><\/figure>\n\n\n\n<div style=\"height:19px\" aria-hidden=\"true\" class=\"wp-block-spacer\"><\/div>\n\n\n\n<p>El reporte de &#8216;Resumen &#8230;&#8217; <strong>totaliza los consumos por cada \u00edtem y lote<\/strong>, neteando las eventuales devoluciones. Al acceder debe introducir el identificador de O\/P o seleccionarlo del desplegable:<\/p>\n\n\n\n<figure class=\"wp-block-image size-full\"><img loading=\"lazy\" decoding=\"async\" width=\"976\" height=\"459\" src=\"https:\/\/tixtools.com.ar\/wp-content\/uploads\/2024\/11\/Resumen-de-Consumos-por-O-P-1.jpg\" alt=\"\" class=\"wp-image-1294\" srcset=\"https:\/\/tixtools.com.ar\/wp-content\/uploads\/2024\/11\/Resumen-de-Consumos-por-O-P-1.jpg 976w, https:\/\/tixtools.com.ar\/wp-content\/uploads\/2024\/11\/Resumen-de-Consumos-por-O-P-1-300x141.jpg 300w, https:\/\/tixtools.com.ar\/wp-content\/uploads\/2024\/11\/Resumen-de-Consumos-por-O-P-1-768x361.jpg 768w\" sizes=\"(max-width: 976px) 100vw, 976px\" \/><\/figure>\n\n\n\n<div style=\"height:13px\" aria-hidden=\"true\" class=\"wp-block-spacer\"><\/div>\n\n\n\n<p>En la opci\u00f3n de &#8216;Detalle &#8230;&#8217; Tambi\u00e9n se comienza ingresando o seleccionando el identificador de O\/Producci\u00f3n, y el sistema presenta uno por uno cada uno de los movimientos que dieron lugar al consumo total, sean consumos o devoluciones. En cada caso agrega la <strong>fecha, el dep\u00f3sito y el usuario<\/strong> que realiz\u00f3 la transacci\u00f3n.<\/p>\n\n\n\n<figure class=\"wp-block-image size-full\"><img loading=\"lazy\" decoding=\"async\" width=\"975\" height=\"521\" src=\"https:\/\/tixtools.com.ar\/wp-content\/uploads\/2024\/11\/Detalle-de-Consumos-por-O-P.jpg\" alt=\"\" class=\"wp-image-1295\" srcset=\"https:\/\/tixtools.com.ar\/wp-content\/uploads\/2024\/11\/Detalle-de-Consumos-por-O-P.jpg 975w, https:\/\/tixtools.com.ar\/wp-content\/uploads\/2024\/11\/Detalle-de-Consumos-por-O-P-300x160.jpg 300w, https:\/\/tixtools.com.ar\/wp-content\/uploads\/2024\/11\/Detalle-de-Consumos-por-O-P-768x410.jpg 768w\" sizes=\"(max-width: 975px) 100vw, 975px\" \/><\/figure>\n\n\n\n<div style=\"height:16px\" aria-hidden=\"true\" class=\"wp-block-spacer\"><\/div>\n\n\n\n<p>Ambos reportes son de solo lectura; pueden imprimirse, exportar como PDF y enviar por mail. Adem\u00e1s la parte de la tabla puede exportarse como Excel haciendo click derecho en cualquier sector de la misma.<\/p>\n\n\n\n<p>Las consultas pueden ser sobre O\/P&#8217;s en cualquier estado: abiertas, cerradas, cumplidas e incluso anuladas. Tener presente que la anulaci\u00f3n de una O\/P no devuelve los consumos ya realizados a dep\u00f3sito, salvo que el operador lo indique expresamente.<\/p>\n\n\n\n<p>Para m\u00e1s informaci\u00f3n de c\u00f3mo corregir los consumos declarados (solo con los correspondientes privilegios) haga click <strong><a href=\"https:\/\/tixtools.com.ar\/inicio\/ajuste-de-consumos-por-o-produccion\/\">aqui<\/a><\/strong>.<\/p>\n","protected":false},"excerpt":{"rendered":"<p>TIXTOOLS Pharma incluye reportes para consultar los insumos realmente consumidos por Orden de Producci\u00f3n. El acceso es &#8211; normalmente &#8211; por Producci\u00f3n &#8211;&gt; Reportes y Listados &#8211;&gt; Consumos por Orden&hellip;<\/p>\n","protected":false},"author":1,"featured_media":0,"parent":0,"menu_order":0,"comment_status":"closed","ping_status":"closed","template":"","meta":{"sfsi_plus_gutenberg_text_before_share":"","sfsi_plus_gutenberg_show_text_before_share":"","sfsi_plus_gutenberg_icon_type":"","sfsi_plus_gutenberg_icon_alignemt":"","sfsi_plus_gutenburg_max_per_row":"","footnotes":""},"_links":{"self":[{"href":"https:\/\/tixtools.com.ar\/inicio\/wp-json\/wp\/v2\/pages\/1290"}],"collection":[{"href":"https:\/\/tixtools.com.ar\/inicio\/wp-json\/wp\/v2\/pages"}],"about":[{"href":"https:\/\/tixtools.com.ar\/inicio\/wp-json\/wp\/v2\/types\/page"}],"author":[{"embeddable":true,"href":"https:\/\/tixtools.com.ar\/inicio\/wp-json\/wp\/v2\/users\/1"}],"replies":[{"embeddable":true,"href":"https:\/\/tixtools.com.ar\/inicio\/wp-json\/wp\/v2\/comments?post=1290"}],"version-history":[{"count":4,"href":"https:\/\/tixtools.com.ar\/inicio\/wp-json\/wp\/v2\/pages\/1290\/revisions"}],"predecessor-version":[{"id":1303,"href":"https:\/\/tixtools.com.ar\/inicio\/wp-json\/wp\/v2\/pages\/1290\/revisions\/1303"}],"wp:attachment":[{"href":"https:\/\/tixtools.com.ar\/inicio\/wp-json\/wp\/v2\/media?parent=1290"}],"curies":[{"name":"wp","href":"https:\/\/api.w.org\/{rel}","templated":true}]}}