{"id":1274,"date":"2024-11-21T15:50:51","date_gmt":"2024-11-21T18:50:51","guid":{"rendered":"https:\/\/tixtools.com.ar\/inicio\/?page_id=1274"},"modified":"2024-11-21T16:01:07","modified_gmt":"2024-11-21T19:01:07","slug":"ajuste-de-consumos-por-o-produccion","status":"publish","type":"page","link":"https:\/\/tixtools.com.ar\/inicio\/ajuste-de-consumos-por-o-produccion\/","title":{"rendered":"Ajuste de Consumos por O\/Producci\u00f3n"},"content":{"rendered":"\n<p>TIXTOOLS Pharma incluye un m\u00f3dulo que permite declarar o eventualmente <strong>ajustar los consumos<\/strong> de una Orden de Producci\u00f3n, en caso de que los reales difieran en cantidad o especie de los proyectados.<\/p>\n\n\n\n<p>Recordemos que el m\u00f3dulo de &#8216;picking&#8217; registra el consumo de los insumos componentes del producto a elaborar por O\/P, de acuerdo con la cantidad proyectada del producto, la f\u00f3rmula de consumo de \u00e9ste (ajustada en m\u00e1s por el desperdicio programado), y asignando los lotes aprobados de cada insumo de acuerdo con la pol\u00edtica de consumo de stocks predefinida (generalmente FEFO).<\/p>\n\n\n\n<p>Sin embargo hay casos en los que <strong>el consumo REAL difiere del proyectado<\/strong>; puede haber <strong>faltantes<\/strong> por mermas o deterioros que se produjeron durante el proceso, o tambi\u00e9n <strong>sobrantes<\/strong>, simplemente porque la O\/P se cerr\u00f3 sin completar la cantidad proyectada o bien no se consumi\u00f3 parte o todo el desperdicio programado.<\/p>\n\n\n\n<p>Caso de no ajustarse el consumo REAL, se ir\u00e1n acumulando diferencias de stock, que luego obligar\u00e1n a realizar inventarios f\u00edsicos y los correspondientes ajustes de stocks.<\/p>\n\n\n\n<p>El acceso al m\u00f3dulo de Ajustes de Consumos es (habitualmente) por Producci\u00f3n &#8211;> Reportes y Listados &#8211;> Consumos por Orden de Producci\u00f3n &#8211;> Correcci\u00f3n de Consumos Informados por O\/P. Las instalaciones en formato &#8216;MODERNO&#8217; tambi\u00e9n pueden acceder desde el buscador, con palabra clave &#8216;correcci\u00f3n&#8217; \u00f3 &#8216;consumos&#8217;. TIXTOOLS presenta esta ficha:<\/p>\n\n\n\n<figure class=\"wp-block-image size-full\"><img loading=\"lazy\" decoding=\"async\" width=\"976\" height=\"417\" src=\"https:\/\/tixtools.com.ar\/wp-content\/uploads\/2024\/11\/Ajuste-de-Consumos-por-O-P-1.jpg\" alt=\"\" class=\"wp-image-1277\" srcset=\"https:\/\/tixtools.com.ar\/wp-content\/uploads\/2024\/11\/Ajuste-de-Consumos-por-O-P-1.jpg 976w, https:\/\/tixtools.com.ar\/wp-content\/uploads\/2024\/11\/Ajuste-de-Consumos-por-O-P-1-300x128.jpg 300w, https:\/\/tixtools.com.ar\/wp-content\/uploads\/2024\/11\/Ajuste-de-Consumos-por-O-P-1-768x328.jpg 768w\" sizes=\"(max-width: 976px) 100vw, 976px\" \/><\/figure>\n\n\n\n<p> <\/p>\n\n\n\n<p> <\/p>\n\n\n\n<div style=\"height:13px\" aria-hidden=\"true\" class=\"wp-block-spacer\"><\/div>\n\n\n\n<p>Introduzca el identificador de la O\/P <strong>o selecci\u00f3nelo del desplegable<\/strong>. En el desplegable aparecen tambi\u00e9n las O\/P&#8217;s ya cerradas cuyo consumo tambi\u00e9n se puede rectificar. TIXTOOLS presenta los restantes datos de la O\/P y en la tabla los consumos registrados:<\/p>\n\n\n\n<p><\/p>\n\n\n\n<figure class=\"wp-block-image size-full\"><img loading=\"lazy\" decoding=\"async\" width=\"973\" height=\"495\" src=\"https:\/\/tixtools.com.ar\/wp-content\/uploads\/2024\/11\/Ajuste-de-Consumos-por-O-P-2.jpg\" alt=\"\" class=\"wp-image-1279\" srcset=\"https:\/\/tixtools.com.ar\/wp-content\/uploads\/2024\/11\/Ajuste-de-Consumos-por-O-P-2.jpg 973w, https:\/\/tixtools.com.ar\/wp-content\/uploads\/2024\/11\/Ajuste-de-Consumos-por-O-P-2-300x153.jpg 300w, https:\/\/tixtools.com.ar\/wp-content\/uploads\/2024\/11\/Ajuste-de-Consumos-por-O-P-2-768x391.jpg 768w\" sizes=\"(max-width: 973px) 100vw, 973px\" \/><\/figure>\n\n\n\n<p>En la columna &#8216;Consumo Real&#8217; puede <strong>sobre-escribirse la cantidad efectivamente consumida<\/strong>, que puede ser mayor o menor que la presentada. <strong>Debe finalizarse el ajuste con &lt;ENTER><\/strong> hasta que aparezca la diferencia en la columna de al lado. El correspondiente movimiento de ajuste produce una <strong>extracci\u00f3n \/ devoluci\u00f3n en el mismo dep\u00f3sito<\/strong> que el consumo original. El operador deber\u00e1 tener precauci\u00f3n en el caso de ajustes en m\u00e1s, de <strong>no sobrepasar el saldo del lote<\/strong>, ya que <strong>el sistema no realiza esta verificaci\u00f3n<\/strong>. En caso de inobservancia puede producirse un negativo de stock.<\/p>\n\n\n\n<p><strong>No es posible ajustar el consumo eliminando una fila<\/strong>. En tal caso deber\u00e1 ajustar el consumo poniendo 0 (cero) en el consumo real.<\/p>\n\n\n\n<p>S\u00ed puede <strong>agregarse un insumo al final<\/strong>, introduciendo el c\u00f3digo o seleccion\u00e1ndolo del desplegable (flecha azul); luego el lote (flecha verde) donde el desplegable presentar\u00e1 unicamente lotes correspondientes al c\u00f3digo seleccionado, y finalmente la cantidad consumida en la columna con flecha roja, completando con &lt;ENTER>.<\/p>\n\n\n\n<p>La operaci\u00f3n se completa con click sobre &#8216;Guardar&#8217;, registrando un movimiento de ajuste con la fecha del d\u00eda que no se puede cambiar. N\u00f3tese que el movimiento de consumo adicional o de devoluci\u00f3n es en el mismo dep\u00f3sito que el consumo original.<\/p>\n\n\n\n<p>Nota: Las BMP\u00b4s suelen <strong>prohibir la devoluci\u00f3n de insumos activos y excipientes<\/strong> desde producci\u00f3n a dep\u00f3sito, permiti\u00e9ndola <strong>unicamente para materiales de acondicionamiento<\/strong>. TIXTOOLS <strong>no realiza validaci\u00f3n alguna de esta regla<\/strong>, siendo responsabilidad del operador no transgredirla haciendo un ajuste de consumo en menos.<\/p>\n\n\n\n<p><\/p>\n\n\n\n<p> <\/p>\n","protected":false},"excerpt":{"rendered":"<p>TIXTOOLS Pharma incluye un m\u00f3dulo que permite declarar o eventualmente ajustar los consumos de una Orden de Producci\u00f3n, en caso de que los reales difieran en cantidad o especie de&hellip;<\/p>\n","protected":false},"author":1,"featured_media":0,"parent":0,"menu_order":0,"comment_status":"closed","ping_status":"closed","template":"","meta":{"sfsi_plus_gutenberg_text_before_share":"","sfsi_plus_gutenberg_show_text_before_share":"","sfsi_plus_gutenberg_icon_type":"","sfsi_plus_gutenberg_icon_alignemt":"","sfsi_plus_gutenburg_max_per_row":"","footnotes":""},"_links":{"self":[{"href":"https:\/\/tixtools.com.ar\/inicio\/wp-json\/wp\/v2\/pages\/1274"}],"collection":[{"href":"https:\/\/tixtools.com.ar\/inicio\/wp-json\/wp\/v2\/pages"}],"about":[{"href":"https:\/\/tixtools.com.ar\/inicio\/wp-json\/wp\/v2\/types\/page"}],"author":[{"embeddable":true,"href":"https:\/\/tixtools.com.ar\/inicio\/wp-json\/wp\/v2\/users\/1"}],"replies":[{"embeddable":true,"href":"https:\/\/tixtools.com.ar\/inicio\/wp-json\/wp\/v2\/comments?post=1274"}],"version-history":[{"count":8,"href":"https:\/\/tixtools.com.ar\/inicio\/wp-json\/wp\/v2\/pages\/1274\/revisions"}],"predecessor-version":[{"id":1287,"href":"https:\/\/tixtools.com.ar\/inicio\/wp-json\/wp\/v2\/pages\/1274\/revisions\/1287"}],"wp:attachment":[{"href":"https:\/\/tixtools.com.ar\/inicio\/wp-json\/wp\/v2\/media?parent=1274"}],"curies":[{"name":"wp","href":"https:\/\/api.w.org\/{rel}","templated":true}]}}