{"id":1267,"date":"2024-11-19T13:50:03","date_gmt":"2024-11-19T16:50:03","guid":{"rendered":"https:\/\/tixtools.com.ar\/inicio\/?page_id=1267"},"modified":"2024-11-19T13:56:27","modified_gmt":"2024-11-19T16:56:27","slug":"que-es-y-no-es-un-erp","status":"publish","type":"page","link":"https:\/\/tixtools.com.ar\/inicio\/que-es-y-no-es-un-erp\/","title":{"rendered":"Qu\u00e9 es \u2026 y no es \u2026 un ERP"},"content":{"rendered":"\n<p>En el \u2018argot\u2019 inform\u00e1tico probablemente no exista t\u00e9rmino m\u00e1s bastardeado que este: <strong>ERP<\/strong><br><br>Y es que afirmar que tu soft es \u2018un\u2019 ERP, indudablemente te da <strong>prestigio y reconocimiento<\/strong>, como a las personas ser alto\/a (odio el lenguaje inclusivo), inteligente (aqu\u00ed se me hizo f\u00e1cil), amable (tambi\u00e9n), etc.<br><br>Si en cualquier buscador ponemos \u2018ERP\u2019 aparecen m\u00e1s de <strong>200 millones de enlaces<\/strong> \u2026 por cierto los de las primeras p\u00e1ginas son publicidades pagas, de modo que eso tampoco ayuda mucho.<\/p>\n\n\n\n<p>Entonces, con la autoridad de m\u00e1s de 3 d\u00e9cadas dise\u00f1ando, desarrollando e implementando sistemas de tipo ERP, <strong>propios y de terceros<\/strong>, un software ERP es un <strong>Sistema de Planificaci\u00f3n de Recursos Empresariales<\/strong> (Wikipedia dixit), definici\u00f3n que adolece de dos defectillos:<br><br>1) Le falta la palabreja <strong>\u2018TODOS\u2019<\/strong> y<br>2) En lugar de planificaci\u00f3n deber\u00eda decir <strong>\u2018gesti\u00f3n\u2019<\/strong> o al menos <strong>\u2018planificaci\u00f3n y control\u2019<\/strong>.<br><br>De modo que ERP deber\u00eda ser un acr\u00f3nimo por \u2018<strong>software de gesti\u00f3n de todos los recursos empresariales\u2019<\/strong> \u2026 con lo que el 95 % de los as\u00ed autodenominados se caen del mapa (o de mi definici\u00f3n, al menos).<br><br>Queda por enumerar, cu\u00e1les son los <strong>\u2018recursos empresariales\u2019<\/strong> que deber\u00eda gestionar un software digno de portar el honroso t\u00edtulo de ERP:<br><br>&#8211;\u00a0\u00a0\u00a0\u00a0\u00a0La <strong>facturaci\u00f3n, cobranza, cuentas corrientes<\/strong> (lo hacen todos)<br>&#8211;\u00a0\u00a0\u00a0\u00a0\u00a0Las <strong>compras, pagos, cuentas por pagar <\/strong>(tambi\u00e9n)<br>&#8211;\u00a0\u00a0\u00a0\u00a0\u00a0La <strong>tesorer\u00eda y contabilidad <\/strong>general (idem)<br>&#8211;\u00a0\u00a0\u00a0\u00a0\u00a0La gesti\u00f3n de <strong>stocks e inventarios<\/strong> (casi todos lo hacen)<br>&#8211;\u00a0\u00a0\u00a0\u00a0\u00a0Las <strong>pol\u00edticas de consumo<\/strong>: FIFO, FEFO, alertas de vencimiento<br>&#8211;\u00a0\u00a0\u00a0\u00a0\u00a0El <strong>planeamiento econ\u00f3mico \u2013 financiero<\/strong> (bastantes)<br>&#8211;\u00a0\u00a0\u00a0\u00a0\u00a0La <strong>gesti\u00f3n impositiva<\/strong> automatizada<br>&#8211;\u00a0\u00a0\u00a0\u00a0\u00a0La <strong>gesti\u00f3n de la producci\u00f3n<\/strong> (van quedando menos)<br>&#8211;\u00a0\u00a0\u00a0\u00a0\u00a0El planeamiento <strong>MRP I y II<\/strong> (empezamos a estar menos amontonados)<br>&#8211;\u00a0\u00a0\u00a0\u00a0\u00a0La secuenciaci\u00f3n de la <strong>carga de m\u00e1quinas <\/strong>(quedamos poquitos)<br>&#8211;\u00a0\u00a0\u00a0\u00a0\u00a0La <strong>gesti\u00f3n documentaria<\/strong> (solo unos pocos exquisitos)<br>&#8211;\u00a0\u00a0\u00a0\u00a0\u00a0La <strong>gesti\u00f3n de la calidad<\/strong> (casi ninguno)<br>&#8211;\u00a0\u00a0\u00a0\u00a0\u00a0El <strong>an\u00e1lisis de costos<\/strong> y la presupuestaci\u00f3n de productos (\u2026 esteee \u2026)<br>&#8211;\u00a0\u00a0\u00a0\u00a0\u00a0El <strong>sub-sistema CRM<\/strong> de relacionamiento con los clientes (unos cuantos)<br>&#8211;\u00a0\u00a0\u00a0\u00a0\u00a0La gesti\u00f3n del <strong>mantenimiento industrial<\/strong> (no me dejen solo !)<\/p>\n\n\n\n<p>(A esta lista deber\u00eda agregarse la <strong>&#8216;Gesti\u00f3n de Recursos Humanos&#8217;<\/strong> que (a confesi\u00f3n de parte) TIXTOOLS solo maneja en lo que hace a la asignaci\u00f3n y control de RRHH directamente asociado al proceso productivo, excluyendo administraci\u00f3n de RRHH as\u00ed como liquidaci\u00f3n de remuneraciones.<br><br>A la enumeraci\u00f3n anterior deben agregarse las <strong>herramientas m\u00ednimas de configuraci\u00f3n y control<\/strong>:<br><br>&#8211;&nbsp;&nbsp;&nbsp;&nbsp;&nbsp;Generador de <strong>reportes y consultas<\/strong><br>&#8211;&nbsp;&nbsp;&nbsp;&nbsp;&nbsp;<strong>Alertas<\/strong> configurables <br>&#8211;&nbsp;&nbsp;&nbsp;&nbsp;&nbsp;<strong>Auditor\u00eda<\/strong> de transacciones<br>&#8211;&nbsp;&nbsp;&nbsp;&nbsp;&nbsp;<strong>Gestor de derechos<\/strong> de usuarios<br>&#8211;&nbsp;&nbsp;&nbsp;&nbsp;&nbsp;Herramientas sencillas de <strong>export \/ import<\/strong> de datos<br><br>Y los <strong>verticales espec\u00edficos de cada rama de actividad<\/strong>, donde solo podemos ejemplificar: en industria Pharma, p.ej:<br><br>&#8211;&nbsp;&nbsp;&nbsp;&nbsp;&nbsp;<strong>Ajuste de potencia<\/strong> primario y secundario<br>&#8211;&nbsp;&nbsp;&nbsp;&nbsp;&nbsp;<strong>Picking<\/strong> seg\u00fan pol\u00edticas de stock FEFO \/ FIFO<br>&#8211;&nbsp;&nbsp;&nbsp;&nbsp;&nbsp;<strong>Gesti\u00f3n de dep\u00f3sito<\/strong> ca\u00f3tico (que no es desordenado, precisamente)<br>&#8211;&nbsp;&nbsp;&nbsp;&nbsp;&nbsp;<strong>Cuarentena, muestreo, trazabilidad<\/strong><br>&#8211;&nbsp;&nbsp;&nbsp;&nbsp;&nbsp;Y la lista sigue \u2026<br><br>Y ahora \u2026 \u00bf Cu\u00e1ntos quedan merecedores del \u2018t\u00edtulo\u2019 ERP ?<br><br>Cuando eval\u00fae la opci\u00f3n de cambiar su viejo soft de gesti\u00f3n por un ERP \u2026 \u00a1 aseg\u00farese de que realmente lo sea !<\/p>\n","protected":false},"excerpt":{"rendered":"<p>En el \u2018argot\u2019 inform\u00e1tico probablemente no exista t\u00e9rmino m\u00e1s bastardeado que este: ERP Y es que afirmar que tu soft es \u2018un\u2019 ERP, indudablemente te da prestigio y reconocimiento, como&hellip;<\/p>\n","protected":false},"author":1,"featured_media":0,"parent":0,"menu_order":0,"comment_status":"closed","ping_status":"closed","template":"","meta":{"sfsi_plus_gutenberg_text_before_share":"","sfsi_plus_gutenberg_show_text_before_share":"","sfsi_plus_gutenberg_icon_type":"","sfsi_plus_gutenberg_icon_alignemt":"","sfsi_plus_gutenburg_max_per_row":"","footnotes":""},"_links":{"self":[{"href":"https:\/\/tixtools.com.ar\/inicio\/wp-json\/wp\/v2\/pages\/1267"}],"collection":[{"href":"https:\/\/tixtools.com.ar\/inicio\/wp-json\/wp\/v2\/pages"}],"about":[{"href":"https:\/\/tixtools.com.ar\/inicio\/wp-json\/wp\/v2\/types\/page"}],"author":[{"embeddable":true,"href":"https:\/\/tixtools.com.ar\/inicio\/wp-json\/wp\/v2\/users\/1"}],"replies":[{"embeddable":true,"href":"https:\/\/tixtools.com.ar\/inicio\/wp-json\/wp\/v2\/comments?post=1267"}],"version-history":[{"count":2,"href":"https:\/\/tixtools.com.ar\/inicio\/wp-json\/wp\/v2\/pages\/1267\/revisions"}],"predecessor-version":[{"id":1273,"href":"https:\/\/tixtools.com.ar\/inicio\/wp-json\/wp\/v2\/pages\/1267\/revisions\/1273"}],"wp:attachment":[{"href":"https:\/\/tixtools.com.ar\/inicio\/wp-json\/wp\/v2\/media?parent=1267"}],"curies":[{"name":"wp","href":"https:\/\/api.w.org\/{rel}","templated":true}]}}