{"id":1243,"date":"2024-11-13T15:20:40","date_gmt":"2024-11-13T18:20:40","guid":{"rendered":"https:\/\/tixtools.com.ar\/inicio\/?page_id=1243"},"modified":"2024-11-18T16:46:37","modified_gmt":"2024-11-18T19:46:37","slug":"por-que-el-picking-no-me-toma-un-lote","status":"publish","type":"page","link":"https:\/\/tixtools.com.ar\/inicio\/por-que-el-picking-no-me-toma-un-lote\/","title":{"rendered":"Por qu\u00e9 el &#8216;picking&#8217; no me toma un lote ?"},"content":{"rendered":"\n<p>En <strong>TIXTOOLS<\/strong> el &#8216;picking&#8217; es el proceso de <strong>selecci\u00f3n y asignaci\u00f3n de insumos<\/strong> requeridos para una cierta Orden de Producci\u00f3n, siguiendo las <strong>Buenas Pr\u00e1cticas de Manufactura Farmac\u00e9utica<\/strong> (BMPF) y las reglas de <strong>pol\u00edtica de consumo<\/strong> establecidas para cada item.<\/p>\n\n\n\n<p>En cuanto a las BPMF el sistema excluye los lotes que:<\/p>\n\n\n\n<ol>\n<li>No est\u00e9n en estado <strong>&#8216;APROBADO&#8217;<\/strong> que para la codificaci\u00f3n interna de TIXTOOLS es Status = 3. Esto significa que no ser\u00e1n asignados los que est\u00e9n en <strong>cuarentena <\/strong>(Status 0, 1 \u00f3 2) o<strong> rechazados<\/strong> (Status 8 o 9)<\/li>\n\n\n\n<li>Est\u00e9n <strong>vencidos<\/strong>, o sea que la fecha de vencimiento registrada sea ANTERIOR a la fecha actual registrada en la estaci\u00f3n de trabajo o el servidor (seg\u00fan sea la conexi\u00f3n por LAN o TS)<\/li>\n\n\n\n<li>Est\u00e9 vencida la <strong>fecha de re-an\u00e1lisis<\/strong>, o sea que la fecha de re-an\u00e1lisis registrada sea ANTERIOR a la fecha actual registrada en la estaci\u00f3n de trabajo o el servidor (seg\u00fan sea la conexi\u00f3n por LAN o TS)  <\/li>\n<\/ol>\n\n\n\n<div style=\"height:10px\" aria-hidden=\"true\" class=\"wp-block-spacer\"><\/div>\n\n\n\n<p>Para conocer la <strong>situaci\u00f3n de cada lote<\/strong> de un insumo, utilice la <strong>Consulta de Disponibilidad de Stocks<\/strong>:<\/p>\n\n\n<div class=\"wp-block-image\">\n<figure class=\"aligncenter size-full\"><img loading=\"lazy\" decoding=\"async\" width=\"770\" height=\"549\" src=\"https:\/\/tixtools.com.ar\/wp-content\/uploads\/2024\/11\/Consulta-Disponibilidad-de-Stocks-2.jpg\" alt=\"\" class=\"wp-image-1251\" srcset=\"https:\/\/tixtools.com.ar\/wp-content\/uploads\/2024\/11\/Consulta-Disponibilidad-de-Stocks-2.jpg 770w, https:\/\/tixtools.com.ar\/wp-content\/uploads\/2024\/11\/Consulta-Disponibilidad-de-Stocks-2-300x214.jpg 300w, https:\/\/tixtools.com.ar\/wp-content\/uploads\/2024\/11\/Consulta-Disponibilidad-de-Stocks-2-768x548.jpg 768w\" sizes=\"(max-width: 770px) 100vw, 770px\" \/><\/figure><\/div>\n\n\n<div style=\"height:17px\" aria-hidden=\"true\" class=\"wp-block-spacer\"><\/div>\n\n\n\n<p>Haciendo doble-click sobre el casillero <strong>&#8216;Total en Dep\u00f3sito&#8217; <\/strong>se presenta el detalle de cada uno de los lotes del material:<\/p>\n\n\n<div class=\"wp-block-image\">\n<figure class=\"aligncenter size-full\"><img loading=\"lazy\" decoding=\"async\" width=\"914\" height=\"324\" src=\"https:\/\/tixtools.com.ar\/wp-content\/uploads\/2024\/11\/Detalle-por-Lote.jpg\" alt=\"\" class=\"wp-image-1248\" srcset=\"https:\/\/tixtools.com.ar\/wp-content\/uploads\/2024\/11\/Detalle-por-Lote.jpg 914w, https:\/\/tixtools.com.ar\/wp-content\/uploads\/2024\/11\/Detalle-por-Lote-300x106.jpg 300w, https:\/\/tixtools.com.ar\/wp-content\/uploads\/2024\/11\/Detalle-por-Lote-768x272.jpg 768w\" sizes=\"(max-width: 914px) 100vw, 914px\" \/><\/figure><\/div>\n\n\n<div style=\"height:16px\" aria-hidden=\"true\" class=\"wp-block-spacer\"><\/div>\n\n\n\n<p>Para cada lote podr\u00e1 <strong>chequearse el estado<\/strong> (marca en verde), la fecha de vencimiento (en rojo) y la de re-analisis. Los lotes que no cumplan alguna de las condiciones de selecci\u00f3n son excluidos del &#8216;picking&#8217;.<\/p>\n\n\n\n<p>A los fines del correcto funcionamiento de los puntos 2. y 3. se recomienda configurar la <strong>sincronizaci\u00f3n autom\u00e1tica<\/strong> de servidor y cada estaci\u00f3n de trabajo con alg\u00fan servidor de fecha y hora p\u00fablico. Para saber c\u00f3mo hacerlo consulte <strong>aqu\u00ed<\/strong>.<\/p>\n\n\n\n<p>Tenga presente que adem\u00e1s de las condiciones anteriores, el picking TIXTOOLS aplica las reglas de <strong>pol\u00edtica de consumo<\/strong>, las que pueden establecerse como GENERALES y tambi\u00e9n individuales para cada item de stocks y que son:<\/p>\n\n\n\n<ol>\n<li>Consumo por <strong>FIFO<\/strong> (consumir primero los lotes m\u00e1s viejos) o por <strong>FEFO<\/strong> (primero los lotes m\u00e1s pr\u00f3ximos a vencer). En industria farmac\u00e9utica <strong>se suele aplicar FEFO<\/strong> aunque algunos laboratorios aplican <strong>FIFO unicamente para los materiales de acondicionamiento y empaque.<\/strong><\/li>\n\n\n\n<li>Admite <strong>fraccionamiento de lote<\/strong> SI o NO. Si est\u00e1 establecido en NO, solo tomar\u00e1 en cuenta aquellos lotes que superen la cantidad requerida; mientras que en SI, el sistema buscar\u00e1 completar lo requerido <strong>sumando los parciales de varios lotes<\/strong>, en el orden prescripto por la pol\u00edtica de stocks (ver el punto anterior).<\/li>\n<\/ol>\n\n\n\n<p>M\u00e1s informaci\u00f3n sobre el manejo de las pol\u00edticas de consumo haciendo click <strong>aqu\u00ed.<\/strong> <\/p>\n\n\n\n<p><\/p>\n","protected":false},"excerpt":{"rendered":"<p>En TIXTOOLS el &#8216;picking&#8217; es el proceso de selecci\u00f3n y asignaci\u00f3n de insumos requeridos para una cierta Orden de Producci\u00f3n, siguiendo las Buenas Pr\u00e1cticas de Manufactura Farmac\u00e9utica (BMPF) y las&hellip;<\/p>\n","protected":false},"author":1,"featured_media":0,"parent":0,"menu_order":0,"comment_status":"closed","ping_status":"closed","template":"","meta":{"sfsi_plus_gutenberg_text_before_share":"","sfsi_plus_gutenberg_show_text_before_share":"","sfsi_plus_gutenberg_icon_type":"","sfsi_plus_gutenberg_icon_alignemt":"","sfsi_plus_gutenburg_max_per_row":"","footnotes":""},"_links":{"self":[{"href":"https:\/\/tixtools.com.ar\/inicio\/wp-json\/wp\/v2\/pages\/1243"}],"collection":[{"href":"https:\/\/tixtools.com.ar\/inicio\/wp-json\/wp\/v2\/pages"}],"about":[{"href":"https:\/\/tixtools.com.ar\/inicio\/wp-json\/wp\/v2\/types\/page"}],"author":[{"embeddable":true,"href":"https:\/\/tixtools.com.ar\/inicio\/wp-json\/wp\/v2\/users\/1"}],"replies":[{"embeddable":true,"href":"https:\/\/tixtools.com.ar\/inicio\/wp-json\/wp\/v2\/comments?post=1243"}],"version-history":[{"count":7,"href":"https:\/\/tixtools.com.ar\/inicio\/wp-json\/wp\/v2\/pages\/1243\/revisions"}],"predecessor-version":[{"id":1266,"href":"https:\/\/tixtools.com.ar\/inicio\/wp-json\/wp\/v2\/pages\/1243\/revisions\/1266"}],"wp:attachment":[{"href":"https:\/\/tixtools.com.ar\/inicio\/wp-json\/wp\/v2\/media?parent=1243"}],"curies":[{"name":"wp","href":"https:\/\/api.w.org\/{rel}","templated":true}]}}