{"id":1223,"date":"2024-10-30T12:42:28","date_gmt":"2024-10-30T15:42:28","guid":{"rendered":"https:\/\/tixtools.com.ar\/inicio\/?page_id=1223"},"modified":"2024-10-30T12:42:28","modified_gmt":"2024-10-30T15:42:28","slug":"error-en-recepcion-de-materiales","status":"publish","type":"page","link":"https:\/\/tixtools.com.ar\/inicio\/error-en-recepcion-de-materiales\/","title":{"rendered":"Error en Recepci\u00f3n de Materiales"},"content":{"rendered":"\n<p>El m\u00f3dulo de recepci\u00f3n de materiales <strong>presenta los c\u00f3digos y cantidades (saldos)<\/strong> de la Orden de Compra de origen. Esta utilidad, si bien simplifica la operaci\u00f3n, tambi\u00e9n <strong>puede ser fuente de errores<\/strong>. Aqu\u00ed detallamos c\u00f3mo resolverlos.<\/p>\n\n\n\n<p>El error m\u00e1s habitual ocurre cuando la cantidad efectivamente recibida de un cierto \u00edtem <strong>difiere del saldo pendiente <\/strong>de la O\/Compra correspondiente. A\u00fan cuando <strong>TIXTOOLS<\/strong> obliga a ingresar por teclado la cantidad recibida (y no simplemente confirmar la presentada por el sistema), en el apuro por procesar la recepci\u00f3n, el operador puede simplemente &#8216;repetir&#8217; la cantidad presentada, en lugar de <strong>ingresar la realmente recibida.<\/strong><\/p>\n\n\n<div class=\"wp-block-image\">\n<figure class=\"aligncenter size-full\"><img loading=\"lazy\" decoding=\"async\" width=\"732\" height=\"593\" src=\"https:\/\/tixtools.com.ar\/wp-content\/uploads\/2024\/10\/Recepcion-de-Materiales.jpg\" alt=\"\" class=\"wp-image-1225\" srcset=\"https:\/\/tixtools.com.ar\/wp-content\/uploads\/2024\/10\/Recepcion-de-Materiales.jpg 732w, https:\/\/tixtools.com.ar\/wp-content\/uploads\/2024\/10\/Recepcion-de-Materiales-300x243.jpg 300w\" sizes=\"(max-width: 732px) 100vw, 732px\" \/><\/figure><\/div>\n\n\n<p> <\/p>\n\n\n\n<p>En caso de que la cantidad real sea mayor a la declarada, el problema se resuelve mediante un <strong>ingreso adicional por la diferencia<\/strong>. El inconveniente aqu\u00ed ser\u00e1 que si el \u00edtem en cuesti\u00f3n qued\u00f3 saldado, no aparecer\u00e1 como pendiente al invocar la orden de compra.<\/p>\n\n\n\n<p>En este caso podr\u00e1 <strong>modificarse la configuraci\u00f3n<\/strong> (con privilegios de supervisor) para permitir la recepci\u00f3n sin orden de compra. En Opciones de Configuraci\u00f3n &#8211;> Configuraci\u00f3n General &#8211;> Par\u00e1metros &#8211;> Ajustes Funcionales &#8211;> Log\u00edstica y Producci\u00f3n <\/p>\n\n\n<div class=\"wp-block-image\">\n<figure class=\"aligncenter size-full\"><img loading=\"lazy\" decoding=\"async\" width=\"585\" height=\"695\" src=\"https:\/\/tixtools.com.ar\/wp-content\/uploads\/2024\/10\/Configuracion-de-Logistica-y-Produccion.jpg\" alt=\"\" class=\"wp-image-1226\" srcset=\"https:\/\/tixtools.com.ar\/wp-content\/uploads\/2024\/10\/Configuracion-de-Logistica-y-Produccion.jpg 585w, https:\/\/tixtools.com.ar\/wp-content\/uploads\/2024\/10\/Configuracion-de-Logistica-y-Produccion-253x300.jpg 253w\" sizes=\"(max-width: 585px) 100vw, 585px\" \/><\/figure><\/div>\n\n\n<p>Tildar la casilla de verificaci\u00f3n de <strong>&#8216;Permite Recepci\u00f3n sin O-Compra&#8217;<\/strong> y luego guardar. Es posible que luego haya que re-iniciar el TIXTOOLS o se re-inicie solo.<\/p>\n\n\n\n<p>Luego de lo anterior regresar a la Recepci\u00f3n de Materiales por Compras, invocar la O\/Compra y <strong>agregar un rengl\u00f3n al final<\/strong> con el c\u00f3digo del material recibido (con doble click se abre el desplegable) y la cantidad adicional a ingresar; luego guardar. En el comprobante de ingreso (Remito) puede repetirse el del primer ingreso ya que <strong>TIXTOOLS no valida la no-repetici\u00f3n<\/strong> <strong>del remito<\/strong><\/p>\n\n\n\n<p>Luego de lo anterior se recomienda volver a la Configuraci\u00f3n de Log\u00edstica y Producci\u00f3n y <strong>des-habilitar la opci\u00f3n de Recibir sin Orden de Compra<\/strong>; luego guardar. <\/p>\n\n\n\n<p>Si en cambio todos los items de la O\/Compra ya se encuentran saldados, <strong>la O\/C no aparecer\u00e1 en el desplegable correspondiente<\/strong>. En este caso deber\u00e1 <strong>generarse una O\/Compra <\/strong>al mismo proveedor por el item y cantidad faltantes, para luego proceder a la recepci\u00f3n como se indica m\u00e1s arriba.<\/p>\n\n\n\n<p>En caso de que <strong>la cantidad real recibida sea menor a la declarada<\/strong> por el operador, deber\u00e1 completarse el circuito de recepci\u00f3n (etiquetado &#8211; muestreo &#8211; aprobaci\u00f3n) y luego realizar el correspondiente <strong>Ajuste de Stocks<\/strong><\/p>\n\n\n<div class=\"wp-block-image\">\n<figure class=\"aligncenter size-full\"><img loading=\"lazy\" decoding=\"async\" width=\"533\" height=\"508\" src=\"https:\/\/tixtools.com.ar\/wp-content\/uploads\/2024\/10\/Ajuste-de-Stock-2-1.jpg\" alt=\"\" class=\"wp-image-1227\" srcset=\"https:\/\/tixtools.com.ar\/wp-content\/uploads\/2024\/10\/Ajuste-de-Stock-2-1.jpg 533w, https:\/\/tixtools.com.ar\/wp-content\/uploads\/2024\/10\/Ajuste-de-Stock-2-1-300x286.jpg 300w\" sizes=\"(max-width: 533px) 100vw, 533px\" \/><\/figure><\/div>\n\n\n<p>Este ajuste tambi\u00e9n podr\u00e1 realizarse antes del etiquetado, e indistintamente en menos o en m\u00e1s, teniendo presente que <strong>la cantidad ajustada no se refleja en la cantidad para etiquetar<\/strong> &#8230; esta \u00faltima siempre presenta <strong>la declarada en la recepci\u00f3n original<\/strong>.<\/p>\n","protected":false},"excerpt":{"rendered":"<p>El m\u00f3dulo de recepci\u00f3n de materiales presenta los c\u00f3digos y cantidades (saldos) de la Orden de Compra de origen. Esta utilidad, si bien simplifica la operaci\u00f3n, tambi\u00e9n puede ser fuente&hellip;<\/p>\n","protected":false},"author":1,"featured_media":0,"parent":0,"menu_order":0,"comment_status":"closed","ping_status":"closed","template":"","meta":{"sfsi_plus_gutenberg_text_before_share":"","sfsi_plus_gutenberg_show_text_before_share":"","sfsi_plus_gutenberg_icon_type":"","sfsi_plus_gutenberg_icon_alignemt":"","sfsi_plus_gutenburg_max_per_row":"","footnotes":""},"_links":{"self":[{"href":"https:\/\/tixtools.com.ar\/inicio\/wp-json\/wp\/v2\/pages\/1223"}],"collection":[{"href":"https:\/\/tixtools.com.ar\/inicio\/wp-json\/wp\/v2\/pages"}],"about":[{"href":"https:\/\/tixtools.com.ar\/inicio\/wp-json\/wp\/v2\/types\/page"}],"author":[{"embeddable":true,"href":"https:\/\/tixtools.com.ar\/inicio\/wp-json\/wp\/v2\/users\/1"}],"replies":[{"embeddable":true,"href":"https:\/\/tixtools.com.ar\/inicio\/wp-json\/wp\/v2\/comments?post=1223"}],"version-history":[{"count":2,"href":"https:\/\/tixtools.com.ar\/inicio\/wp-json\/wp\/v2\/pages\/1223\/revisions"}],"predecessor-version":[{"id":1228,"href":"https:\/\/tixtools.com.ar\/inicio\/wp-json\/wp\/v2\/pages\/1223\/revisions\/1228"}],"wp:attachment":[{"href":"https:\/\/tixtools.com.ar\/inicio\/wp-json\/wp\/v2\/media?parent=1223"}],"curies":[{"name":"wp","href":"https:\/\/api.w.org\/{rel}","templated":true}]}}