{"id":1190,"date":"2024-09-10T14:03:30","date_gmt":"2024-09-10T17:03:30","guid":{"rendered":"https:\/\/tixtools.com.ar\/inicio\/?page_id=1190"},"modified":"2024-09-10T14:12:57","modified_gmt":"2024-09-10T17:12:57","slug":"registrar-produccion-propia-parcial-o-total","status":"publish","type":"page","link":"https:\/\/tixtools.com.ar\/inicio\/registrar-produccion-propia-parcial-o-total\/","title":{"rendered":"Registrar Producci\u00f3n Propia Parcial o Total"},"content":{"rendered":"\n<p>Para declarar una producci\u00f3n propia debe ingresar a <strong>Produccion &#8211;&gt; Finalizar Orden de Produccion &#8211;&gt; Cierre de O\/Prod.<\/strong><\/p>\n\n\n\n<p>Se presentar\u00e1 una ficha de pantalla donde podr\u00e1 <strong>elegir la O\/P por su n\u00famero<\/strong> y declarar la cantidad producida y el dep\u00f3sito de ingreso.<\/p>\n\n\n<div class=\"wp-block-image\">\n<figure class=\"aligncenter size-full\"><img loading=\"lazy\" decoding=\"async\" width=\"680\" height=\"691\" src=\"https:\/\/tixtools.com.ar\/wp-content\/uploads\/2024\/09\/Ingreso-de-Produccion-Propia.jpg\" alt=\"\" class=\"wp-image-1193\" srcset=\"https:\/\/tixtools.com.ar\/wp-content\/uploads\/2024\/09\/Ingreso-de-Produccion-Propia.jpg 680w, https:\/\/tixtools.com.ar\/wp-content\/uploads\/2024\/09\/Ingreso-de-Produccion-Propia-295x300.jpg 295w\" sizes=\"(max-width: 680px) 100vw, 680px\" \/><\/figure><\/div>\n\n\n<p>En el casillero &#8216;Numero de Orden de Produccion&#8217; ingrese la O\/P elegida o bien mejor <strong>despliegue la lista y seleccione con doble-click:<\/strong><\/p>\n\n\n<div class=\"wp-block-image\">\n<figure class=\"aligncenter size-full\"><img loading=\"lazy\" decoding=\"async\" width=\"543\" height=\"301\" src=\"https:\/\/tixtools.com.ar\/wp-content\/uploads\/2024\/09\/Indice-de-Ordenes-de-Produccion-Activas.jpg\" alt=\"\" class=\"wp-image-1195\" srcset=\"https:\/\/tixtools.com.ar\/wp-content\/uploads\/2024\/09\/Indice-de-Ordenes-de-Produccion-Activas.jpg 543w, https:\/\/tixtools.com.ar\/wp-content\/uploads\/2024\/09\/Indice-de-Ordenes-de-Produccion-Activas-300x166.jpg 300w\" sizes=\"(max-width: 543px) 100vw, 543px\" \/><\/figure><\/div>\n\n\n<p>Se presentar\u00e1n <strong>los datos registrados<\/strong> de la O\/P:<\/p>\n\n\n<div class=\"wp-block-image\">\n<figure class=\"aligncenter size-full is-resized\"><img loading=\"lazy\" decoding=\"async\" width=\"684\" height=\"695\" src=\"https:\/\/tixtools.com.ar\/wp-content\/uploads\/2024\/09\/Ingreso-de-Produccion-Propia-2.jpg\" alt=\"\" class=\"wp-image-1197\" style=\"width:840px;height:auto\" srcset=\"https:\/\/tixtools.com.ar\/wp-content\/uploads\/2024\/09\/Ingreso-de-Produccion-Propia-2.jpg 684w, https:\/\/tixtools.com.ar\/wp-content\/uploads\/2024\/09\/Ingreso-de-Produccion-Propia-2-295x300.jpg 295w\" sizes=\"(max-width: 684px) 100vw, 684px\" \/><\/figure><\/div>\n\n\n<p>Deber\u00e1 ingresar la <strong>cantidad producida, el dep\u00f3sito y la cantidad de bultos<\/strong> (Obligatorios). La Ubicaci\u00f3n en dep\u00f3sito es opcional.<\/p>\n\n\n\n<p>En <strong>&#8216;Acumulado Alcanzado&#8217;<\/strong> el sistema presenta la suma de los <strong>ingresos anteriores (si los hubiera) m\u00e1s el ingreso actual.<\/strong><\/p>\n\n\n\n<p>Si el acumulado alcanzado es <strong>igual o superior a la cantidad proyectada<\/strong>, al guardar la transacci\u00f3n la O\/P pasa autom\u00e1ticamente a <strong>estado 3 = Cumplida<\/strong>.<\/p>\n\n\n\n<p>En caso de que el acumulado sea inferior, pero el operador decide que <strong>el saldo no se habr\u00e1 de realizar en el futuro<\/strong>, puede <strong>tildar el casillero &#8216;Dar por Cumplida&#8217;<\/strong>. En ese caso al guardar la transacci\u00f3n la O\/P pasara a <strong>Status 8 = Por Cumplida<\/strong>. Caso contrario la O\/P permanece abierta a la espera de que se declare un nuevo ingreso de la misma O\/P.<\/p>\n\n\n\n<p>La leyenda &#8216;Posible Desv\u00edo de Consumo&#8217; indica una <strong>posible diferencia entre la f\u00f3rmula te\u00f3rica y el consumo real<\/strong> &#8230; no debe darle importancia.<\/p>\n\n\n\n<p>La transacci\u00f3n de completa con <strong>click sobre &#8216;Guardar&#8217;<\/strong>.<\/p>\n\n\n\n<p>En caso de haberse completado la cantidad proyectada o marcado como cumplida, la O\/P desaparece de la lista de selecci\u00f3n de O\/P&#8217;s activas.<\/p>\n\n\n\n<p>Al guardar la transacci\u00f3n el control de proceso pasa al etiquetado (ver el instructivo correspondiente)<\/p>\n","protected":false},"excerpt":{"rendered":"<p>Para declarar una producci\u00f3n propia debe ingresar a Produccion &#8211;&gt; Finalizar Orden de Produccion &#8211;&gt; Cierre de O\/Prod. Se presentar\u00e1 una ficha de pantalla donde podr\u00e1 elegir la O\/P por&hellip;<\/p>\n","protected":false},"author":1,"featured_media":0,"parent":0,"menu_order":0,"comment_status":"closed","ping_status":"closed","template":"","meta":{"sfsi_plus_gutenberg_text_before_share":"","sfsi_plus_gutenberg_show_text_before_share":"","sfsi_plus_gutenberg_icon_type":"","sfsi_plus_gutenberg_icon_alignemt":"","sfsi_plus_gutenburg_max_per_row":"","footnotes":""},"_links":{"self":[{"href":"https:\/\/tixtools.com.ar\/inicio\/wp-json\/wp\/v2\/pages\/1190"}],"collection":[{"href":"https:\/\/tixtools.com.ar\/inicio\/wp-json\/wp\/v2\/pages"}],"about":[{"href":"https:\/\/tixtools.com.ar\/inicio\/wp-json\/wp\/v2\/types\/page"}],"author":[{"embeddable":true,"href":"https:\/\/tixtools.com.ar\/inicio\/wp-json\/wp\/v2\/users\/1"}],"replies":[{"embeddable":true,"href":"https:\/\/tixtools.com.ar\/inicio\/wp-json\/wp\/v2\/comments?post=1190"}],"version-history":[{"count":7,"href":"https:\/\/tixtools.com.ar\/inicio\/wp-json\/wp\/v2\/pages\/1190\/revisions"}],"predecessor-version":[{"id":1202,"href":"https:\/\/tixtools.com.ar\/inicio\/wp-json\/wp\/v2\/pages\/1190\/revisions\/1202"}],"wp:attachment":[{"href":"https:\/\/tixtools.com.ar\/inicio\/wp-json\/wp\/v2\/media?parent=1190"}],"curies":[{"name":"wp","href":"https:\/\/api.w.org\/{rel}","templated":true}]}}