{"id":1177,"date":"2024-09-07T19:00:14","date_gmt":"2024-09-07T22:00:14","guid":{"rendered":"https:\/\/tixtools.com.ar\/inicio\/?page_id=1177"},"modified":"2024-09-07T19:00:14","modified_gmt":"2024-09-07T22:00:14","slug":"visualizar-comprobantes","status":"publish","type":"page","link":"https:\/\/tixtools.com.ar\/inicio\/visualizar-comprobantes\/","title":{"rendered":"Visualizar Comprobantes"},"content":{"rendered":"\n<p>El sistema de <strong>trazabilidad de transacciones<\/strong> no solo permite identificar mediante <strong>firma electr\u00f3nica y timestamp<\/strong> qu\u00e9 usuario realiz\u00f3 una cierta transacci\u00f3n o consulta como tambi\u00e9n la fecha y hora de ejecuci\u00f3n; tambi\u00e9n <strong>presentar en pantalla un facsimil PDF<\/strong> respaldatorio de la transacci\u00f3n.<\/p>\n\n\n\n<p>Siga estos pasos:<\/p>\n\n\n\n<p>1) Solapa o sub-menu de <strong>&#8216;Configuracion y Control&#8217;<\/strong><\/p>\n\n\n\n<p>2) Click sobre <strong>&#8216;Visualizar Comprobantes&#8217;<\/strong><\/p>\n\n\n\n<p>3) Aparece<\/p>\n\n\n<div class=\"wp-block-image\">\n<figure class=\"aligncenter size-full is-resized\"><img loading=\"lazy\" decoding=\"async\" width=\"465\" height=\"342\" src=\"https:\/\/tixtools.com.ar\/wp-content\/uploads\/2024\/09\/Visualizar-Comprobantes.jpg\" alt=\"\" class=\"wp-image-1178\" style=\"width:465px;height:auto\" srcset=\"https:\/\/tixtools.com.ar\/wp-content\/uploads\/2024\/09\/Visualizar-Comprobantes.jpg 465w, https:\/\/tixtools.com.ar\/wp-content\/uploads\/2024\/09\/Visualizar-Comprobantes-300x221.jpg 300w\" sizes=\"(max-width: 465px) 100vw, 465px\" \/><\/figure><\/div>\n\n\n<div style=\"height:16px\" aria-hidden=\"true\" class=\"wp-block-spacer\"><\/div>\n\n\n\n<p>4) Desplegar <strong>&#8216;Tipo de Comprobante&#8217;<\/strong> y buscar (con filtro) el tipo de transacci\u00f3n, por ejemplo &#8216;Ajuste de Existencias de Stock por Lote&#8217;<\/p>\n\n\n<div class=\"wp-block-image\">\n<figure class=\"aligncenter size-full\"><img loading=\"lazy\" decoding=\"async\" width=\"457\" height=\"214\" src=\"https:\/\/tixtools.com.ar\/wp-content\/uploads\/2024\/09\/Seleccion-por-Tipo-de-Comprobante.jpg\" alt=\"\" class=\"wp-image-1181\" srcset=\"https:\/\/tixtools.com.ar\/wp-content\/uploads\/2024\/09\/Seleccion-por-Tipo-de-Comprobante.jpg 457w, https:\/\/tixtools.com.ar\/wp-content\/uploads\/2024\/09\/Seleccion-por-Tipo-de-Comprobante-300x140.jpg 300w\" sizes=\"(max-width: 457px) 100vw, 457px\" \/><\/figure><\/div>\n\n\n<div style=\"height:16px\" aria-hidden=\"true\" class=\"wp-block-spacer\"><\/div>\n\n\n\n<p>5) Seleccionar con click<\/p>\n\n\n\n<p>6) En <strong>N\u00famero de Comprobante<\/strong> desplegar y buscar por numero de comprobante<\/p>\n\n\n<div class=\"wp-block-image\">\n<figure class=\"aligncenter size-full\"><img loading=\"lazy\" decoding=\"async\" width=\"672\" height=\"324\" src=\"https:\/\/tixtools.com.ar\/wp-content\/uploads\/2024\/09\/Seleccion-por-Numero-de-Comprobante.jpg\" alt=\"\" class=\"wp-image-1182\" srcset=\"https:\/\/tixtools.com.ar\/wp-content\/uploads\/2024\/09\/Seleccion-por-Numero-de-Comprobante.jpg 672w, https:\/\/tixtools.com.ar\/wp-content\/uploads\/2024\/09\/Seleccion-por-Numero-de-Comprobante-300x145.jpg 300w\" sizes=\"(max-width: 672px) 100vw, 672px\" \/><\/figure><\/div>\n\n\n<div style=\"height:14px\" aria-hidden=\"true\" class=\"wp-block-spacer\"><\/div>\n\n\n\n<p>7) Ah\u00ed ya <strong>aparece el usuario, la fecha y hora<\/strong> en la lista de selecci\u00f3n<\/p>\n\n\n<div class=\"wp-block-image\">\n<figure class=\"aligncenter size-full\"><img loading=\"lazy\" decoding=\"async\" width=\"456\" height=\"340\" src=\"https:\/\/tixtools.com.ar\/wp-content\/uploads\/2024\/09\/Re-Impresion-de-Comprobante-1.jpg\" alt=\"\" class=\"wp-image-1184\" srcset=\"https:\/\/tixtools.com.ar\/wp-content\/uploads\/2024\/09\/Re-Impresion-de-Comprobante-1.jpg 456w, https:\/\/tixtools.com.ar\/wp-content\/uploads\/2024\/09\/Re-Impresion-de-Comprobante-1-300x224.jpg 300w\" sizes=\"(max-width: 456px) 100vw, 456px\" \/><\/figure><\/div>\n\n\n<div style=\"height:15px\" aria-hidden=\"true\" class=\"wp-block-spacer\"><\/div>\n\n\n\n<p>8) Seleccionando el rengl\u00f3n haga doble click sobre el bot\u00f3n &#8216;Haga Doble Click \u2026&#8217; y le presentar\u00e1 en pantalla un <strong>PDF con los datos completos de la transacci\u00f3n.<\/strong><\/p>\n\n\n<div class=\"wp-block-image\">\n<figure class=\"aligncenter size-full\"><img loading=\"lazy\" decoding=\"async\" width=\"397\" height=\"357\" src=\"https:\/\/tixtools.com.ar\/wp-content\/uploads\/2024\/09\/PDF-Ajuste-de-Stocks.jpg\" alt=\"\" class=\"wp-image-1185\" srcset=\"https:\/\/tixtools.com.ar\/wp-content\/uploads\/2024\/09\/PDF-Ajuste-de-Stocks.jpg 397w, https:\/\/tixtools.com.ar\/wp-content\/uploads\/2024\/09\/PDF-Ajuste-de-Stocks-300x270.jpg 300w\" sizes=\"(max-width: 397px) 100vw, 397px\" \/><\/figure><\/div>\n\n\n<p>El PDF presentado en pantalla se puede re-imprimir, guardar, enviar por correo, etc.<\/p>\n\n\n\n<p><\/p>\n","protected":false},"excerpt":{"rendered":"<p>El sistema de trazabilidad de transacciones no solo permite identificar mediante firma electr\u00f3nica y timestamp qu\u00e9 usuario realiz\u00f3 una cierta transacci\u00f3n o consulta como tambi\u00e9n la fecha y hora de&hellip;<\/p>\n","protected":false},"author":1,"featured_media":0,"parent":0,"menu_order":0,"comment_status":"closed","ping_status":"closed","template":"","meta":{"sfsi_plus_gutenberg_text_before_share":"","sfsi_plus_gutenberg_show_text_before_share":"","sfsi_plus_gutenberg_icon_type":"","sfsi_plus_gutenberg_icon_alignemt":"","sfsi_plus_gutenburg_max_per_row":"","footnotes":""},"_links":{"self":[{"href":"https:\/\/tixtools.com.ar\/inicio\/wp-json\/wp\/v2\/pages\/1177"}],"collection":[{"href":"https:\/\/tixtools.com.ar\/inicio\/wp-json\/wp\/v2\/pages"}],"about":[{"href":"https:\/\/tixtools.com.ar\/inicio\/wp-json\/wp\/v2\/types\/page"}],"author":[{"embeddable":true,"href":"https:\/\/tixtools.com.ar\/inicio\/wp-json\/wp\/v2\/users\/1"}],"replies":[{"embeddable":true,"href":"https:\/\/tixtools.com.ar\/inicio\/wp-json\/wp\/v2\/comments?post=1177"}],"version-history":[{"count":3,"href":"https:\/\/tixtools.com.ar\/inicio\/wp-json\/wp\/v2\/pages\/1177\/revisions"}],"predecessor-version":[{"id":1187,"href":"https:\/\/tixtools.com.ar\/inicio\/wp-json\/wp\/v2\/pages\/1177\/revisions\/1187"}],"wp:attachment":[{"href":"https:\/\/tixtools.com.ar\/inicio\/wp-json\/wp\/v2\/media?parent=1177"}],"curies":[{"name":"wp","href":"https:\/\/api.w.org\/{rel}","templated":true}]}}