{"id":1156,"date":"2024-09-06T16:21:13","date_gmt":"2024-09-06T19:21:13","guid":{"rendered":"https:\/\/tixtools.com.ar\/inicio\/?page_id=1156"},"modified":"2024-09-06T16:27:17","modified_gmt":"2024-09-06T19:27:17","slug":"como-borrar-una-orden-de-produccion","status":"publish","type":"page","link":"https:\/\/tixtools.com.ar\/inicio\/como-borrar-una-orden-de-produccion\/","title":{"rendered":"C\u00f3mo Borrar una Orden de Producci\u00f3n"},"content":{"rendered":"\n<p>Cualquier Orden de Producci\u00f3n puede anularse o borrarse <strong>mientras no est\u00e9 cumplida y cerrada<\/strong>, con los correspondientes privilegios de usuario.<\/p>\n\n\n\n<p>En el men\u00fa Producci\u00f3n &#8211;&gt; Finalizar Ordenes de Producci\u00f3n &#8211;&gt; Anular O\/P<\/p>\n\n\n<div class=\"wp-block-image\">\n<figure class=\"aligncenter size-full\"><img loading=\"lazy\" decoding=\"async\" width=\"638\" height=\"419\" src=\"https:\/\/tixtools.com.ar\/wp-content\/uploads\/2024\/09\/Anular-Orden-de-Produccion.jpg\" alt=\"\" class=\"wp-image-1158\" srcset=\"https:\/\/tixtools.com.ar\/wp-content\/uploads\/2024\/09\/Anular-Orden-de-Produccion.jpg 638w, https:\/\/tixtools.com.ar\/wp-content\/uploads\/2024\/09\/Anular-Orden-de-Produccion-300x197.jpg 300w\" sizes=\"(max-width: 638px) 100vw, 638px\" \/><\/figure><\/div>\n\n\n<div style=\"height:13px\" aria-hidden=\"true\" class=\"wp-block-spacer\"><\/div>\n\n\n\n<p>Seleccione la O\/P del desplegable. Aparecen <strong>\u00fanicamente las vigentes<\/strong>, no anuladas ni cumplidas.<\/p>\n\n\n\n<p>TIXTOOLS presenta los <strong>datos de la O\/P<\/strong> elegida en formato de <strong>solo lectura<\/strong>.<\/p>\n\n\n\n<p>Para anular es obligatorio declarar el <strong>motivo de la anulaci\u00f3n<\/strong> como texto en el casillero correspondiente abajo a la derecha.<\/p>\n\n\n\n<p>La anulaci\u00f3n de la O\/P produce los siguientes efectos:<\/p>\n\n\n\n<ol>\n<li>Marca la O\/P como &#8216;Anulada&#8217; (<strong>Status = 9<\/strong>). El n\u00famero de O\/P queda reservado y <strong>no puede re-utilizarse.<\/strong><\/li>\n\n\n\n<li>Borra <strong>eliminando todos los insumos reservados<\/strong> para esta O\/P.<\/li>\n\n\n\n<li>Borra <strong>eliminando las tareas proyectadas <\/strong>para esta O\/P. Para re-acomodar las restantes operaciones programadas para otras O\/P&#8217;s debe recalcularse la <strong>Secuenciaci\u00f3n de Carga de M\u00e1quinas.<\/strong><br> <\/li>\n<\/ol>\n\n\n\n<p>Una nueva funcionalidad <strong>TIXTOOLS<\/strong> permite realizar la <strong>devoluci\u00f3n autom\u00e1tica <\/strong>de todos los insumos asignados a la O\/P, en el momento de procesar la anulaci\u00f3n.<\/p>\n\n\n\n<p>Hasta ahora al anular una O\/P los materiales asignados deb\u00edan &#8216;devolverse&#8217; mediante <strong>Ajustes de Stocks<\/strong>, individualmente para cada item asignado \/ consumido por la O\/P.<\/p>\n\n\n\n<p>Para aplicar esta &#8216;devoluci\u00f3n autom\u00e1tica&#8217; debe marcarse con <strong>&#8216;SI&#8217; <\/strong>el casillero indicado correspondiente a <strong>&#8216;Devuelve Consumos&#8217; <\/strong>y luego guardar. Si desea conservar el consumo de materiales haga doble click en el casillero pas\u00e1ndolo a <strong>&#8216;NO&#8217;.<\/strong><\/p>\n\n\n\n<p>Los insumos se devuelven y re-ingresan <strong>al mismo dep\u00f3sito<\/strong> del cual originalmente salieron.<\/p>\n\n\n\n<p>La <strong>fecha del movimiento<\/strong> de devoluci\u00f3n es la actual de la transacci\u00f3n.<\/p>\n\n\n\n<p>El <strong>motivo de la anulaci\u00f3n<\/strong> sigue siendo obligatorio declararlo.<\/p>\n\n\n\n<p>Los movimientos de devoluci\u00f3n <strong>actualizan los stocks<\/strong> y aparecen en todos los reportes de movimientos y consumos.<\/p>\n\n\n\n<p>La transacci\u00f3n de anulaci\u00f3n lleva <strong>firma electr\u00f3nica y timestamp.<\/strong><\/p>\n","protected":false},"excerpt":{"rendered":"<p>Cualquier Orden de Producci\u00f3n puede anularse o borrarse mientras no est\u00e9 cumplida y cerrada, con los correspondientes privilegios de usuario. En el men\u00fa Producci\u00f3n &#8211;&gt; Finalizar Ordenes de Producci\u00f3n &#8211;&gt;&hellip;<\/p>\n","protected":false},"author":1,"featured_media":0,"parent":0,"menu_order":0,"comment_status":"closed","ping_status":"closed","template":"","meta":{"sfsi_plus_gutenberg_text_before_share":"","sfsi_plus_gutenberg_show_text_before_share":"","sfsi_plus_gutenberg_icon_type":"","sfsi_plus_gutenberg_icon_alignemt":"","sfsi_plus_gutenburg_max_per_row":"","footnotes":""},"_links":{"self":[{"href":"https:\/\/tixtools.com.ar\/inicio\/wp-json\/wp\/v2\/pages\/1156"}],"collection":[{"href":"https:\/\/tixtools.com.ar\/inicio\/wp-json\/wp\/v2\/pages"}],"about":[{"href":"https:\/\/tixtools.com.ar\/inicio\/wp-json\/wp\/v2\/types\/page"}],"author":[{"embeddable":true,"href":"https:\/\/tixtools.com.ar\/inicio\/wp-json\/wp\/v2\/users\/1"}],"replies":[{"embeddable":true,"href":"https:\/\/tixtools.com.ar\/inicio\/wp-json\/wp\/v2\/comments?post=1156"}],"version-history":[{"count":4,"href":"https:\/\/tixtools.com.ar\/inicio\/wp-json\/wp\/v2\/pages\/1156\/revisions"}],"predecessor-version":[{"id":1163,"href":"https:\/\/tixtools.com.ar\/inicio\/wp-json\/wp\/v2\/pages\/1156\/revisions\/1163"}],"wp:attachment":[{"href":"https:\/\/tixtools.com.ar\/inicio\/wp-json\/wp\/v2\/media?parent=1156"}],"curies":[{"name":"wp","href":"https:\/\/api.w.org\/{rel}","templated":true}]}}