{"id":1128,"date":"2024-09-06T14:00:24","date_gmt":"2024-09-06T17:00:24","guid":{"rendered":"https:\/\/tixtools.com.ar\/inicio\/helpie_faq_page\/"},"modified":"2024-09-06T15:57:35","modified_gmt":"2024-09-06T18:57:35","slug":"technical-faqs","status":"publish","type":"page","link":"https:\/\/tixtools.com.ar\/inicio\/technical-faqs\/","title":{"rendered":"Preguntas Frecuentes (Tech)"},"content":{"rendered":"<style type=\"text\/css\"><\/style><section id='' class='helpie-faq accordions faq-toggle groupSettings-35__enabled ' data-collection='' data-pagination='0' data-search='0' data-pagination-enabled='0'><h3 class=\"collection-title\">TIXTOOLS - Technical F.A.Q.'s<\/h3><form class=\"search\" onSubmit=\"return false;\"><div class=\"search__wrapper\"><input type=\"text\" class=\"search__input\" placeholder=\"Buscar en Preguntas Frecuentes\"><span class=\"search__icon\"><svg class=\"svg-icon--search\" role=\"img\" xmlns=\"http:\/\/www.w3.org\/2000\/svg\" viewBox=\"0 0 22 22\">\r\n                        <g fill=\"none\" stroke=\"#171717\">\r\n                            <path stroke-linecap=\"square\" stroke-width=\"2\" d=\"M18.5 18.3l-5.4-5.4\"\/>\r\n                            <circle cx=\"8\" cy=\"8\" r=\"7\" stroke-width=\"2\"\/>\r\n                        <\/g>\r\n                    <\/svg><\/span><\/div><div class=\"search__message\"><\/div><\/form><article class=\"accordion \"><div class='helpie-faq-row'><div class='helpie-faq-col helpie-faq-col-12' ><ul><li class=\"accordion__item \"><div class=\"accordion__header \" data-id=\"post-1127\" data-item=\"hfaq-post-1127\" style=\"background:transparent;\" data-tags=\"\"><div class=\"accordion__title\">Como Borrar una Orden de Producci\u00f3n<\/div><\/div><div class=\"accordion__body\" style=\"background:transparent;\"><p>Cualquier Orden de Producci\u00f3n puede anularse o borrarse <strong>mientras no est\u00e9 cumplida y cerrada,<\/strong> con los correspondientes privilegios de usuario.<\/p>\n<p>En el men\u00fa <strong>Producci\u00f3n &#8211;&gt; Finalizar Ordenes de Producci\u00f3n &#8211;&gt; Anular O\/P<\/strong><\/p>\n<p style=\"text-align: right\"><a href=\"https:\/\/tixtools.com.ar\/inicio\/como-borrar-una-orden-de-produccion\/\"><strong>Mas informaci\u00f3n &#8230;<\/strong><\/a><\/p>\n<\/div><\/li><li class=\"accordion__item \"><div class=\"accordion__header \" data-id=\"post-1165\" data-item=\"hfaq-post-1165\" style=\"background:transparent;\" data-tags=\"\"><div class=\"accordion__title\">Imposible Login - Usuario ya Conectado<\/div><\/div><div class=\"accordion__body\" style=\"background:transparent;\"><p><strong>TIXTOOLS<\/strong> no permite m\u00e1s de una conexi\u00f3n simultanea del mismo usuario. En ese caso, luego de identificarse con Usuario y Clave, presenta un <strong>mensaje de advertencia<\/strong> indicando <strong>cerrar la conexi\u00f3n anterior o la nueva<\/strong> que se est\u00e1 intentando establecer.<\/p>\n<p style=\"text-align: right\"><a href=\"https:\/\/tixtools.com.ar\/inicio\/imposible-login-como\/\"><strong>M\u00e1s informaci\u00f3n &#8230;<\/strong><\/a><\/p>\n<\/div><\/li><li class=\"accordion__item \"><div class=\"accordion__header \" data-id=\"post-1174\" data-item=\"hfaq-post-1174\" style=\"background:transparent;\" data-tags=\"\"><div class=\"accordion__title\">Quien Realiz\u00f3 una Transacci\u00f3n o Consulta<\/div><\/div><div class=\"accordion__body\" style=\"background:transparent;\"><p>Los sistemas TIXTOOLS incluyen un elaborado sistema de <strong>trazabilidad de transacciones<\/strong> que permiten identificar mediante <strong>firma electr\u00f3nica y timestamp<\/strong> qu\u00e9 usuario realiz\u00f3 una cierta transacci\u00f3n o consulta y la fecha y hora de ejecuci\u00f3n.<\/p>\n<p>En men\u00fa de Configuraci\u00f3n y Control &#8211;&gt; Visualizar Comprobantes<\/p>\n<p style=\"text-align: right\"><a href=\"https:\/\/tixtools.com.ar\/inicio\/visualizar-comprobantes\/\"><strong>M\u00e1s informaci\u00f3n &#8230;<\/strong><\/a><\/p>\n<\/div><\/li><li class=\"accordion__item \"><div class=\"accordion__header \" data-id=\"post-1189\" data-item=\"hfaq-post-1189\" style=\"background:transparent;\" data-tags=\"\"><div class=\"accordion__title\">Registrar una Producci\u00f3n Propia Parcial o Total<\/div><\/div><div class=\"accordion__body\" style=\"background:transparent;\"><p>Para declarar una producci\u00f3n propia debe ingresar a <strong>Produccion &#8211;&gt; Finalizar Orden de Produccion &#8211;&gt; Cierre de O\/Prod.<\/strong><\/p>\n<p>Se presentar\u00e1 una ficha de pantalla donde podr\u00e1 <strong>elegir la O\/P por su n\u00famero<\/strong> y declarar la cantidad producida y el dep\u00f3sito de ingreso.<\/p>\n<p style=\"text-align: right\"><a href=\"https:\/\/tixtools.com.ar\/inicio\/registrar-produccion-propia-parcial-o-total\/\"><strong>M\u00e1s informaci\u00f3n &#8230;<\/strong><\/a><\/p>\n<\/div><\/li><li class=\"accordion__item \"><div class=\"accordion__header \" data-id=\"post-1203\" data-item=\"hfaq-post-1203\" style=\"background:transparent;\" data-tags=\"\"><div class=\"accordion__title\">Elementos no Aparecen en Lista de Seleccion<\/div><\/div><div class=\"accordion__body\" style=\"background:transparent;\"><p>Cuando<strong> parecen &#8216;faltar&#8217; elementos<\/strong> en una lista de selecci\u00f3n, puede deberse a:<\/p>\n<p>a) La lista <strong>no est\u00e1 actualizada<\/strong>. Puede &#8216;forzar&#8217; el refresco mediante click sobre el bot\u00f3n de refrescar.<\/p>\n<p>b) Para los &#8216;expertos&#8217; pueden <strong>presentar la consulta SQL<\/strong> haciendo click sobre el bot\u00f3n de configuraci\u00f3n y verificar si <strong>la condici\u00f3n de filtrado WHERE<\/strong> excluye los elementos faltantes.<\/p>\n<\/div><\/li><li class=\"accordion__item \"><div class=\"accordion__header \" data-id=\"post-1205\" data-item=\"hfaq-post-1205\" style=\"background:transparent;\" data-tags=\"\"><div class=\"accordion__title\">Ajuste de Existencias de Stocks<\/div><\/div><div class=\"accordion__body\" style=\"background:transparent;\">\n<p>TIXTOOLS permite ajustar la existencia por c\u00f3digo &#8211; lote &#8211; dep\u00f3sito generando un movimiento de ingreso \/ salida correspondiente a la diferencia declarada.<\/p>\n\n\n\n<p>Si est\u00e1 instalado y licenciado, puede utilizarse el m\u00f3dulo de <strong>Inventario Cont\u00ednuo<\/strong>.<\/p>\n\n\n\n<p>Para el ajuste individual entrar a <strong>Log\u00edstica &#8211;&gt; Movimientos de Stocks &#8211;&gt; Ajustes y Transferencias &#8211;&gt; Ajustes Directos<\/strong>.<\/p>\n\n\n\n<p class=\"has-text-align-right\"><a href=\"https:\/\/tixtools.com.ar\/inicio\/ajuste-de-existencias-de-stock\/\"><strong>M\u00e1s informaci\u00f3n &#8230;<\/strong><\/a><\/p>\n<\/div><\/li><li class=\"accordion__item \"><div class=\"accordion__header \" data-id=\"post-1229\" data-item=\"hfaq-post-1229\" style=\"background:transparent;\" data-tags=\"\"><div class=\"accordion__title\">Error en Recepci\u00f3n de Materiales<\/div><\/div><div class=\"accordion__body\" style=\"background:transparent;\">\n<p>El m\u00f3dulo de recepci\u00f3n de materiales <strong>presenta los c\u00f3digos y cantidades (saldos)<\/strong> de la Orden de Compra de origen. Esta utilidad, si bien simplifica la operaci\u00f3n, tambi\u00e9n <strong>puede ser fuente de errores<\/strong>. Aqu\u00ed detallamos c\u00f3mo resolverlos.<\/p>\n\n\n\n<p class=\"has-text-align-right\"><a href=\"https:\/\/tixtools.com.ar\/inicio\/error-en-recepcion-de-materiales\/\"><strong>M\u00e1s Informaci\u00f3n &#8230;<\/strong><\/a><\/p>\n<\/div><\/li><li class=\"accordion__item \"><div class=\"accordion__header \" data-id=\"post-1236\" data-item=\"hfaq-post-1236\" style=\"background:transparent;\" data-tags=\"\"><div class=\"accordion__title\">Conexi\u00f3n por LAN o Escritorio Remoto<\/div><\/div><div class=\"accordion__body\" style=\"background:transparent;\">\n<p>TIXTOOLS ofrece distintas <strong>opciones de conexi\u00f3n<\/strong> del cliente con el servidor, entre las que se destacan la de <strong>Escritorio Remoto<\/strong> (Terminal Services) y la conexi\u00f3n por <strong>LAN<\/strong> (Local Area Network).<\/p>\n\n\n\n<p>No puede decirse cu\u00e1l de las dos es<strong> &#8220;mejor&#8221;<\/strong>, depende de las caracter\u00edsticas de la instalaci\u00f3n.<\/p>\n\n\n\n<p class=\"has-text-align-right\"><strong><a href=\"https:\/\/tixtools.com.ar\/inicio\/conexion-por-lan-o-escritorio-remoto\/\">M\u00e1s Informaci\u00f3n &#8230;<\/a><\/strong> <\/p>\n<\/div><\/li><li class=\"accordion__item \"><div class=\"accordion__header \" data-id=\"post-1254\" data-item=\"hfaq-post-1254\" style=\"background:transparent;\" data-tags=\"\"><div class=\"accordion__title\">Por qu\u00e9 el 'picking' no me toma un lote ?<\/div><\/div><div class=\"accordion__body\" style=\"background:transparent;\">\n<p>En <strong>TIXTOOLS<\/strong> el &#8216;picking&#8217; es el proceso de <strong>selecci\u00f3n y asignaci\u00f3n de insumos<\/strong> requeridos para una cierta Orden de Producci\u00f3n, siguiendo las <strong>Buenas Pr\u00e1cticas de Manufactura Farmac\u00e9utica<\/strong> (BMPF) y las reglas de <strong>pol\u00edtica de consumo<\/strong> establecidas para cada \u00edtem.<\/p>\n\n\n\n<p class=\"has-text-align-right\"><strong><a href=\"https:\/\/tixtools.com.ar\/inicio\/por-que-el-picking-no-me-toma-un-lote\/\">Mas Informaci\u00f3n &#8230;<\/a><\/strong><\/p>\n<\/div><\/li><li class=\"accordion__item \"><div class=\"accordion__header \" data-id=\"post-1284\" data-item=\"hfaq-post-1284\" style=\"background:transparent;\" data-tags=\"\"><div class=\"accordion__title\">C\u00f3mo Corregir Consumos por O\/Producci\u00f3n<\/div><\/div><div class=\"accordion__body\" style=\"background:transparent;\">\n<p>TIXTOOLS Pharma incluye un m\u00f3dulo que permite declarar o eventualmente <strong>ajustar los consumos<\/strong> de una Orden de Producci\u00f3n, en caso de que los reales difieran en cantidad o especie de los proyectados.<\/p>\n\n\n\n<p class=\"has-text-align-right\"><strong><a href=\"https:\/\/tixtools.com.ar\/inicio\/ajuste-de-consumos-por-o-produccion\/\">M\u00e1s Informaci\u00f3n &#8230;<\/a><\/strong><\/p>\n<\/div><\/li><li class=\"accordion__item \"><div class=\"accordion__header \" data-id=\"post-1297\" data-item=\"hfaq-post-1297\" style=\"background:transparent;\" data-tags=\"\"><div class=\"accordion__title\">C\u00f3mo Consultar Consumos por O\/Producci\u00f3n<\/div><\/div><div class=\"accordion__body\" style=\"background:transparent;\">\n<p>TIXTOOLS Pharma incluye reportes para consultar los insumos <strong>realmente consumidos<\/strong> por Orden de Producci\u00f3n. El acceso es &#8211; normalmente &#8211; por Producci\u00f3n &#8211;> Reportes y Listados &#8211;> Consumos por Orden de Producci\u00f3n.<\/p>\n\n\n\n<p class=\"has-text-align-right\"><strong><a href=\"https:\/\/tixtools.com.ar\/inicio\/como-consultar-consumos-por-o-produccion\/\">M\u00e1s Informaci\u00f3n &#8230;<\/a><\/strong><\/p>\n<\/div><\/li><li class=\"accordion__item \"><div class=\"accordion__header \" data-id=\"post-1314\" data-item=\"hfaq-post-1314\" style=\"background:transparent;\" data-tags=\"\"><div class=\"accordion__title\">Como Ajustar los Decimales en Stocks<\/div><\/div><div class=\"accordion__body\" style=\"background:transparent;\">\n<p>TIXTOOLS utiliza <strong>el mismo formato<\/strong> para expresar las <strong>cantidades en todas las fichas<\/strong> de existencias y movimientos de stocks. Este formato uniforme puede ajustarse para todas las pantallas en <strong>una \u00fanica opci\u00f3n de configuraci\u00f3n.<\/strong><\/p>\n\n\n\n<p class=\"has-text-align-right\"><strong><a href=\"https:\/\/tixtools.com.ar\/inicio\/ajustar-decimales-en-stocks\/\">M\u00e1s Informaci\u00f3n &#8230;<\/a><\/strong><\/p>\n<\/div><\/li><li class=\"accordion__item \"><div class=\"accordion__header \" data-id=\"post-1319\" data-item=\"hfaq-post-1319\" style=\"background:transparent;\" data-tags=\"\"><div class=\"accordion__title\">C\u00f3mo Anular una Orden de Compra<\/div><\/div><div class=\"accordion__body\" style=\"background:transparent;\">\n<p>Una Orden de Compra puede anularse \u00fanicamente <strong>mientras no est\u00e9 aprobada y cerrada,<\/strong> con los correspondientes privilegios de usuario. Estando aprobada, s\u00f3lo pueden cancelarse los saldos pendientes<\/p>\n\n\n\n<p>En el men\u00fa <strong>Log\u00edstica &#8211;&gt; Compras y Abastecimientos &#8211;&gt; Gesti\u00f3n de Compras &#8211;&gt; Anular O-Compra<\/strong><\/p>\n\n\n\n<p class=\"has-text-align-right\"><strong><a href=\"https:\/\/tixtools.com.ar\/inicio\/como-anular-una-orden-de-compra\/\">Mas informaci\u00f3n &#8230;<\/a><\/strong><\/p>\n<\/div><\/li><li class=\"accordion__item \"><div class=\"accordion__header \" data-id=\"post-1336\" data-item=\"hfaq-post-1336\" style=\"background:transparent;\" data-tags=\"\"><div class=\"accordion__title\">Como Configurar el Backup Rotativo<\/div><\/div><div class=\"accordion__body\" style=\"background:transparent;\">\n<p>TIXTOOLS permite configurar un backup rotativo autom\u00e1tico de la base de datos desde el escritorio TixTools en Configuraci\u00f3n \u2013&gt; Comportamiento<\/p>\n\n\n\n<p class=\"has-text-align-right\"><strong><a href=\"https:\/\/tixtools.com.ar\/inicio\/backup-rotativo-en-tixtools\/\">M\u00e1s Informaci\u00f3n<\/a><\/strong><\/p>\n<\/div><\/li><li class=\"accordion__item \"><div class=\"accordion__header \" data-id=\"post-1343\" data-item=\"hfaq-post-1343\" style=\"background:transparent;\" data-tags=\"\"><div class=\"accordion__title\">Crear Usuarios y Derechos<\/div><\/div><div class=\"accordion__body\" style=\"background:transparent;\">\n<p>Para crear nuevos usuarios o asignar \/ modificar derechos, en el escritorio TIXTOOLS debe ir a Configuraci\u00f3n &#8211;> Configuraci\u00f3n General &#8211;> Usuarios y Derechos<\/p>\n\n\n\n<p class=\"has-text-align-right\"><strong><a href=\"https:\/\/tixtools.com.ar\/inicio\/usuarios-y-derechos\/\">M\u00e1s Informaci\u00f3n<\/a><\/strong><\/p>\n<\/div><\/li><li class=\"accordion__item \"><div class=\"accordion__header \" data-id=\"post-1407\" data-item=\"hfaq-post-1407\" style=\"background:transparent;\" data-tags=\"\"><div class=\"accordion__title\">Insumos Faltantes en Orden de Produccion<\/div><\/div><div class=\"accordion__body\" style=\"background:transparent;\">\n<p>Al generar nueva orden de producci\u00f3n, si el stock disponible y aprobado de alg\u00fan insumo resulta insuficiente, TIXTOOLS podr\u00e1 presentar un mensaje de advertencia.<\/p>\n\n\n\n<p class=\"has-text-align-right\"><strong><a href=\"https:\/\/tixtools.com.ar\/inicio\/insumos-faltantes-en-orden-de-produccion\/\">M\u00e1s Informaci\u00f3n<\/a><\/strong><\/p>\n<\/div><\/li><li class=\"accordion__item \"><div class=\"accordion__header \" data-id=\"post-1429\" data-item=\"hfaq-post-1429\" style=\"background:transparent;\" data-tags=\"\"><div class=\"accordion__title\">Asignaci\u00f3n de Lotes a Orden de Produccion<\/div><\/div><div class=\"accordion__body\" style=\"background:transparent;\">\n<p>El mecanismo automatizado del &#8216;picking&#8217;a veces arroja resultados inesperados o indeseados. Existen en TixTools opciones para &#8216;forzar&#8217; la asignaci\u00f3n de determinado lote de insumo a una orden de producci\u00f3n.<\/p>\n\n\n\n<p class=\"has-text-align-right\"><strong><a href=\"https:\/\/tixtools.com.ar\/inicio\/asignacion-de-lotes-a-orden-de-produccion\/\">M\u00e1s informaci\u00f3n<\/a><\/strong><\/p>\n<\/div><\/li><li class=\"accordion__item \"><div class=\"accordion__header \" data-id=\"post-1446\" data-item=\"hfaq-post-1446\" style=\"background:transparent;\" data-tags=\"\"><div class=\"accordion__title\">Trazabilidad - Consultar Lote del Proveedor<\/div><\/div><div class=\"accordion__body\" style=\"background:transparent;\">\n<p>Existen varios caminos para consultar el numero de lote original del proveedor para un cierto lote de nuestro inventario.<\/p>\n\n\n\n<p class=\"has-text-align-right\"><strong><a href=\"https:\/\/tixtools.com.ar\/inicio\/trazabilidad-consultar-lote-del-proveedor\/\">M\u00e1s Informaci\u00f3n<\/a><\/strong><\/p>\n<\/div><\/li><li class=\"accordion__item \"><div class=\"accordion__header \" data-id=\"post-1468\" data-item=\"hfaq-post-1468\" style=\"background:transparent;\" data-tags=\"\"><div class=\"accordion__title\">Timeout por falta de actividad<\/div><\/div><div class=\"accordion__body\" style=\"background:transparent;\">\n<p>En TIXTOOLS el sistema se cierra autom\u00e1ticamente luego de un cierto tiempo de inactividad. Esto con el fin de ahorrar recursos.<\/p>\n\n\n\n<p class=\"has-text-align-right\"><strong><a href=\"https:\/\/tixtools.com.ar\/inicio\/timeout-por-falta-de-actividad\/\">M\u00e1s Informaci\u00f3n &#8230;<\/a><\/strong><\/p>\n<\/div><\/li><li class=\"accordion__item \"><div class=\"accordion__header \" data-id=\"post-1475\" data-item=\"hfaq-post-1475\" style=\"background:transparent;\" data-tags=\"\"><div class=\"accordion__title\">Configurar Privilegios de Supervisor<\/div><\/div><div class=\"accordion__body\" style=\"background:transparent;\">\n<p>TIXTOOLS permite otorgar (y quitar) privilegios de supervisor para uno o varios usuarios elegidos.<\/p>\n\n\n\n<p class=\"has-text-align-right\"><strong><a href=\"https:\/\/tixtools.com.ar\/inicio\/configurar-privilegios-de-supervisor\/\">M\u00e1s Informaci\u00f3n &#8230;<\/a><\/strong><\/p>\n<\/div><\/li><li class=\"accordion__item \"><div class=\"accordion__header \" data-id=\"post-1479\" data-item=\"hfaq-post-1479\" style=\"background:transparent;\" data-tags=\"\"><div class=\"accordion__title\">Excel no Suma N\u00fameros en Columna<\/div><\/div><div class=\"accordion__body\" style=\"background:transparent;\">\n<p>En planillas Excel(r) generadas por exportaci\u00f3n de datos, a veces los n\u00fameros se almacenan como texto, impidiendo operaciones algebraicas. Para operar, deben convertirse a n\u00fameros.<\/p>\n\n\n\n<p class=\"has-text-align-right\"><strong><a href=\"https:\/\/tixtools.com.ar\/inicio\/texto-a-numero-en-excel\/\">M\u00e1s Informaci\u00f3n &#8230;<\/a><\/strong><\/p>\n<\/div><\/li><li class=\"accordion__item \"><div class=\"accordion__header \" data-id=\"post-1481\" data-item=\"hfaq-post-1481\" style=\"background:transparent;\" data-tags=\"\"><div class=\"accordion__title\">Como Realizar Descarga y Compactacion<\/div><\/div><div class=\"accordion__body\" style=\"background:transparent;\">\n<p>Al ingresar al TIXTOOLS puede presentarse un mensaje indicando que la Base de Datos est\u00e1 pr\u00f3xima a saturarse y recomendando proceso de descarga y compactaci\u00f3n.<\/p>\n\n\n\n<p class=\"has-text-align-right\"><strong><a href=\"https:\/\/tixtools.com.ar\/inicio\/como-realizar-descarga-y-compactacion\/\">M\u00e1s Informaci\u00f3n &#8230;<\/a><\/strong><\/p>\n<\/div><\/li><li class=\"accordion__item \"><div class=\"accordion__header \" data-id=\"post-1499\" data-item=\"hfaq-post-1499\" style=\"background:transparent;\" data-tags=\"\"><div class=\"accordion__title\">Sincronizar Fecha y Hora Universal<\/div><\/div><div class=\"accordion__body\" style=\"background:transparent;\">\n<p class=\"has-text-align-left\">Tixtools requiere que la fecha y hora de la estaci\u00f3n de trabajo est\u00e9n sincronizadas con el &#8216;reloj&#8217; universal. Aqu\u00ed explicamos el paso a paso para sincronizar autom\u00e1ticamente.<\/p>\n\n\n\n<p class=\"has-text-align-right\"><a href=\"https:\/\/tixtools.com.ar\/inicio\/sincronizar-fecha-y-hora-universal\/\"><strong>M\u00e1s Informaci\u00f3n &#8230;<\/strong><\/a><\/p>\n<\/div><\/li><\/ul><\/div><\/div><\/article><\/section>\n","protected":false},"excerpt":{"rendered":"","protected":false},"author":1,"featured_media":0,"parent":0,"menu_order":0,"comment_status":"closed","ping_status":"closed","template":"","meta":{"sfsi_plus_gutenberg_text_before_share":"","sfsi_plus_gutenberg_show_text_before_share":"","sfsi_plus_gutenberg_icon_type":"","sfsi_plus_gutenberg_icon_alignemt":"","sfsi_plus_gutenburg_max_per_row":"","footnotes":""},"_links":{"self":[{"href":"https:\/\/tixtools.com.ar\/inicio\/wp-json\/wp\/v2\/pages\/1128"}],"collection":[{"href":"https:\/\/tixtools.com.ar\/inicio\/wp-json\/wp\/v2\/pages"}],"about":[{"href":"https:\/\/tixtools.com.ar\/inicio\/wp-json\/wp\/v2\/types\/page"}],"author":[{"embeddable":true,"href":"https:\/\/tixtools.com.ar\/inicio\/wp-json\/wp\/v2\/users\/1"}],"replies":[{"embeddable":true,"href":"https:\/\/tixtools.com.ar\/inicio\/wp-json\/wp\/v2\/comments?post=1128"}],"version-history":[{"count":3,"href":"https:\/\/tixtools.com.ar\/inicio\/wp-json\/wp\/v2\/pages\/1128\/revisions"}],"predecessor-version":[{"id":1154,"href":"https:\/\/tixtools.com.ar\/inicio\/wp-json\/wp\/v2\/pages\/1128\/revisions\/1154"}],"wp:attachment":[{"href":"https:\/\/tixtools.com.ar\/inicio\/wp-json\/wp\/v2\/media?parent=1128"}],"curies":[{"name":"wp","href":"https:\/\/api.w.org\/{rel}","templated":true}]}}