{"id":1120,"date":"2024-09-04T15:48:06","date_gmt":"2024-09-04T18:48:06","guid":{"rendered":"https:\/\/tixtools.com.ar\/inicio\/?page_id=1120"},"modified":"2024-09-07T16:28:42","modified_gmt":"2024-09-07T19:28:42","slug":"imposible-login-como","status":"publish","type":"page","link":"https:\/\/tixtools.com.ar\/inicio\/imposible-login-como\/","title":{"rendered":"Imposible Login como &#8230;"},"content":{"rendered":"\n<p>Luego de identificarse con Usuario y Clave, el <strong>TIXTOOLS<\/strong> puede presentar un mensaje tal como este:<\/p>\n\n\n<div class=\"wp-block-image\">\n<figure class=\"aligncenter size-full\"><img loading=\"lazy\" decoding=\"async\" width=\"399\" height=\"285\" src=\"https:\/\/tixtools.com.ar\/wp-content\/uploads\/2024\/09\/Imposible-Login-como.jpg\" alt=\"\" class=\"wp-image-1121\" srcset=\"https:\/\/tixtools.com.ar\/wp-content\/uploads\/2024\/09\/Imposible-Login-como.jpg 399w, https:\/\/tixtools.com.ar\/wp-content\/uploads\/2024\/09\/Imposible-Login-como-300x214.jpg 300w\" sizes=\"(max-width: 399px) 100vw, 399px\" \/><\/figure><\/div>\n\n\n<div style=\"height:21px\" aria-hidden=\"true\" class=\"wp-block-spacer\"><\/div>\n\n\n\n<p>Esto indica que el usuario <strong>ya est\u00e1 conectado<\/strong> en esta u otra estaci\u00f3n de la red <strong>TIXTOOLS<\/strong>. Por cuesti\u00f3n de integridad, <strong>TIXTOOLS<\/strong> <strong>no permite m\u00e1s de una conexi\u00f3n simultanea<\/strong> del mismo usuario.<\/p>\n\n\n\n<p>Frente a esta situaci\u00f3n las soluciones son:<\/p>\n\n\n\n<p>a) <strong>Finalizar la sesi\u00f3n<\/strong> del usuario en la estaci\u00f3n de trabajo indicada y <strong>re-intentar el login<\/strong><br>b) <strong>Cancelar<\/strong> la conexi\u00f3n intentada.<\/p>\n\n\n\n<p>En conexiones por escritorio remoto a veces aparece el mensaje <strong>sin que la sesi\u00f3n anterior aparezca visible<\/strong> en la barra de tareas. En esos casos para cerrar la sesi\u00f3n anterior debe recurrirse al <strong>Administrador de Tareas de Windows.<\/strong><\/p>\n\n\n\n<p>El acceso directo al Administrador de Tareas de Windows puede aparecer como <strong>icono<\/strong> en el escritorio o en la barra de tareas con este aspecto: <\/p>\n\n\n<div class=\"wp-block-image\">\n<figure class=\"aligncenter size-full\"><img loading=\"lazy\" decoding=\"async\" width=\"102\" height=\"85\" src=\"https:\/\/tixtools.com.ar\/wp-content\/uploads\/2024\/09\/Icono-Administrador-de-Tareas.jpg\" alt=\"\" class=\"wp-image-1124\"\/><\/figure><\/div>\n\n\n<p>Si no lo encuentra, escriba &#8216;Task&#8217; <strong>en el casillero de b\u00fasqueda <\/strong>de la barra de tareas y abra el administrador (Task Manager)<\/p>\n\n\n<div class=\"wp-block-image\">\n<figure class=\"aligncenter size-full is-resized\"><img loading=\"lazy\" decoding=\"async\" width=\"660\" height=\"595\" src=\"https:\/\/tixtools.com.ar\/wp-content\/uploads\/2024\/09\/Administrador-de-Tareas.jpg\" alt=\"\" class=\"wp-image-1125\" style=\"width:840px;height:auto\" srcset=\"https:\/\/tixtools.com.ar\/wp-content\/uploads\/2024\/09\/Administrador-de-Tareas.jpg 660w, https:\/\/tixtools.com.ar\/wp-content\/uploads\/2024\/09\/Administrador-de-Tareas-300x270.jpg 300w\" sizes=\"(max-width: 660px) 100vw, 660px\" \/><\/figure><\/div>\n\n\n<div style=\"height:23px\" aria-hidden=\"true\" class=\"wp-block-spacer\"><\/div>\n\n\n\n<p>Abra la <strong>solapa &#8216;Usuarios&#8217;<\/strong> y haga click sobre el usuario Windows que est\u00e1 operando el <strong>TIXTOOLS<\/strong> (puede ser Ud mismo\/a). Se desplegar\u00e1 la l<strong>ista de procesos en ejecuci\u00f3n<\/strong>. Debe buscar el <strong>EXP_MAIN <\/strong>y haciendo <strong>click DERECHO<\/strong> seleccionar <strong>&#8216;Finalizar Tarea&#8217;<\/strong>. Si la tarea aparece varias veces repita la operaci\u00f3n.<\/p>\n\n\n\n<p>Preste atenci\u00f3n de <strong>no finalizar la tarea de otro usuario<\/strong> distinto de Ud mismo &#8230; esta transacci\u00f3n termina la ejecuci\u00f3n sin advertencia ni solicitud de autorizaci\u00f3n.<\/p>\n\n\n\n<p>Luego podr\u00e1 <strong>logonearse normalmente<\/strong> al <strong>TIXTOOLS<\/strong> con su usuario y contrase\u00f1a.<\/p>\n","protected":false},"excerpt":{"rendered":"<p>Luego de identificarse con Usuario y Clave, el TIXTOOLS puede presentar un mensaje tal como este: Esto indica que el usuario ya est\u00e1 conectado en esta u otra estaci\u00f3n de&hellip;<\/p>\n","protected":false},"author":1,"featured_media":0,"parent":0,"menu_order":0,"comment_status":"closed","ping_status":"closed","template":"","meta":{"sfsi_plus_gutenberg_text_before_share":"","sfsi_plus_gutenberg_show_text_before_share":"","sfsi_plus_gutenberg_icon_type":"","sfsi_plus_gutenberg_icon_alignemt":"","sfsi_plus_gutenburg_max_per_row":"","footnotes":""},"_links":{"self":[{"href":"https:\/\/tixtools.com.ar\/inicio\/wp-json\/wp\/v2\/pages\/1120"}],"collection":[{"href":"https:\/\/tixtools.com.ar\/inicio\/wp-json\/wp\/v2\/pages"}],"about":[{"href":"https:\/\/tixtools.com.ar\/inicio\/wp-json\/wp\/v2\/types\/page"}],"author":[{"embeddable":true,"href":"https:\/\/tixtools.com.ar\/inicio\/wp-json\/wp\/v2\/users\/1"}],"replies":[{"embeddable":true,"href":"https:\/\/tixtools.com.ar\/inicio\/wp-json\/wp\/v2\/comments?post=1120"}],"version-history":[{"count":4,"href":"https:\/\/tixtools.com.ar\/inicio\/wp-json\/wp\/v2\/pages\/1120\/revisions"}],"predecessor-version":[{"id":1167,"href":"https:\/\/tixtools.com.ar\/inicio\/wp-json\/wp\/v2\/pages\/1120\/revisions\/1167"}],"wp:attachment":[{"href":"https:\/\/tixtools.com.ar\/inicio\/wp-json\/wp\/v2\/media?parent=1120"}],"curies":[{"name":"wp","href":"https:\/\/api.w.org\/{rel}","templated":true}]}}