{"id":1113,"date":"2024-08-27T15:29:42","date_gmt":"2024-08-27T18:29:42","guid":{"rendered":"https:\/\/tixtools.com.ar\/inicio\/?page_id=1113"},"modified":"2024-08-27T15:29:42","modified_gmt":"2024-08-27T18:29:42","slug":"gestion-documentaria-que-como-y-para-que","status":"publish","type":"page","link":"https:\/\/tixtools.com.ar\/inicio\/gestion-documentaria-que-como-y-para-que\/","title":{"rendered":"Gestion Documentaria: Que, como y para que"},"content":{"rendered":"\n<div class=\"wp-block-columns is-layout-flex wp-container-core-columns-layout-1 wp-block-columns-is-layout-flex\">\n<div class=\"wp-block-column is-layout-flow wp-block-column-is-layout-flow\">\n<figure class=\"wp-block-image size-full\"><img loading=\"lazy\" decoding=\"async\" width=\"569\" height=\"428\" src=\"https:\/\/tixtools.com.ar\/wp-content\/uploads\/2024\/08\/Gestion-Documental.jpg\" alt=\"\" class=\"wp-image-1114\" srcset=\"https:\/\/tixtools.com.ar\/wp-content\/uploads\/2024\/08\/Gestion-Documental.jpg 569w, https:\/\/tixtools.com.ar\/wp-content\/uploads\/2024\/08\/Gestion-Documental-300x226.jpg 300w\" sizes=\"(max-width: 569px) 100vw, 569px\" \/><\/figure>\n<\/div>\n\n\n\n<div class=\"wp-block-column is-layout-flow wp-block-column-is-layout-flow\">\n<p>Me consultan frecuentemente por qu\u00e9 no usar un simple procesador de textos (p.ej. Word) para documentar instructivos y procedimientos en la empresa.<\/p>\n\n\n\n<p>Que el quehacer de empresas y organizaciones se basa en procedimientos documentados es lo que llamamos &#8216;una verdad de perogrullo&#8217;. Es tan obvio que ni siquiera pensamos en ello \u2026 el consultar manuales y documentos que indiquen c\u00f3mo proceder en cada situaci\u00f3n es parte de la rutina operativa diaria.<\/p>\n<\/div>\n<\/div>\n\n\n\n<p>Lo anterior se aplica no solamente a grandes corporaciones con miles de colaboradores, sino tambi\u00e9n a pymes y microemprendimientos. La \u00e9poca de &#8216;trabajar de memoria&#8217; ha quedado definitivamente atr\u00e1s.<\/p>\n\n\n\n<p>Pareciera que basta con redactar un texto, eventualmente con im\u00e1genes y\/o graficos incrustados, imprimir o exportar como PDF y enviarselo a los destinatarios.<\/p>\n\n\n\n<p>Pero resulta que la Gesti\u00f3n Documentaria implica bastante m\u00e1s que esos. En particular:<\/p>\n\n\n\n<ol>\n<li>Redactar el documento o instructivo de procedimiento,<\/li>\n\n\n\n<li>Revisionarlo una o varias veces,<\/li>\n\n\n\n<li>Distribuirlo a las partes interesadas, idealmente en forma autom\u00e1tica,<\/li>\n\n\n\n<li>Obtener confirmaciones de entrega, recepci\u00f3n, lectura ycomprensi\u00f3n,<\/li>\n\n\n\n<li>Obtener compromiso de aplicaci\u00f3n por parte del colaborador,<\/li>\n\n\n\n<li>Programar el vencimiento mediante mecanismos de &#8216;obsolescencia programada&#8217;.<\/li>\n\n\n\n<li>Implementar mecanismos de seguridad contra alteraciones, acceso indebido o no autorizados y finalmente que la \u00fanica revisi\u00f3n accesible sea la vigente y no alguna anterior ya vencida<\/li>\n<\/ol>\n\n\n\n<p>Est\u00e1 claro que con esta lista de requerimientos un simple procesador de texto se queda corto, en particular con los puntos desde el 3) en adelante. (Sin desconocer la enorme utilidad y flexibilidad de herramientas como Microsoft Word y Openoffice)<\/p>\n\n\n\n<p>La mayor limitante de los utilitarios para procesamiento de textos es que son esencialmente monousuarios \u2026 si bien es sencillo hacer una copia, a partir de all\u00ed cada copia adquiere vida propia e independiente de las originalmente identicas.<\/p>\n\n\n\n<p>En ciertas ramas de actividad destacando la industria pharma como nuestra especialidad el problema se agudiza por la enorme cantidad de procedimientos documentados y continuamente revisionados que deben manejarse. En el &#8216;argot&#8217; de la industria hablamos de SOP&#8217;s (Standard Operating Procedures) y POE&#8217;s (Procedimientos Operativos Standard. Lo mismo en industrias de la alimentaci\u00f3n y en Sistemas de Gesti\u00f3n de la Calidad<\/p>\n\n\n\n<p>TIXTOOLS tiene desarrollado un completo soft de Gestion Documentaria que cubre ampliamente los 7 puntos esenciales detallados, y en particular:<\/p>\n\n\n\n<p>\u2022&nbsp; <strong>Gesti\u00f3n documentaria <\/strong>completa comprendiendo <strong>emisi\u00f3n, actualizaci\u00f3n y distribuci\u00f3n <\/strong>de documentaci\u00f3n<\/p>\n\n\n\n<p>\u2022&nbsp; Control de <strong>revisiones<\/strong><\/p>\n\n\n\n<p>\u2022&nbsp; Control de <strong>distribuci\u00f3n autom\u00e1tica <\/strong>con notificaci\u00f3n y confirmaci\u00f3n de recepci\u00f3n y lectura por <strong>firma<\/strong> <strong>electr\u00f3nica<\/strong><\/p>\n\n\n\n<p>\u2022&nbsp; Mantenimiento y actualizaci\u00f3n de <strong>\u00edndices de documentos <\/strong>internos y externos.<\/p>\n\n\n\n<p>\u2022&nbsp; Generador de <strong>mapas de procesos inter-activos<\/strong>.<\/p>\n\n\n\n<p>\u2022&nbsp; Mantenimiento y actualizaci\u00f3n de <strong>glosarios y tesauros<\/strong>.<\/p>\n\n\n\n<p>Complementando con el m\u00f3dulo de Gesti\u00f3n de la Calidad que realiza:<\/p>\n\n\n\n<p>\u2022&nbsp; Seguimiento de <strong>no conformidades <\/strong>, acciones correctivas, contingentes y preventivas<\/p>\n\n\n\n<p>\u2022&nbsp; Gesti\u00f3n de los procesos de <strong>calificaci\u00f3n de proveedores<\/strong><\/p>\n\n\n\n<p>\u2022&nbsp; Gestion de la <strong>calidad de recepciones <\/strong>con ensayos predefinidos, an\u00e1lisis y determinaciones<\/p>\n\n\n\n<p>Adem\u00e1s:<\/p>\n\n\n\n<p>\u2022&nbsp; Incluye <strong>interfaces configurables <\/strong>con la mayor\u00eda de los ERP`s de plaza. Consulte por su caso particular.<\/p>\n\n\n\n<p>\u2022&nbsp; Amplia biblioteca de <strong>procedimientos predise\u00f1ados <\/strong>y reconfigurables para su caso particular, reduciendo tiempos de implementaci\u00f3n y costos.<\/p>\n\n\n\n<p>\u2022&nbsp; Puede implementarse en <strong>standalone <\/strong>, red local tipo <strong>LAN <\/strong>, configuraci\u00f3n <strong>h\u00ecbrida<\/strong> con base de datos remota o totalmente <strong>en la nube.<\/strong><\/p>\n\n\n\n<p>\u2022&nbsp; Variedad de motores de bases de datos: <strong>SQL Server, MySQL, MDB <\/strong>y otros.<\/p>\n\n\n\n<p>\u2022&nbsp; Comercializaci\u00f3n por alquiler <strong>mensual, alquiler con opci\u00f3n a compra o licenciamiento <\/strong>definitivo.<\/p>\n\n\n\n<p>\u2022&nbsp; Soporte t\u00e9cnico <strong>7 x 24 <\/strong>.<\/p>\n\n\n\n<p>\u2022&nbsp; Amplia <strong>red de implementadores <\/strong>ISO 9000 a disposici\u00f3n.<\/p>\n\n\n\n<p>Quieres m\u00e1s informaci\u00f3n ? Contactame por e-mail a <a href=\"mailto:info@tixtools.com.ar\">info@tixtools.com.ar<\/a> o por whatsapp al +54 9 11 3430 4617. Te estar\u00e9 esperando.<\/p>\n\n\n\n<p>Ing. Ernesto Pablo Bauer Egerer<br>TIXTOOLS Soluciones &#8211; Director<\/p>\n","protected":false},"excerpt":{"rendered":"<p>Me consultan frecuentemente por qu\u00e9 no usar un simple procesador de textos (p.ej. Word) para documentar instructivos y procedimientos en la empresa. Que el quehacer de empresas y organizaciones se&hellip;<\/p>\n","protected":false},"author":1,"featured_media":0,"parent":0,"menu_order":0,"comment_status":"closed","ping_status":"closed","template":"","meta":{"sfsi_plus_gutenberg_text_before_share":"","sfsi_plus_gutenberg_show_text_before_share":"","sfsi_plus_gutenberg_icon_type":"","sfsi_plus_gutenberg_icon_alignemt":"","sfsi_plus_gutenburg_max_per_row":"","footnotes":""},"_links":{"self":[{"href":"https:\/\/tixtools.com.ar\/inicio\/wp-json\/wp\/v2\/pages\/1113"}],"collection":[{"href":"https:\/\/tixtools.com.ar\/inicio\/wp-json\/wp\/v2\/pages"}],"about":[{"href":"https:\/\/tixtools.com.ar\/inicio\/wp-json\/wp\/v2\/types\/page"}],"author":[{"embeddable":true,"href":"https:\/\/tixtools.com.ar\/inicio\/wp-json\/wp\/v2\/users\/1"}],"replies":[{"embeddable":true,"href":"https:\/\/tixtools.com.ar\/inicio\/wp-json\/wp\/v2\/comments?post=1113"}],"version-history":[{"count":1,"href":"https:\/\/tixtools.com.ar\/inicio\/wp-json\/wp\/v2\/pages\/1113\/revisions"}],"predecessor-version":[{"id":1115,"href":"https:\/\/tixtools.com.ar\/inicio\/wp-json\/wp\/v2\/pages\/1113\/revisions\/1115"}],"wp:attachment":[{"href":"https:\/\/tixtools.com.ar\/inicio\/wp-json\/wp\/v2\/media?parent=1113"}],"curies":[{"name":"wp","href":"https:\/\/api.w.org\/{rel}","templated":true}]}}