{"id":1097,"date":"2024-08-04T17:34:16","date_gmt":"2024-08-04T20:34:16","guid":{"rendered":"https:\/\/tixtools.com.ar\/inicio\/?page_id=1097"},"modified":"2024-08-04T17:34:16","modified_gmt":"2024-08-04T20:34:16","slug":"como-negociar-con-vendedores-erp-inflexibles","status":"publish","type":"page","link":"https:\/\/tixtools.com.ar\/inicio\/como-negociar-con-vendedores-erp-inflexibles\/","title":{"rendered":"Como negociar con vendedores ERP inflexibles"},"content":{"rendered":"\n<div class=\"wp-block-columns is-layout-flex wp-container-core-columns-layout-1 wp-block-columns-is-layout-flex\">\n<div class=\"wp-block-column is-layout-flow wp-block-column-is-layout-flow\">\n<figure class=\"wp-block-image size-full\"><img loading=\"lazy\" decoding=\"async\" width=\"645\" height=\"429\" src=\"https:\/\/tixtools.com.ar\/wp-content\/uploads\/2024\/08\/Vendedor-ERP.jpg\" alt=\"\" class=\"wp-image-1098\" srcset=\"https:\/\/tixtools.com.ar\/wp-content\/uploads\/2024\/08\/Vendedor-ERP.jpg 645w, https:\/\/tixtools.com.ar\/wp-content\/uploads\/2024\/08\/Vendedor-ERP-300x200.jpg 300w\" sizes=\"(max-width: 645px) 100vw, 645px\" \/><\/figure>\n<\/div>\n\n\n\n<div class=\"wp-block-column is-layout-flow wp-block-column-is-layout-flow\">\n<p>Hace pocos d\u00edas recib\u00ed la invitaci\u00f3n por Linkedin para participar de un foro virtual alrededor del tema del t\u00edtulo. En efecto, llevo m\u00e1s de tres d\u00e9cadas de trayectoria profesional de ambos lados del mostrador: tanto <strong>como proveedor<\/strong> (vendor) de soluciones ERP, como tambi\u00e9n como <strong>consultor neutral <\/strong>de empresas en el proceso de selecci\u00f3n de su proveedor ERP.<\/p>\n<\/div>\n<\/div>\n\n\n\n<p>Hay que tener presente que el grado de (in)flexibilidad de un vendor depende esencialmente de 2 factores: 1) De <strong>su posicionamiento en el mercado<\/strong> (quien es o se siente lider seguramente ser\u00e1 menos flexible y 2) De <strong>mi propio &#8216;encaprichamiento&#8217;<\/strong> con un proveedor o marca de soft en particular.<\/p>\n\n\n\n<p>Sobre el primero de estos dif\u00edcilmente pueda yo influir \u2026 los <strong>&#8216;tope de gama&#8217;<\/strong> suelen venir acompa\u00f1ados por una buena cuota de soberbia \u2026 tanto si voy a comprar un ERP como un autom\u00f3vil o indumentaria deportiva. Las <strong>&#8216;segundas marcas&#8217; <\/strong>suelen ser bastante m\u00e1s flexibles.<\/p>\n\n\n\n<p>Respecto del segundo factor puede que tenga cierta libertad de elecci\u00f3n o no \u2026 muchas veces son <strong>definiciones corporativas <\/strong>o <strong>inclinaciones de la Direcci\u00f3n<\/strong> las que (pre)definen uno en particular. En cualquier caso es conveniente &#8216;generar competencia&#8217; y tener entre 3 y 4 vendors preseleccionados (y que todos sepan quienes son sus competidores). Aunque uno de ellos sea &#8216;el caballo del comisario&#8217;, sabiendo que hay otros en carrera tal vez se esfuerce un poco m\u00e1s.<\/p>\n\n\n\n<p>Vamos a enumerar ahora los pasos recomendados para que <strong>no solo la negociaci\u00f3n con el proveedor resulte exitosa<\/strong>, sino que tambi\u00e9n lo sea el resultado de la implementaci\u00f3n:<\/p>\n\n\n\n<ol>\n<li>Defina el <strong>ALCANCE del proyecto<\/strong>. Esto es el conjunto de las funcionalidades a cubrir por el sistema a implementar. Como m\u00ednimo una enumeraci\u00f3n de los grupos funcionales, la lista de las transacciones soportadas en cada grupo y los correspondientes consultas y reportes. Si pueden detallarse \/ ilustrarse mediante croquis u hojas de c\u00e1lculo mejor a\u00fan.<\/li>\n<\/ol>\n\n\n\n<p>En cuanto a lo anterior, es importante que los sectores involucrados especifiquen <strong>no solamente sus necesidades inform\u00e1ticas ACTUALES<\/strong> sino m\u00e1s bien l<strong>as que necesitar\u00e1n para los pr\u00f3ximos 5 a 10 a\u00f1os<\/strong>. Con todo respeto por la opini\u00f3n de mi colega de que estamos entrando en una suerte de &#8216;matrimonio&#8217; con el proveedor del soft, puedo asegurar con fundamento que <strong>un divorcio es mucho m\u00e1s sencillo (y econ\u00f3mico) que cambiar mi sistema de gesti\u00f3n.<\/strong><\/p>\n\n\n\n<ol start=\"2\">\n<li>Resulta \u00fatil \u2013 casi dir\u00eda imprescindible \u2013 el <strong>dividir el alcance anteriormente definido en varias ETAPAS<\/strong>, siempre que cada una de estas etapas produzca un <strong>resultado aut\u00f3nomo<\/strong>, plenamente utilizable y funcional, <strong>sin depender de etapas posteriores<\/strong>. Y que cada etapa pueda <strong>completarse en plazos razonables de no m\u00e1s de 2 a 3 meses.<\/strong><\/li>\n\n\n\n<li>Si va a reemplazar un sistema pre-existente, aseg\u00farese de que <strong>el alcance definido cubra TODAS las funcionalidades del viejo sistema<\/strong> \u2026 en estos casos es <strong>imprescindible que NADA FALTE<\/strong> \u2026 lo que sobra (en cuanto a resultados, se entiende) no deber\u00eda molestar.<\/li>\n\n\n\n<li>Respecto de los costos, tenga presente que <strong>todo el tema licencias, horas de consultor\u00eda y capacitaci\u00f3n es lo m\u00e1s barato de todo el asunto<\/strong>. <strong>Los verdaderos costos son los ocultos<\/strong>: a) Tiempos del personal propio para capacitaciones y pr\u00e1cticas, b) Operaci\u00f3n en paralelo, c) Recolecci\u00f3n de datos para &#8216;alimentar&#8217; al nuevo sistema, d) Riesgo de p\u00e9rdida de informaci\u00f3n. <strong>Trate de evaluarlos<\/strong>.<\/li>\n\n\n\n<li>Si hay alguna funcionalidad que el proveedor la tiene &#8216;en desarrollo&#8217; o &#8216;a desarrollar&#8217; <strong>que comprometa plazos en que estar\u00e1 disponible<\/strong> \u2026 si acepta multas por retraso mucho mejor.<\/li>\n\n\n\n<li>Finalmente res\u00edstase a la tentaci\u00f3n de aprovechar la implementaci\u00f3n de un nuevo software para hacer re-ingenier\u00eda de procesos. <strong>H\u00e1gala antes \u2026 o despu\u00e9s<\/strong>. En simult\u00e1neo <strong>es probable que terminen en fracaso<\/strong> \u2026 ambos: la re-ingenier\u00eda como la implementaci\u00f3n del soft.<\/li>\n\n\n\n<li>Tenga presente que enfrentar\u00e1 <strong>resistencias pasivas y activas<\/strong> por parte del personal. Todo cambio \u2013 a\u00fan cuando objetivamente sea para mejor &#8211; saca a la gente de su <strong>&#8216;zona de confort&#8217;<\/strong>, lo cual inevitablemente disparar\u00e1 la conocida <strong>&#8216;resistencia al cambio&#8217;<\/strong>. A ello se pueden agregar &#8216;ansiedades persecutorias&#8217; disparadas por el hecho previsible de que <strong>el nuevo sistema detecte y evite errores de procedimiento<\/strong> y\/o haga que numerosas tareas que se ven\u00edan haciendo manualmente devengan innecesarias. Estese preparado para enfrentar estas resistencias y eventuales rebeliones y <strong>tenga a la mano las acciones contingentes y correctivas correspondientes.<\/strong><\/li>\n<\/ol>\n\n\n\n<p>Si est\u00e1 pensando en implementar un nuevo sistema de gesti\u00f3n, cont\u00e1ctenos a <a href=\"mailto:info@tixtools.com.ar\">info@tixtools.com.ar<\/a> , telef\u00f3nicamente o por Whatsapp al +54 9 11 3430 4617 y recibir\u00e1 en forma totalmente gratuita nuestra <strong>Gu\u00eda de Relevamiento TIXTOOLS<\/strong> que le ayudar\u00e1 a definir el alcance de su proyecto y armar el plan de implementaci\u00f3n.<\/p>\n\n\n\n<p>Lo esperamos !<\/p>\n","protected":false},"excerpt":{"rendered":"<p>Hace pocos d\u00edas recib\u00ed la invitaci\u00f3n por Linkedin para participar de un foro virtual alrededor del tema del t\u00edtulo. En efecto, llevo m\u00e1s de tres d\u00e9cadas de trayectoria profesional de&hellip;<\/p>\n","protected":false},"author":1,"featured_media":0,"parent":0,"menu_order":0,"comment_status":"closed","ping_status":"closed","template":"","meta":{"sfsi_plus_gutenberg_text_before_share":"","sfsi_plus_gutenberg_show_text_before_share":"","sfsi_plus_gutenberg_icon_type":"","sfsi_plus_gutenberg_icon_alignemt":"","sfsi_plus_gutenburg_max_per_row":"","footnotes":""},"_links":{"self":[{"href":"https:\/\/tixtools.com.ar\/inicio\/wp-json\/wp\/v2\/pages\/1097"}],"collection":[{"href":"https:\/\/tixtools.com.ar\/inicio\/wp-json\/wp\/v2\/pages"}],"about":[{"href":"https:\/\/tixtools.com.ar\/inicio\/wp-json\/wp\/v2\/types\/page"}],"author":[{"embeddable":true,"href":"https:\/\/tixtools.com.ar\/inicio\/wp-json\/wp\/v2\/users\/1"}],"replies":[{"embeddable":true,"href":"https:\/\/tixtools.com.ar\/inicio\/wp-json\/wp\/v2\/comments?post=1097"}],"version-history":[{"count":1,"href":"https:\/\/tixtools.com.ar\/inicio\/wp-json\/wp\/v2\/pages\/1097\/revisions"}],"predecessor-version":[{"id":1099,"href":"https:\/\/tixtools.com.ar\/inicio\/wp-json\/wp\/v2\/pages\/1097\/revisions\/1099"}],"wp:attachment":[{"href":"https:\/\/tixtools.com.ar\/inicio\/wp-json\/wp\/v2\/media?parent=1097"}],"curies":[{"name":"wp","href":"https:\/\/api.w.org\/{rel}","templated":true}]}}