{"id":1077,"date":"2024-07-02T12:40:48","date_gmt":"2024-07-02T15:40:48","guid":{"rendered":"https:\/\/tixtools.com.ar\/inicio\/?page_id=1077"},"modified":"2024-07-02T12:40:48","modified_gmt":"2024-07-02T15:40:48","slug":"secuencia-de-elaboracion-en-produccion-pharma","status":"publish","type":"page","link":"https:\/\/tixtools.com.ar\/inicio\/secuencia-de-elaboracion-en-produccion-pharma\/","title":{"rendered":"Secuencia de Elaboraci\u00f3n en Producci\u00f3n Pharma"},"content":{"rendered":"\n<div class=\"wp-block-columns is-layout-flex wp-container-core-columns-layout-1 wp-block-columns-is-layout-flex\">\n<div class=\"wp-block-column is-layout-flow wp-block-column-is-layout-flow\">\n<figure class=\"wp-block-image size-full\"><img loading=\"lazy\" decoding=\"async\" width=\"646\" height=\"430\" src=\"https:\/\/tixtools.com.ar\/wp-content\/uploads\/2024\/07\/Imagen-Secuencia-de-Procesos-1.jpg\" alt=\"\" class=\"wp-image-1079\" srcset=\"https:\/\/tixtools.com.ar\/wp-content\/uploads\/2024\/07\/Imagen-Secuencia-de-Procesos-1.jpg 646w, https:\/\/tixtools.com.ar\/wp-content\/uploads\/2024\/07\/Imagen-Secuencia-de-Procesos-1-300x200.jpg 300w\" sizes=\"(max-width: 646px) 100vw, 646px\" \/><\/figure>\n<\/div>\n\n\n\n<div class=\"wp-block-column is-layout-flow wp-block-column-is-layout-flow\">\n<p>En muchas oportunidades nos han planteado el utilizar un software del tipo MRP (Material Requirements Planning \u2013 Planificaci\u00f3n de Requerimientos de Materiales) para el c\u00e1lculo de los <strong>tiempos de elaboraci\u00f3n en procesos industriales<\/strong> y en particular pharma.<\/p>\n\n\n\n<p><\/p>\n<\/div>\n<\/div>\n\n\n\n<p>Argumentan los partidarios de esta idea que en \u00faltima instancia el tiempo (de m\u00e1quina o de mano de obra directa) <strong>puede considerarse un insumo m\u00e1s<\/strong> como lo son las materias primas activas, los exciepientes y el material de empaque.<\/p>\n\n\n\n<p>De hecho son varios los paquetes de software que simplemente permiten incluir los tiempos de elaboraci\u00f3n <strong>como parte de la f\u00f3rmula de producto<\/strong>, eventualmente con una simple &#8216;marca&#8217; indicando que se trata de tiempo y no de material.<\/p>\n\n\n\n<p>Si lo que buscamos es <strong>exclusivamente determinar el costo directo<\/strong> de un producto el criterio me parece aceptable, siempre que los tiempos reales de elaboraci\u00f3n sean razonablemente pr\u00f3ximos a los est\u00e1ndares. Determinar los est\u00e1ndares de mano de obra en operaciones no automatizadas suele ser menuda tarea, incluso para un especialista, de modo que los &#8216;desv\u00edos&#8217; pueden ser sumamente significativos.<\/p>\n\n\n\n<p>Pero a\u00fan dejando de lado el problema de determinar con exactitud el insumo &#8216;tiempo&#8217; (de m\u00e1quina o mano de obra directa) requerido para determinada f\u00f3rmula, resulta que hay varios motivos que hacen que <strong>un c\u00e1lculo MRP sea claramente insuficiente para una programaci\u00f3n de los tiempos de elaboraci\u00f3n<\/strong>:<\/p>\n\n\n\n<ol>\n<li>El recurso &#8216;tiempo&#8217; <strong>se consume aunque no lo est\u00e9 utilizando<\/strong>. A diferencia de cualquier insumo material, la m\u00e1quina parada o el operario inactivo igual consumen su tiempo \u2026 a\u00fan cuando el mismo no se incorpore al producto.<\/li>\n\n\n\n<li>Las operaciones de manufactura deben necesariamente <strong>desarrollarse en un cierto orden<\/strong>, y muchas veces (no siempre) una operaci\u00f3n no puede iniciarse hasta tanto se haya concluido lo anterior. En una producci\u00f3n pharma de comprimidos una secuencia habitual podr\u00eda ser a) fraccionamiento; b) mezcla; c) compresi\u00f3n, d) laqueado o revestimiento; e) blisteado; f) estuchado. La b) no puede iniciarse antes de concluida la a) y la c) debe esperar a que finalice la b); en las restantes podr\u00eda suceder (bajo ciertas condiciones que exceden el alcance de esta nota) un cierto &#8216;solapamiento&#8217;.<\/li>\n\n\n\n<li>Complementariamente al punto anterior, cuando un equipo (u operario) est\u00e1 ejecutando determinada operaci\u00f3n, <strong>se encuentra &#8216;indisponible&#8217; para cualquier otra operaci\u00f3n<\/strong>. Hablamos de <strong>&#8216;capacidad finita&#8217;<\/strong> a diferencia de los insumos materiales los cuales en general (hay excepciones) pueden programarse a &#8216;capacidad infinita&#8217;.<\/li>\n<\/ol>\n\n\n\n<p>Por los puntos detallados m\u00e1s algunos complementos es que <strong>TIXTOOLS le da un tratamiento espec\u00edfico<\/strong> al tema de los tiempos y plazos de elaboraci\u00f3n, mediante un sub-sistema (add-on) de <strong>&#8216;Secuenciaci\u00f3n de Carga de M\u00e1quinas&#8217;.<\/strong><\/p>\n\n\n\n<p>La meta y resultado principal de este proceso es <strong>determinar el orden de las sucesivas operaciones de manufactura<\/strong> correspondientes a las m\u00faltiples ordenes de producci\u00f3n en proceso. Este orden propuesto conocido como &#8216;programaci\u00f3n&#8217; se basa a las siguientes reglas:<\/p>\n\n\n\n<ol style=\"list-style-type:lower-alpha\">\n<li>Para cada O\/P <strong>las operaciones se ejecutan en forma consecutiva<\/strong>, siguiendo el orden y duraci\u00f3n establecidos en la secuencia de operaciones del producto.<\/li>\n\n\n\n<li>Salvo que se defina solapamiento de operaciones sucesivas, <strong>ninguna operaci\u00f3n puede iniciar antes de conclu\u00edda la operaci\u00f3n anterior<\/strong>.<\/li>\n\n\n\n<li><strong>No puede haber m\u00e1s de una operaci\u00f3n programada simultaneamente<\/strong> sobre el mismo equipo (o asignada al mismo operario)<\/li>\n\n\n\n<li>Las operaciones <strong>ya iniciadas tienen prioridad <\/strong>sobre las simplemente proyectadas.<\/li>\n<\/ol>\n\n\n\n<p>En base a las reglas anteriores el sistema de <strong>Secuenciaci\u00f3n de Carga TIXTOOLS<\/strong> asigna per\u00edodos de tiempo (fecha-hora de inicio y fecha-hora de finalizaci\u00f3n) a cada uno de los recursos productivos; sean equipos o mano de obra directa, mediante un proceso de c\u00e1lculo en batch.<\/p>\n\n\n\n<p>El orden de procesamiento de cada una de las O\/P&#8217;s puede <strong>establecerse y modificarse<\/strong> manualmente en forma directa o indirectamente asignando niveles de prioridad a cada O\/P.<\/p>\n\n\n\n<p>El resultado principal es una planilla de secuenciaci\u00f3n de carga de m\u00e1quinas en <strong>formato de gr\u00e1fica de Gantt.<\/strong> Cada barra representa una operaci\u00f3n programada y las l\u00edneas rojas vinculan las sucesivas operaciones de la misma orden.<\/p>\n\n\n<div class=\"wp-block-image\">\n<figure class=\"aligncenter size-full\"><img loading=\"lazy\" decoding=\"async\" width=\"661\" height=\"433\" src=\"https:\/\/tixtools.com.ar\/wp-content\/uploads\/2024\/07\/Gantt-Secuencia-de-Carga.jpg\" alt=\"\" class=\"wp-image-1081\" srcset=\"https:\/\/tixtools.com.ar\/wp-content\/uploads\/2024\/07\/Gantt-Secuencia-de-Carga.jpg 661w, https:\/\/tixtools.com.ar\/wp-content\/uploads\/2024\/07\/Gantt-Secuencia-de-Carga-300x197.jpg 300w\" sizes=\"(max-width: 661px) 100vw, 661px\" \/><\/figure><\/div>\n\n\n<p>Los mismos resultados se presentan tambi\u00e9n en formatos de <strong>tablas de secuencia de carga<\/strong> por O\/P y tambi\u00e9n por equipo y operario.<\/p>\n\n\n\n<p>Dos sub-productos importantes del proceso son los siguientes:<\/p>\n\n\n\n<ol>\n<li>La determinaci\u00f3n del ETA (fecha y hora estimada de terminaci\u00f3n) de cada O\/P y junto con el  eventual <strong>retraso \/ adelantamiento respecto de lo solicitado<\/strong>.<\/li>\n\n\n\n<li>Siendo que aparecen &#8216;vac\u00edos&#8217; en los cuales no aparecen operaciones programadas, el sistema determina la <strong>&#8216;densidad de carga&#8217;<\/strong>. Corriendo el proceso de secuenciaci\u00f3n con distintos ordenamientos o prioridades, podemos <strong>optimizar la densidad de carga<\/strong> correspondiente a cada simulaci\u00f3n. En resumen, una herramienta que en minutos permite optimizar la utilizaci\u00f3n de los recursos productivos y <strong>reducir los plazos de entrega<\/strong>, asumiendo una tarea que desarrollada manualmente insume mucho tiempo y produce inevitables errores.<\/li>\n<\/ol>\n\n\n\n<p>Si tienes demoras en tus entregas o un <strong>&#8216;cuello de botella&#8217; en tu capacidad instalada<\/strong> \u00bf por qu\u00e9 no tenemos una charla acerca de <strong>lo que puede hacer TIXTOOLS<\/strong> por la optimizaci\u00f3n del aprovechamiento de tu capacidad ? Y por tu bolsillo, porque <strong>adquirir m\u00e1quinas, tercerizar operaciones o tomar personal cuesta much\u00edsimo m\u00e1s que implementar un sistema decente<\/strong>. E incluso interfasearlo con tu ERP que seguramente cumple su funci\u00f3n administrativo contable a la perfecci\u00f3n.<\/p>\n\n\n\n<p>Llamame (<strong>+54 9 11 3430 4617<\/strong>) o escribeme (<a href=\"mailto:ebauer@tixtools.com.ar\"><strong>ebauer@tixtools.com.ar<\/strong><\/a>) para m\u00e1s informaci\u00f3n.<\/p>\n\n\n\n<p>Ing. Ernesto Pablo Bauer Egerer<br>TIXTOOLS Soluciones &#8211; Director<\/p>\n","protected":false},"excerpt":{"rendered":"<p>En muchas oportunidades nos han planteado el utilizar un software del tipo MRP (Material Requirements Planning \u2013 Planificaci\u00f3n de Requerimientos de Materiales) para el c\u00e1lculo de los tiempos de elaboraci\u00f3n&hellip;<\/p>\n","protected":false},"author":1,"featured_media":0,"parent":0,"menu_order":0,"comment_status":"closed","ping_status":"closed","template":"","meta":{"sfsi_plus_gutenberg_text_before_share":"","sfsi_plus_gutenberg_show_text_before_share":"","sfsi_plus_gutenberg_icon_type":"","sfsi_plus_gutenberg_icon_alignemt":"","sfsi_plus_gutenburg_max_per_row":"","footnotes":""},"_links":{"self":[{"href":"https:\/\/tixtools.com.ar\/inicio\/wp-json\/wp\/v2\/pages\/1077"}],"collection":[{"href":"https:\/\/tixtools.com.ar\/inicio\/wp-json\/wp\/v2\/pages"}],"about":[{"href":"https:\/\/tixtools.com.ar\/inicio\/wp-json\/wp\/v2\/types\/page"}],"author":[{"embeddable":true,"href":"https:\/\/tixtools.com.ar\/inicio\/wp-json\/wp\/v2\/users\/1"}],"replies":[{"embeddable":true,"href":"https:\/\/tixtools.com.ar\/inicio\/wp-json\/wp\/v2\/comments?post=1077"}],"version-history":[{"count":2,"href":"https:\/\/tixtools.com.ar\/inicio\/wp-json\/wp\/v2\/pages\/1077\/revisions"}],"predecessor-version":[{"id":1082,"href":"https:\/\/tixtools.com.ar\/inicio\/wp-json\/wp\/v2\/pages\/1077\/revisions\/1082"}],"wp:attachment":[{"href":"https:\/\/tixtools.com.ar\/inicio\/wp-json\/wp\/v2\/media?parent=1077"}],"curies":[{"name":"wp","href":"https:\/\/api.w.org\/{rel}","templated":true}]}}