{"id":1070,"date":"2024-06-25T18:24:32","date_gmt":"2024-06-25T21:24:32","guid":{"rendered":"https:\/\/tixtools.com.ar\/inicio\/?page_id=1070"},"modified":"2024-06-25T18:24:32","modified_gmt":"2024-06-25T21:24:32","slug":"ajuste-de-potencia-en-gestion-de-stocks-pharma","status":"publish","type":"page","link":"https:\/\/tixtools.com.ar\/inicio\/ajuste-de-potencia-en-gestion-de-stocks-pharma\/","title":{"rendered":"Ajuste de Potencia en Gesti\u00f3n de Stocks Pharma"},"content":{"rendered":"\n<div class=\"wp-block-columns is-layout-flex wp-container-core-columns-layout-1 wp-block-columns-is-layout-flex\">\n<div class=\"wp-block-column is-layout-flow wp-block-column-is-layout-flow\">\n<figure class=\"wp-block-image size-full\"><img loading=\"lazy\" decoding=\"async\" width=\"473\" height=\"315\" src=\"https:\/\/tixtools.com.ar\/wp-content\/uploads\/2024\/06\/Produccion-Farmaceutica.jpg\" alt=\"\" class=\"wp-image-1071\" srcset=\"https:\/\/tixtools.com.ar\/wp-content\/uploads\/2024\/06\/Produccion-Farmaceutica.jpg 473w, https:\/\/tixtools.com.ar\/wp-content\/uploads\/2024\/06\/Produccion-Farmaceutica-300x200.jpg 300w\" sizes=\"(max-width: 473px) 100vw, 473px\" \/><\/figure>\n<\/div>\n\n\n\n<div class=\"wp-block-column is-layout-flow wp-block-column-is-layout-flow\">\n<p>Nos preguntan con frecuencia cu\u00e1l es la ventaja o necesidad de implementar un <strong>software espec\u00edfico para la gesti\u00f3n de producci\u00f3n farmac\u00e9utica<\/strong>.<\/p>\n\n\n\n<p>Argumentan que al fin y al cabo para la generaci\u00f3n, seguimiento y cierre de las ordenes de producci\u00f3n, una planilla excel (r) y algo de \u201cma\u00f1a\u201d tendr\u00eda que ser suficiente.<\/p>\n<\/div>\n<\/div>\n\n\n\n<p>Y en cuanto a los stocks, sea de materias primas, semielaborados y productos terminados, al fin y al cabo <strong>no es m\u00e1s que un juego de sumas y restas<\/strong>. Y en \u00faltima instancia por qu\u00e9 no utilizar el m\u00f3dulo de stocks e inventarios que viene incluido en la mayor\u00eda (no todos) los paquetes ERP.<\/p>\n\n\n\n<p>Respecto de la hoja de c\u00e1lculo como plataforma de un sistema de gesti\u00f3n mi opini\u00f3n (fundada en m\u00e1s de 3 d\u00e9cadas de experiencia industrial y acad\u00e9mica) es conocida y se resume en:<\/p>\n\n\n\n<ol>\n<li><strong>La propia flexibilidad de la planilla excel es la que la hace peligrosa<\/strong>. Un involuntario error de digitaci\u00f3n (p.ej. un cero de m\u00e1s) puede inadvertidamente propagarse con resultados catastr\u00f3ficos. Sin mecanismos de validaci\u00f3n (que por cierto pueden implementarse &#8211; muy trabajosamente &#8211; mediante macros) tendr\u00edamos &#8216;colgada&#8217; nuestra planta de <strong>una plataforma esencialmente insegura<\/strong>.<\/li>\n\n\n\n<li>Excel (como otras hojas de c\u00e1lculo y en general todas las aplicaciones de Office) es <strong>b\u00e1sicamente monousuario<\/strong>. Si bien obviamente puedo en segundos generar una copia, a partir de ah\u00ed cada &#8216;clon&#8217; del original pasa a tener vida propia. De <strong>compartir datos con seguridad<\/strong> de que est\u00e1n sincronizados mejor ni hablar.<\/li>\n\n\n\n<li>Last but not least, he visto desarrollos admirables, sumamente elaborados y muy funcionales en excel. El problema surge cuando su autor (que es el \u00fanico que lo sabe operar) <strong>se va de vacaciones, renuncia, se enferma o se muere<\/strong> (he visto de los cuatro casos). <strong>El excel desaparece junto con su autor<\/strong>.<\/li>\n<\/ol>\n\n\n\n<p>De modo que, en resumen, <strong>dejemos el excel para simulaciones y prototipos<\/strong>, donde constituye una herramienta invaluable.<\/p>\n\n\n\n<p>Respecto de usar el m\u00f3dulo de stocks e inventarios de mi ERP ya existente (o eventualmente de un software WMS \u2013 Warehouse Management System \u2013 incluso hay versiones free que se pueden bajar de Internet \u2026 implementarlos es otra cosa) hay que tener presente:<\/p>\n\n\n\n<ol>\n<li>No todos los sistemas WMS o de stocks <strong>manejan lotes<\/strong>, requerimiento innegociable en industria pharma<\/li>\n\n\n\n<li>A\u00fan cumpliendo lo anterior, \u00bf permite aplicar <strong>pol\u00edticas de consumo FIFO, FEFO<\/strong> u otra(s) en forma autom\u00e1tica ? Es decir, al generar una Orden de Producci\u00f3n, \u00bf ese WMS explora y explota autom\u00e1ticamente la f\u00f3rmula de producto asignando los lotes a consumir acorde con la pol\u00edtica predefinida ? Porque si lo tengo que hacer manualmente, menuda tarea !<\/li>\n\n\n\n<li>Y a\u00fan cuando automatice FEFO (lo habitual para activos y excipientes) o FIFO (p.ej para embalajes) \u2026 \u00bf ese WMS <strong>realiza autom\u00e1ticamente el ajuste por t\u00edtulo o potencia<\/strong> de los lotes de activos ? Porque si la f\u00f3rmula pide 1 Kg y el lote asignado tiene un t\u00edtulo del 90 %, el sistema deber\u00eda realizar el correspondiente ajuste, asignando \u2013 en el caso del ejemplo \u2013 1,11 Kilos. Si son varios los activos o varios lotes del mismo el problema se multiplica exponencialmente.<\/li>\n\n\n\n<li>Finalmente lo anterior es unicamente el ajuste de potencia primario. Tambien es necesario que el sistema realice el <strong>ajuste secundario del excipiente<\/strong> para que el producto (p.ej un comprimido) no termine &#8216;pesando de m\u00e1s&#8217;.<\/li>\n<\/ol>\n\n\n\n<p>Si tu WMS, m\u00f3dulo de stocks o planilla excel hace todo eso, m\u00e1s <strong>alertas de vencimiento<\/strong> y rean\u00e1lisis, <strong>trazabilidad <\/strong>ascendente y descendente, manejo de <strong>cuarentenas<\/strong>, aprobados y rechazados, <strong>liberaci\u00f3n de lotes<\/strong>, gesti\u00f3n de <strong>ubicaciones<\/strong> respetando las <strong>reglas de segregaci\u00f3n<\/strong> de ANMAT, FDA y restantes agencias de control, y que adem\u00e1s sea <strong>multiusuario y de procesamiento concurrente<\/strong>, entonces felicitaciones ! \u2026 tienes un sistema que no solamente maneja adecuadamente tus stocks e inventarios sino que adem\u00e1s <strong>probablemente sea validable por la autoridad regulatoria.<\/strong><\/p>\n\n\n\n<p>Pero si te falta alguno de esos puntos, \u00bf por qu\u00e9 no tenemos una charla acerca de <strong>lo que puede hacer TIXTOOLS por tus inventarios<\/strong> ? Y por tu bolsillo, porque una gesti\u00f3n de inventarios mediocre o mala cuesta much\u00edsimo m\u00e1s que <strong>implementar un sistema decente. E incluso interfasearlo con tu ERP<\/strong> que seguramente cumple su funci\u00f3n administrativo contable a la perfecci\u00f3n.<\/p>\n\n\n\n<p>Llamame (+54 9 11 3430 4617) o escribeme (<a href=\"mailto:ebauer@tixtools.com.ar\">ebauer@tixtools.com.ar<\/a>) para m\u00e1s informaci\u00f3n.<\/p>\n\n\n\n<p>Ing. Ernesto Pablo Bauer Egerer<br>TIXTOOLS Soluciones &#8211; Director<\/p>\n","protected":false},"excerpt":{"rendered":"<p>Nos preguntan con frecuencia cu\u00e1l es la ventaja o necesidad de implementar un software espec\u00edfico para la gesti\u00f3n de producci\u00f3n farmac\u00e9utica. Argumentan que al fin y al cabo para la&hellip;<\/p>\n","protected":false},"author":1,"featured_media":0,"parent":0,"menu_order":0,"comment_status":"closed","ping_status":"closed","template":"","meta":{"sfsi_plus_gutenberg_text_before_share":"","sfsi_plus_gutenberg_show_text_before_share":"","sfsi_plus_gutenberg_icon_type":"","sfsi_plus_gutenberg_icon_alignemt":"","sfsi_plus_gutenburg_max_per_row":"","footnotes":""},"_links":{"self":[{"href":"https:\/\/tixtools.com.ar\/inicio\/wp-json\/wp\/v2\/pages\/1070"}],"collection":[{"href":"https:\/\/tixtools.com.ar\/inicio\/wp-json\/wp\/v2\/pages"}],"about":[{"href":"https:\/\/tixtools.com.ar\/inicio\/wp-json\/wp\/v2\/types\/page"}],"author":[{"embeddable":true,"href":"https:\/\/tixtools.com.ar\/inicio\/wp-json\/wp\/v2\/users\/1"}],"replies":[{"embeddable":true,"href":"https:\/\/tixtools.com.ar\/inicio\/wp-json\/wp\/v2\/comments?post=1070"}],"version-history":[{"count":1,"href":"https:\/\/tixtools.com.ar\/inicio\/wp-json\/wp\/v2\/pages\/1070\/revisions"}],"predecessor-version":[{"id":1072,"href":"https:\/\/tixtools.com.ar\/inicio\/wp-json\/wp\/v2\/pages\/1070\/revisions\/1072"}],"wp:attachment":[{"href":"https:\/\/tixtools.com.ar\/inicio\/wp-json\/wp\/v2\/media?parent=1070"}],"curies":[{"name":"wp","href":"https:\/\/api.w.org\/{rel}","templated":true}]}}