{"id":1061,"date":"2024-06-18T16:07:24","date_gmt":"2024-06-18T19:07:24","guid":{"rendered":"https:\/\/tixtools.com.ar\/inicio\/?page_id=1061"},"modified":"2024-06-18T16:07:24","modified_gmt":"2024-06-18T19:07:24","slug":"trazabilidad-de-transacciones","status":"publish","type":"page","link":"https:\/\/tixtools.com.ar\/inicio\/trazabilidad-de-transacciones\/","title":{"rendered":"Trazabilidad de Transacciones"},"content":{"rendered":"\n<p>Acerca de la <strong>Trazabilidad de Transacciones en Sistemas de Gesti\u00f3n<\/strong><\/p>\n\n\n\n<div class=\"wp-block-columns is-layout-flex wp-container-core-columns-layout-1 wp-block-columns-is-layout-flex\">\n<div class=\"wp-block-column is-layout-flow wp-block-column-is-layout-flow\">\n<figure class=\"wp-block-image size-full\"><img loading=\"lazy\" decoding=\"async\" width=\"589\" height=\"350\" src=\"https:\/\/tixtools.com.ar\/wp-content\/uploads\/2024\/06\/Trazabilidad.jpg\" alt=\"\" class=\"wp-image-1062\" srcset=\"https:\/\/tixtools.com.ar\/wp-content\/uploads\/2024\/06\/Trazabilidad.jpg 589w, https:\/\/tixtools.com.ar\/wp-content\/uploads\/2024\/06\/Trazabilidad-300x178.jpg 300w\" sizes=\"(max-width: 589px) 100vw, 589px\" \/><\/figure>\n<\/div>\n\n\n\n<div class=\"wp-block-column is-layout-flow wp-block-column-is-layout-flow\">\n<p>La noci\u00f3n de trazabilidad ha cobrado extraordinario impulso en las \u00faltimas d\u00e9cadas. As\u00ed sea para conocer qu\u00e9 insumos componentes o ingredientes se utilizaron para determinado producto, o bien al rev\u00e9s en qu\u00e9 producto(s) se consumi\u00f3 determinado insumo. <\/p>\n<\/div>\n<\/div>\n\n\n\n<p>Tambi\u00e9n para seguir la trayectoria de un env\u00edo desde su origen al destino. Resulta que la trazabilidad est\u00e1 en todas partes, incluso de la vida cotidiana.<\/p>\n\n\n\n<p>En el caso de las industrias manufactureras, con la farmac\u00e9utica a la cabeza, la trazabilidad es la que permite a) asegurar el resultado (que el producto tenga efectivamente las propiedades y caracter\u00edsticas proyectadas) y b) en caso de un desv\u00edo identificar r\u00e1pidamente d\u00f3nde y por qu\u00e9 se produjo y emprender las correspondientes acciones correctivas.<\/p>\n\n\n\n<p>Los sistemas TIXTOOLS (en particular el vertical Pharma) por supuesto incluyen las herramientas de trazabilidad descendente y ascendente mencionadas en el primer parrafo. Otros softwares de gesti\u00f3n de manufactura tambi\u00e9n lo posibilitan.<\/p>\n\n\n\n<p>Pero TIXTOOLS va un paso m\u00e1s all\u00e1, aplicando la noci\u00f3n de trazabilidad a la propia operaci\u00f3n del sistema de gesti\u00f3n. En un sistema multiusuario operado por varios (o muchos) operadores esto significa responder al menos a las siguientes cuestiones:<\/p>\n\n\n\n<ul>\n<li>Qui\u00e9n (qu\u00e9 usuario) realiz\u00f3 \/ intento realizar qu\u00e9 transacci\u00f3n (o consulta) y en qu\u00e9 momento.<\/li>\n\n\n\n<li>Cu\u00e1l fue el resultado de esa transacci\u00f3n \/ consulta<\/li>\n<\/ul>\n\n\n\n<p>TIXTOOLS resuelve estas dos cuestiones mediante el mecanismo de &#8216;Auditoria de transacciones&#8217; que en forma transparente al usuario (o sea autom\u00e1ticamente e invisible para este) registra mediante firma electr\u00f3nica y timestamp la operaci\u00f3n realizada y su resultado. Este registro de auditor\u00eda es funcionalidad standard de todos los sistemas TIXTOOLS (excepto los freeware) y puede ser libremente consultado por el supervisor del sistema.<\/p>\n\n\n\n<p>Los mecanismos de firma electr\u00f3nica y timestamp est\u00e1n recostados en lo que prescribe la norma FDA CFR 21 \u2013 parte 11 en cuando a la validez e inoponibilidad de las firmas electr\u00f3nicas. Am\u00e9n de ser uno de los fundamentos gracias al cual el TIXTOOLS Pharma resulta ser plenamente &#8216;validable&#8217;.<\/p>\n\n\n\n<p>A lo anterior TIXTOOLS agrega una autom\u00e1tica generacion de comprobantes de respaldo del estado de la pantalla al momento de aprobar la transacci\u00f3n, que puede consultarse con posterioridad mediante el &#8216;Visualizador de Comprobantes&#8217;.<\/p>\n\n\n\n<p>Finalmente TIXTOOLS genera para cada usuario un log-file o &#8216;bit\u00e1cora de operaci\u00f3n&#8217; en la que quedan registrados secuencialmente todos los incidentes significativos o cr\u00edticos ocurridos durante la operaci\u00f3n del sistema. Si bien esta bit\u00e1cora no es accesible por los usuarios (tampoco el supervisor), es una herramienta sumamente valiosa al momento de controlar y monitorear el correcto funcionamiento del sistema.<\/p>\n\n\n\n<p>Por \u00faltimo TIXTOOLS incluye un mecanismo de notificaciones autom\u00e1ticas (excepto los freeware) que al realizar una transacci\u00f3n permite generar un aviso a otros sectores dentro y fuera de la empresa. As\u00ed, por ejemplo, la recepci\u00f3n de una materia prima puede disparar una notificaci\u00f3n autom\u00e1tica al sector de calidad para que este realice el control correspondiente o a la contadur\u00eda para que autorice el pago. Estas notificaciones son libremente configurables por la empresa usuaria (con privilegios de supervisor)<\/p>\n\n\n\n<p>La trazabilidad de transacciones que incorpora TIXTOOLS resulta de valor incalculable al momento de asignar \/ revocar permisos de usuarios.<\/p>\n\n\n\n<p>Y vuestro sistema de gesti\u00f3n de producci\u00f3n, \u00bf Tiene estos mecanismos de control de trazabilidad ? Y si no los tiene \u2026 \u00bf no ser\u00e1 el momento de cambiar por un soft de clase mundial ?<\/p>\n\n\n\n<p>Cont\u00e1ctenos a <a href=\"mailto:info@tixtools.com.ar\">info@tixtools.com.ar<\/a> , telef\u00f3nicamente o por Whatsapp al +54 9 11 3430 4617.<\/p>\n\n\n\n<p>Le esperamos !<\/p>\n","protected":false},"excerpt":{"rendered":"<p>Acerca de la Trazabilidad de Transacciones en Sistemas de Gesti\u00f3n La noci\u00f3n de trazabilidad ha cobrado extraordinario impulso en las \u00faltimas d\u00e9cadas. As\u00ed sea para conocer qu\u00e9 insumos componentes o&hellip;<\/p>\n","protected":false},"author":1,"featured_media":0,"parent":0,"menu_order":0,"comment_status":"closed","ping_status":"closed","template":"","meta":{"sfsi_plus_gutenberg_text_before_share":"","sfsi_plus_gutenberg_show_text_before_share":"","sfsi_plus_gutenberg_icon_type":"","sfsi_plus_gutenberg_icon_alignemt":"","sfsi_plus_gutenburg_max_per_row":"","footnotes":""},"_links":{"self":[{"href":"https:\/\/tixtools.com.ar\/inicio\/wp-json\/wp\/v2\/pages\/1061"}],"collection":[{"href":"https:\/\/tixtools.com.ar\/inicio\/wp-json\/wp\/v2\/pages"}],"about":[{"href":"https:\/\/tixtools.com.ar\/inicio\/wp-json\/wp\/v2\/types\/page"}],"author":[{"embeddable":true,"href":"https:\/\/tixtools.com.ar\/inicio\/wp-json\/wp\/v2\/users\/1"}],"replies":[{"embeddable":true,"href":"https:\/\/tixtools.com.ar\/inicio\/wp-json\/wp\/v2\/comments?post=1061"}],"version-history":[{"count":2,"href":"https:\/\/tixtools.com.ar\/inicio\/wp-json\/wp\/v2\/pages\/1061\/revisions"}],"predecessor-version":[{"id":1064,"href":"https:\/\/tixtools.com.ar\/inicio\/wp-json\/wp\/v2\/pages\/1061\/revisions\/1064"}],"wp:attachment":[{"href":"https:\/\/tixtools.com.ar\/inicio\/wp-json\/wp\/v2\/media?parent=1061"}],"curies":[{"name":"wp","href":"https:\/\/api.w.org\/{rel}","templated":true}]}}