{"id":1027,"date":"2024-06-13T15:25:44","date_gmt":"2024-06-13T18:25:44","guid":{"rendered":"https:\/\/tixtools.com.ar\/inicio\/?page_id=1027"},"modified":"2024-06-13T15:49:17","modified_gmt":"2024-06-13T18:49:17","slug":"acerca-de-la-inteligencia-artificial","status":"publish","type":"page","link":"https:\/\/tixtools.com.ar\/inicio\/acerca-de-la-inteligencia-artificial\/","title":{"rendered":"Acerca de la Inteligencia Artificial"},"content":{"rendered":"\n<p>Inteligencia Artificial &#8211; \u00bf Objetivamente Peligrosa ?<\/p>\n\n\n\n<div class=\"wp-block-columns is-layout-flex wp-container-core-columns-layout-1 wp-block-columns-is-layout-flex\">\n<div class=\"wp-block-column is-layout-flow wp-block-column-is-layout-flow\">\n<figure class=\"wp-block-image size-full\"><img loading=\"lazy\" decoding=\"async\" width=\"610\" height=\"317\" src=\"https:\/\/tixtools.com.ar\/wp-content\/uploads\/2024\/06\/Inteligencia-Artificial.jpg\" alt=\"\" class=\"wp-image-1035\" srcset=\"https:\/\/tixtools.com.ar\/wp-content\/uploads\/2024\/06\/Inteligencia-Artificial.jpg 610w, https:\/\/tixtools.com.ar\/wp-content\/uploads\/2024\/06\/Inteligencia-Artificial-300x156.jpg 300w\" sizes=\"(max-width: 610px) 100vw, 610px\" \/><\/figure>\n<\/div>\n\n\n\n<div class=\"wp-block-column is-layout-flow wp-block-column-is-layout-flow\">\n<p>Hace ya varias semanas que venimos escuchando gritos e improperios en contra de la inteligencia artificial. Mientras provengan de personajes con probada habilidad para los negocios pero escas\u00edsimos m\u00e9ritos cient\u00edficos y t\u00e9cnicos nada me parece preocupante.<\/p>\n<\/div>\n<\/div>\n\n\n\n<p>Hace ya varias semanas que venimos escuchando gritos e improperios en contra de la inteligencia artificial. Mientras provengan de personajes con probada habilidad para los negocios pero escas\u00edsimos m\u00e9ritos cient\u00edficos y t\u00e9cnicos nada me parece preocupante.<\/p>\n\n\n\n<p>El argumento para reclamar la detenci\u00f3n \u2013 por alg\u00fan tiempo \u2013 de &#8216;toda investigaci\u00f3n sobre IA&#8217; es que &#8216;ser\u00eda altamente peligrosa&#8217;. Bueno, tambi\u00e9n un martillo es peligroso \u2026 si me machuco un dedo. Si en cambio lo uso para un clavo en la pared y colgar un lindo cuadro \u2026 \u00bf Donde esta el peligro ?<\/p>\n\n\n\n<p>Si ahondamos m\u00e1s (un poco apenas) podr\u00edamos estar en presencia de un cl\u00e1sico mecanismo de proyecci\u00f3n negativa (ver https:\/\/es.wikipedia.org\/wiki\/Proyeccion_(psicologia)) donde quien afirma que la IA es peligrosa en realidad est\u00e1 manifestando &#8216;Yo soy peligroso&#8217;. Cuando eramos chicos rechaz\u00e1bamos el bullying (que todav\u00eda no ten\u00eda esa denominaci\u00f3n) con un \u201cel que lo dice lo es \u2026\u201d que viene a ser lo mismo pero con menos academicismo.<\/p>\n\n\n\n<p>En resumidas cuentas, no creo que la IA sea OBJETIVAMENTE peligrosa u hostil. S\u00ed puede ser peligroso el uso que algunos puedan darle. De hecho tengo sinnumeros de experiencias personales donde elementos de IA actuaron como protectores e incluso salvadores.<\/p>\n\n\n\n<p>Hace ya m\u00e1s de tres cuartos de siglo el genial Isaac Asimov formul\u00f3 sus tres leyes de la rob\u00f3tica que creo que hoy tendr\u00edamos que desempolvar y obligar que se inscriba en el firmware de todo dispositivo y mecanismo con IA:<\/p>\n\n\n\n<ol>\n<li>Un robot no har\u00e1 da\u00f1o a un ser humano, ni por inacci\u00f3n permitir\u00e1 que un ser humano sufra da\u00f1o.<\/li>\n\n\n\n<li>Un robot debe cumplir las \u00f3rdenes dadas por los seres humanos, a excepci\u00f3n de aquellas que entren en conflicto con la primera ley.<\/li>\n\n\n\n<li>Un robot debe proteger su propia existencia en la medida en que esta protecci\u00f3n no entre en conflicto con la primera o con la segunda ley.<\/li>\n<\/ol>\n\n\n\n<p>Cito en su versi\u00f3n original \u2026 donde dice &#8216;robot&#8217; podemos poner &#8216;IA&#8217; sin que nada esencial cambie.<\/p>\n\n\n\n<p>\u00bf Que te parece ? Con estas reglas \u2013 cumplidas a rajatabla &#8211; \u00bf no ha lugar una IA m\u00e1s nutricia que hostil ?<\/p>\n\n\n\n<p>D\u00e9jame tus comentarios<\/p>\n","protected":false},"excerpt":{"rendered":"<p>Inteligencia Artificial &#8211; \u00bf Objetivamente Peligrosa ? Hace ya varias semanas que venimos escuchando gritos e improperios en contra de la inteligencia artificial. Mientras provengan de personajes con probada habilidad&hellip;<\/p>\n","protected":false},"author":1,"featured_media":0,"parent":0,"menu_order":0,"comment_status":"closed","ping_status":"closed","template":"","meta":{"sfsi_plus_gutenberg_text_before_share":"","sfsi_plus_gutenberg_show_text_before_share":"","sfsi_plus_gutenberg_icon_type":"","sfsi_plus_gutenberg_icon_alignemt":"","sfsi_plus_gutenburg_max_per_row":"","footnotes":""},"_links":{"self":[{"href":"https:\/\/tixtools.com.ar\/inicio\/wp-json\/wp\/v2\/pages\/1027"}],"collection":[{"href":"https:\/\/tixtools.com.ar\/inicio\/wp-json\/wp\/v2\/pages"}],"about":[{"href":"https:\/\/tixtools.com.ar\/inicio\/wp-json\/wp\/v2\/types\/page"}],"author":[{"embeddable":true,"href":"https:\/\/tixtools.com.ar\/inicio\/wp-json\/wp\/v2\/users\/1"}],"replies":[{"embeddable":true,"href":"https:\/\/tixtools.com.ar\/inicio\/wp-json\/wp\/v2\/comments?post=1027"}],"version-history":[{"count":5,"href":"https:\/\/tixtools.com.ar\/inicio\/wp-json\/wp\/v2\/pages\/1027\/revisions"}],"predecessor-version":[{"id":1036,"href":"https:\/\/tixtools.com.ar\/inicio\/wp-json\/wp\/v2\/pages\/1027\/revisions\/1036"}],"wp:attachment":[{"href":"https:\/\/tixtools.com.ar\/inicio\/wp-json\/wp\/v2\/media?parent=1027"}],"curies":[{"name":"wp","href":"https:\/\/api.w.org\/{rel}","templated":true}]}}